{"id":357,"date":"2021-09-06T14:59:01","date_gmt":"2021-09-06T14:59:01","guid":{"rendered":"https:\/\/castelbaiedesomme.com\/?page_id=357"},"modified":"2025-01-31T14:26:48","modified_gmt":"2025-01-31T14:26:48","slug":"alcove","status":"publish","type":"page","link":"http:\/\/castelbaiedesomme.com\/en\/alcove\/","title":{"rendered":"Alc\u00f4ve"},"content":{"rendered":"<div class=\"wp-block-cover alignfull is-light\" style=\"min-height:800px;aspect-ratio:unset;\"><span aria-hidden=\"true\" class=\"wp-block-cover__background has-background-dim-0 has-background-dim\"><\/span><img loading=\"lazy\" decoding=\"async\" width=\"2560\" height=\"1700\" class=\"wp-block-cover__image-background wp-image-398\" alt=\"\" src=\"https:\/\/castelbaiedesomme.com\/wp-content\/uploads\/2021\/09\/DSC_7681-scaled.jpg\" data-object-fit=\"cover\" srcset=\"https:\/\/castelbaiedesomme.com\/wp-content\/uploads\/2021\/09\/DSC_7681-scaled.jpg 2560w, https:\/\/castelbaiedesomme.com\/wp-content\/uploads\/2021\/09\/DSC_7681-300x199.jpg 300w, https:\/\/castelbaiedesomme.com\/wp-content\/uploads\/2021\/09\/DSC_7681-1024x680.jpg 1024w, https:\/\/castelbaiedesomme.com\/wp-content\/uploads\/2021\/09\/DSC_7681-768x510.jpg 768w, https:\/\/castelbaiedesomme.com\/wp-content\/uploads\/2021\/09\/DSC_7681-1536x1020.jpg 1536w, https:\/\/castelbaiedesomme.com\/wp-content\/uploads\/2021\/09\/DSC_7681-2048x1360.jpg 2048w, https:\/\/castelbaiedesomme.com\/wp-content\/uploads\/2021\/09\/DSC_7681-1600x1063.jpg 1600w\" sizes=\"auto, (max-width: 2560px) 100vw, 2560px\" \/><div class=\"wp-block-cover__inner-container is-layout-flow wp-block-cover-is-layout-flow\">\n<h2 class=\"wp-block-heading alignwide has-text-color\" style=\"color:#f8f4e4;font-size:64px\">Alc\u00f4ve.<\/h2>\n\n\n\n<div class=\"wp-block-columns alignwide is-layout-flex wp-container-core-columns-is-layout-9d6595d7 wp-block-columns-is-layout-flex\">\n<div class=\"wp-block-column is-layout-flow wp-block-column-is-layout-flow\" style=\"flex-basis:55%\">\n<div style=\"height:330px\" aria-hidden=\"true\" class=\"wp-block-spacer\"><\/div>\n<\/div>\n\n\n\n<div class=\"wp-block-column is-layout-flow wp-block-column-is-layout-flow\"><\/div>\n<\/div>\n<\/div><\/div>\n\n\n\n<div style=\"height:100px\" aria-hidden=\"true\" class=\"wp-block-spacer\"><\/div>\n\n\n\n<p>La chambre&nbsp;double&nbsp;par\u00e9e de couleurs douces et reposantes vous enchante par son atmosph\u00e8re romantique.<br>The reclining chair is ideal for relaxing of reading.<\/p>\n\n\n\n<p>You dispose of:<br>\u2013 Une chambre avec lit de 160*200 cm, au c\u0153ur de l\u2019alc\u00f4ve, face \u00e0 la chemin\u00e9e&nbsp;<br>- A bathroom with a free-standing bath<br>- Flat screen TV and internet access<br><br>No smoking and no pets allowed.<\/p>\n\n\n\n<p>View over Bay.<\/p>\n\n\n\n<p>Located on the 2nd floor of the house.\u00a0\u00a0<\/p>\n\n\n\n<p>\u00a0\u00a0<\/p>\n\n\n\n<div style=\"height:100px\" aria-hidden=\"true\" class=\"wp-block-spacer\"><\/div>\n\n\n\n<figure class=\"wp-block-gallery has-nested-images columns-default is-cropped has-lightbox wp-block-gallery-1 is-layout-flex wp-block-gallery-is-layout-flex\">\n<figure class=\"wp-block-image size-large\"><img loading=\"lazy\" decoding=\"async\" width=\"656\" height=\"1024\" data-id=\"1175\" src=\"https:\/\/castelbaiedesomme.com\/wp-content\/uploads\/2022\/03\/DSC_5159-656x1024.jpg\" alt=\"\" class=\"wp-image-1175\" srcset=\"https:\/\/castelbaiedesomme.com\/wp-content\/uploads\/2022\/03\/DSC_5159-656x1024.jpg 656w, https:\/\/castelbaiedesomme.com\/wp-content\/uploads\/2022\/03\/DSC_5159-192x300.jpg 192w, https:\/\/castelbaiedesomme.com\/wp-content\/uploads\/2022\/03\/DSC_5159-768x1199.jpg 768w, https:\/\/castelbaiedesomme.com\/wp-content\/uploads\/2022\/03\/DSC_5159-984x1536.jpg 984w, https:\/\/castelbaiedesomme.com\/wp-content\/uploads\/2022\/03\/DSC_5159-1312x2048.jpg 1312w, https:\/\/castelbaiedesomme.com\/wp-content\/uploads\/2022\/03\/DSC_5159-8x12.jpg 8w, https:\/\/castelbaiedesomme.com\/wp-content\/uploads\/2022\/03\/DSC_5159-1600x2498.jpg 1600w, https:\/\/castelbaiedesomme.com\/wp-content\/uploads\/2022\/03\/DSC_5159-scaled.jpg 1640w\" sizes=\"auto, (max-width: 656px) 100vw, 656px\" \/><\/figure>\n\n\n\n<figure class=\"wp-block-image size-large\"><img loading=\"lazy\" decoding=\"async\" width=\"680\" height=\"1024\" data-id=\"1173\" src=\"https:\/\/castelbaiedesomme.com\/wp-content\/uploads\/2022\/03\/DSC_5147-680x1024.jpg\" alt=\"\" class=\"wp-image-1173\" srcset=\"https:\/\/castelbaiedesomme.com\/wp-content\/uploads\/2022\/03\/DSC_5147-680x1024.jpg 680w, https:\/\/castelbaiedesomme.com\/wp-content\/uploads\/2022\/03\/DSC_5147-199x300.jpg 199w, https:\/\/castelbaiedesomme.com\/wp-content\/uploads\/2022\/03\/DSC_5147-768x1156.jpg 768w, https:\/\/castelbaiedesomme.com\/wp-content\/uploads\/2022\/03\/DSC_5147-1020x1536.jpg 1020w, https:\/\/castelbaiedesomme.com\/wp-content\/uploads\/2022\/03\/DSC_5147-1360x2048.jpg 1360w, https:\/\/castelbaiedesomme.com\/wp-content\/uploads\/2022\/03\/DSC_5147-8x12.jpg 8w, https:\/\/castelbaiedesomme.com\/wp-content\/uploads\/2022\/03\/DSC_5147-1600x2409.jpg 1600w, https:\/\/castelbaiedesomme.com\/wp-content\/uploads\/2022\/03\/DSC_5147-scaled.jpg 1700w\" sizes=\"auto, (max-width: 680px) 100vw, 680px\" \/><\/figure>\n\n\n\n<figure class=\"wp-block-image size-large\"><img loading=\"lazy\" decoding=\"async\" width=\"680\" height=\"1024\" data-id=\"1174\" src=\"https:\/\/castelbaiedesomme.com\/wp-content\/uploads\/2022\/03\/DSC_7685-680x1024.jpg\" alt=\"\" class=\"wp-image-1174\" srcset=\"https:\/\/castelbaiedesomme.com\/wp-content\/uploads\/2022\/03\/DSC_7685-680x1024.jpg 680w, https:\/\/castelbaiedesomme.com\/wp-content\/uploads\/2022\/03\/DSC_7685-199x300.jpg 199w, https:\/\/castelbaiedesomme.com\/wp-content\/uploads\/2022\/03\/DSC_7685-768x1156.jpg 768w, https:\/\/castelbaiedesomme.com\/wp-content\/uploads\/2022\/03\/DSC_7685-1020x1536.jpg 1020w, https:\/\/castelbaiedesomme.com\/wp-content\/uploads\/2022\/03\/DSC_7685-1360x2048.jpg 1360w, https:\/\/castelbaiedesomme.com\/wp-content\/uploads\/2022\/03\/DSC_7685-8x12.jpg 8w, https:\/\/castelbaiedesomme.com\/wp-content\/uploads\/2022\/03\/DSC_7685-1600x2409.jpg 1600w, https:\/\/castelbaiedesomme.com\/wp-content\/uploads\/2022\/03\/DSC_7685-scaled.jpg 1700w\" sizes=\"auto, (max-width: 680px) 100vw, 680px\" \/><\/figure>\n\n\n\n<figure class=\"wp-block-image size-large\"><img loading=\"lazy\" decoding=\"async\" width=\"680\" height=\"1024\" data-id=\"396\" src=\"https:\/\/castelbaiedesomme.com\/wp-content\/uploads\/2021\/09\/DSC_5133-2-680x1024.jpg\" alt=\"\" class=\"wp-image-396\" srcset=\"https:\/\/castelbaiedesomme.com\/wp-content\/uploads\/2021\/09\/DSC_5133-2-680x1024.jpg 680w, https:\/\/castelbaiedesomme.com\/wp-content\/uploads\/2021\/09\/DSC_5133-2-199x300.jpg 199w, https:\/\/castelbaiedesomme.com\/wp-content\/uploads\/2021\/09\/DSC_5133-2-768x1156.jpg 768w, https:\/\/castelbaiedesomme.com\/wp-content\/uploads\/2021\/09\/DSC_5133-2-1020x1536.jpg 1020w, https:\/\/castelbaiedesomme.com\/wp-content\/uploads\/2021\/09\/DSC_5133-2-1360x2048.jpg 1360w, https:\/\/castelbaiedesomme.com\/wp-content\/uploads\/2021\/09\/DSC_5133-2-1600x2409.jpg 1600w, https:\/\/castelbaiedesomme.com\/wp-content\/uploads\/2021\/09\/DSC_5133-2-scaled.jpg 1700w\" sizes=\"auto, (max-width: 680px) 100vw, 680px\" \/><\/figure>\n\n\n\n<figure class=\"wp-block-image size-large\"><img loading=\"lazy\" decoding=\"async\" width=\"680\" height=\"1024\" data-id=\"1172\" src=\"https:\/\/castelbaiedesomme.com\/wp-content\/uploads\/2022\/03\/DSC_5126-2-680x1024.jpg\" alt=\"\" class=\"wp-image-1172\" srcset=\"https:\/\/castelbaiedesomme.com\/wp-content\/uploads\/2022\/03\/DSC_5126-2-680x1024.jpg 680w, https:\/\/castelbaiedesomme.com\/wp-content\/uploads\/2022\/03\/DSC_5126-2-199x300.jpg 199w, https:\/\/castelbaiedesomme.com\/wp-content\/uploads\/2022\/03\/DSC_5126-2-768x1156.jpg 768w, https:\/\/castelbaiedesomme.com\/wp-content\/uploads\/2022\/03\/DSC_5126-2-1020x1536.jpg 1020w, https:\/\/castelbaiedesomme.com\/wp-content\/uploads\/2022\/03\/DSC_5126-2-1360x2048.jpg 1360w, https:\/\/castelbaiedesomme.com\/wp-content\/uploads\/2022\/03\/DSC_5126-2-8x12.jpg 8w, https:\/\/castelbaiedesomme.com\/wp-content\/uploads\/2022\/03\/DSC_5126-2-1600x2409.jpg 1600w, https:\/\/castelbaiedesomme.com\/wp-content\/uploads\/2022\/03\/DSC_5126-2-scaled.jpg 1700w\" sizes=\"auto, (max-width: 680px) 100vw, 680px\" \/><\/figure>\n\n\n\n<figure class=\"wp-block-image size-large\"><img loading=\"lazy\" decoding=\"async\" width=\"1024\" height=\"680\" data-id=\"1177\" src=\"https:\/\/castelbaiedesomme.com\/wp-content\/uploads\/2022\/03\/DSC_7686-1024x680.jpg\" alt=\"\" class=\"wp-image-1177\" srcset=\"https:\/\/castelbaiedesomme.com\/wp-content\/uploads\/2022\/03\/DSC_7686-1024x680.jpg 1024w, https:\/\/castelbaiedesomme.com\/wp-content\/uploads\/2022\/03\/DSC_7686-300x199.jpg 300w, https:\/\/castelbaiedesomme.com\/wp-content\/uploads\/2022\/03\/DSC_7686-768x510.jpg 768w, https:\/\/castelbaiedesomme.com\/wp-content\/uploads\/2022\/03\/DSC_7686-1536x1020.jpg 1536w, https:\/\/castelbaiedesomme.com\/wp-content\/uploads\/2022\/03\/DSC_7686-2048x1360.jpg 2048w, https:\/\/castelbaiedesomme.com\/wp-content\/uploads\/2022\/03\/DSC_7686-18x12.jpg 18w, https:\/\/castelbaiedesomme.com\/wp-content\/uploads\/2022\/03\/DSC_7686-1600x1063.jpg 1600w\" sizes=\"auto, (max-width: 1024px) 100vw, 1024px\" \/><\/figure>\n\n\n\n<figure class=\"wp-block-image size-large\"><img loading=\"lazy\" decoding=\"async\" width=\"1024\" height=\"680\" data-id=\"1178\" src=\"https:\/\/castelbaiedesomme.com\/wp-content\/uploads\/2022\/03\/DSC_7681-1024x680.jpg\" alt=\"\" class=\"wp-image-1178\" srcset=\"https:\/\/castelbaiedesomme.com\/wp-content\/uploads\/2022\/03\/DSC_7681-1024x680.jpg 1024w, https:\/\/castelbaiedesomme.com\/wp-content\/uploads\/2022\/03\/DSC_7681-300x199.jpg 300w, https:\/\/castelbaiedesomme.com\/wp-content\/uploads\/2022\/03\/DSC_7681-768x510.jpg 768w, https:\/\/castelbaiedesomme.com\/wp-content\/uploads\/2022\/03\/DSC_7681-1536x1020.jpg 1536w, https:\/\/castelbaiedesomme.com\/wp-content\/uploads\/2022\/03\/DSC_7681-2048x1360.jpg 2048w, https:\/\/castelbaiedesomme.com\/wp-content\/uploads\/2022\/03\/DSC_7681-18x12.jpg 18w, https:\/\/castelbaiedesomme.com\/wp-content\/uploads\/2022\/03\/DSC_7681-1600x1063.jpg 1600w\" sizes=\"auto, (max-width: 1024px) 100vw, 1024px\" \/><\/figure>\n\n\n\n<figure class=\"wp-block-image size-large\"><img loading=\"lazy\" decoding=\"async\" width=\"1024\" height=\"680\" data-id=\"393\" src=\"https:\/\/castelbaiedesomme.com\/wp-content\/uploads\/2021\/09\/DSC_7683-1024x680.jpg\" alt=\"\" class=\"wp-image-393\" srcset=\"https:\/\/castelbaiedesomme.com\/wp-content\/uploads\/2021\/09\/DSC_7683-1024x680.jpg 1024w, https:\/\/castelbaiedesomme.com\/wp-content\/uploads\/2021\/09\/DSC_7683-300x199.jpg 300w, https:\/\/castelbaiedesomme.com\/wp-content\/uploads\/2021\/09\/DSC_7683-768x510.jpg 768w, https:\/\/castelbaiedesomme.com\/wp-content\/uploads\/2021\/09\/DSC_7683-1536x1020.jpg 1536w, https:\/\/castelbaiedesomme.com\/wp-content\/uploads\/2021\/09\/DSC_7683-2048x1360.jpg 2048w, https:\/\/castelbaiedesomme.com\/wp-content\/uploads\/2021\/09\/DSC_7683-1600x1063.jpg 1600w\" sizes=\"auto, (max-width: 1024px) 100vw, 1024px\" \/><\/figure>\n\n\n\n<figure class=\"wp-block-image size-large\"><img loading=\"lazy\" decoding=\"async\" width=\"550\" height=\"366\" data-id=\"1203\" src=\"https:\/\/castelbaiedesomme.com\/wp-content\/uploads\/2022\/03\/Alcove-Baignoire.jpg\" alt=\"\" class=\"wp-image-1203\" srcset=\"https:\/\/castelbaiedesomme.com\/wp-content\/uploads\/2022\/03\/Alcove-Baignoire.jpg 550w, https:\/\/castelbaiedesomme.com\/wp-content\/uploads\/2022\/03\/Alcove-Baignoire-300x200.jpg 300w, https:\/\/castelbaiedesomme.com\/wp-content\/uploads\/2022\/03\/Alcove-Baignoire-18x12.jpg 18w\" sizes=\"auto, (max-width: 550px) 100vw, 550px\" \/><\/figure>\n\n\n\n<figure class=\"wp-block-image size-large\"><img loading=\"lazy\" decoding=\"async\" width=\"1920\" height=\"2560\" data-id=\"1205\" src=\"https:\/\/castelbaiedesomme.com\/wp-content\/uploads\/2022\/03\/Alcove-Tete-de-lit-zoom-scaled.jpg\" alt=\"\" class=\"wp-image-1205\" srcset=\"https:\/\/castelbaiedesomme.com\/wp-content\/uploads\/2022\/03\/Alcove-Tete-de-lit-zoom-scaled.jpg 1920w, https:\/\/castelbaiedesomme.com\/wp-content\/uploads\/2022\/03\/Alcove-Tete-de-lit-zoom-225x300.jpg 225w, https:\/\/castelbaiedesomme.com\/wp-content\/uploads\/2022\/03\/Alcove-Tete-de-lit-zoom-768x1024.jpg 768w, https:\/\/castelbaiedesomme.com\/wp-content\/uploads\/2022\/03\/Alcove-Tete-de-lit-zoom-1152x1536.jpg 1152w, https:\/\/castelbaiedesomme.com\/wp-content\/uploads\/2022\/03\/Alcove-Tete-de-lit-zoom-1536x2048.jpg 1536w, https:\/\/castelbaiedesomme.com\/wp-content\/uploads\/2022\/03\/Alcove-Tete-de-lit-zoom-9x12.jpg 9w, https:\/\/castelbaiedesomme.com\/wp-content\/uploads\/2022\/03\/Alcove-Tete-de-lit-zoom-1600x2133.jpg 1600w\" sizes=\"auto, (max-width: 1920px) 100vw, 1920px\" \/><\/figure>\n\n\n\n<figure class=\"wp-block-image size-large\"><img loading=\"lazy\" decoding=\"async\" width=\"550\" height=\"366\" data-id=\"1204\" src=\"https:\/\/castelbaiedesomme.com\/wp-content\/uploads\/2022\/03\/Alcove-meridienne.jpg\" alt=\"\" class=\"wp-image-1204\" srcset=\"https:\/\/castelbaiedesomme.com\/wp-content\/uploads\/2022\/03\/Alcove-meridienne.jpg 550w, https:\/\/castelbaiedesomme.com\/wp-content\/uploads\/2022\/03\/Alcove-meridienne-300x200.jpg 300w, https:\/\/castelbaiedesomme.com\/wp-content\/uploads\/2022\/03\/Alcove-meridienne-18x12.jpg 18w\" sizes=\"auto, (max-width: 550px) 100vw, 550px\" \/><\/figure>\n\n\n\n<figure class=\"wp-block-image size-large\"><img loading=\"lazy\" decoding=\"async\" width=\"2048\" height=\"1536\" data-id=\"1206\" src=\"https:\/\/castelbaiedesomme.com\/wp-content\/uploads\/2022\/03\/Alcove-Tete-de-lit.jpg\" alt=\"\" class=\"wp-image-1206\" srcset=\"https:\/\/castelbaiedesomme.com\/wp-content\/uploads\/2022\/03\/Alcove-Tete-de-lit.jpg 2048w, https:\/\/castelbaiedesomme.com\/wp-content\/uploads\/2022\/03\/Alcove-Tete-de-lit-300x225.jpg 300w, https:\/\/castelbaiedesomme.com\/wp-content\/uploads\/2022\/03\/Alcove-Tete-de-lit-1024x768.jpg 1024w, https:\/\/castelbaiedesomme.com\/wp-content\/uploads\/2022\/03\/Alcove-Tete-de-lit-768x576.jpg 768w, https:\/\/castelbaiedesomme.com\/wp-content\/uploads\/2022\/03\/Alcove-Tete-de-lit-1536x1152.jpg 1536w, https:\/\/castelbaiedesomme.com\/wp-content\/uploads\/2022\/03\/Alcove-Tete-de-lit-16x12.jpg 16w, https:\/\/castelbaiedesomme.com\/wp-content\/uploads\/2022\/03\/Alcove-Tete-de-lit-1600x1200.jpg 1600w\" sizes=\"auto, (max-width: 2048px) 100vw, 2048px\" \/><\/figure>\n<\/figure>\n\n\n\n<div style=\"height:50px\" aria-hidden=\"true\" class=\"wp-block-spacer\"><\/div>","protected":false},"excerpt":{"rendered":"<p>La chambre&nbsp;double&nbsp;par\u00e9e de couleurs douces et reposantes vous enchante par son atmosph\u00e8re romantique.La m\u00e9ridienne invite au repos ou \u00e0 la lecture. Vous disposez de :\u2013 Une chambre avec lit de 160*200 cm, au c\u0153ur de l\u2019alc\u00f4ve, face \u00e0 la chemin\u00e9e&nbsp;\u2013 Une salle de bain avec baignoire sur pieds\u2013 TV \u00e9cran plat et acc\u00e8s Internet Chambre [&hellip;]<\/p>\n","protected":false},"author":2,"featured_media":0,"parent":0,"menu_order":0,"comment_status":"closed","ping_status":"closed","template":"","meta":{"_uag_custom_page_level_css":"","footnotes":""},"class_list":["post-357","page","type-page","status-publish","hentry"],"acf":[],"uagb_featured_image_src":{"full":false,"thumbnail":false,"medium":false,"medium_large":false,"large":false,"1536x1536":false,"2048x2048":false,"trp-custom-language-flag":false,"hero-image":false},"uagb_author_info":{"display_name":"Isabella Ravizza","author_link":"http:\/\/castelbaiedesomme.com\/en\/author\/isabella\/"},"uagb_comment_info":0,"uagb_excerpt":"La chambre&nbsp;double&nbsp;par\u00e9e de couleurs douces et reposantes vous enchante par son atmosph\u00e8re romantique.La m\u00e9ridienne invite au repos ou \u00e0 la lecture. Vous disposez de :\u2013 Une chambre avec lit de 160*200 cm, au c\u0153ur de l\u2019alc\u00f4ve, face \u00e0 la chemin\u00e9e&nbsp;\u2013 Une salle de bain avec baignoire sur pieds\u2013 TV \u00e9cran plat et acc\u00e8s Internet Chambre&hellip;","_links":{"self":[{"href":"http:\/\/castelbaiedesomme.com\/en\/wp-json\/wp\/v2\/pages\/357","targetHints":{"allow":["GET"]}}],"collection":[{"href":"http:\/\/castelbaiedesomme.com\/en\/wp-json\/wp\/v2\/pages"}],"about":[{"href":"http:\/\/castelbaiedesomme.com\/en\/wp-json\/wp\/v2\/types\/page"}],"author":[{"embeddable":true,"href":"http:\/\/castelbaiedesomme.com\/en\/wp-json\/wp\/v2\/users\/2"}],"replies":[{"embeddable":true,"href":"http:\/\/castelbaiedesomme.com\/en\/wp-json\/wp\/v2\/comments?post=357"}],"version-history":[{"count":18,"href":"http:\/\/castelbaiedesomme.com\/en\/wp-json\/wp\/v2\/pages\/357\/revisions"}],"predecessor-version":[{"id":2423,"href":"http:\/\/castelbaiedesomme.com\/en\/wp-json\/wp\/v2\/pages\/357\/revisions\/2423"}],"wp:attachment":[{"href":"http:\/\/castelbaiedesomme.com\/en\/wp-json\/wp\/v2\/media?parent=357"}],"curies":[{"name":"wp","href":"https:\/\/api.w.org\/{rel}","templated":true}]}}