{"id":1021,"date":"2022-02-07T11:04:36","date_gmt":"2022-02-07T11:04:36","guid":{"rendered":"https:\/\/castelbaiedesomme.com\/?page_id=1021"},"modified":"2022-04-23T06:58:54","modified_gmt":"2022-04-23T06:58:54","slug":"les-recettes-sucrees","status":"publish","type":"page","link":"https:\/\/castelbaiedesomme.com\/en\/les-recettes-sucrees\/","title":{"rendered":"Sweet recipes"},"content":{"rendered":"<h2 class=\"is-style-sub-title-2 wp-block-heading\" id=\"mes-recettes-sucrees\"><strong>Sweet recipes<\/strong><\/h2>\n\n\n\n<div style=\"height:50px\" aria-hidden=\"true\" class=\"wp-block-spacer\"><\/div>\n\n\n\n<div class=\"wp-block-media-text is-stacked-on-mobile is-image-fill is-style-card\"><figure class=\"wp-block-media-text__media\" style=\"background-image:url(https:\/\/castelbaiedesomme.com\/wp-content\/uploads\/2022\/03\/Brownies-1024x767.jpg);background-position:50% 50%\"><img loading=\"lazy\" decoding=\"async\" width=\"1024\" height=\"767\" src=\"https:\/\/castelbaiedesomme.com\/wp-content\/uploads\/2022\/03\/Brownies-1024x767.jpg\" alt=\"\" class=\"wp-image-1335 size-full\" srcset=\"https:\/\/castelbaiedesomme.com\/wp-content\/uploads\/2022\/03\/Brownies-1024x767.jpg 1024w, https:\/\/castelbaiedesomme.com\/wp-content\/uploads\/2022\/03\/Brownies-300x225.jpg 300w, https:\/\/castelbaiedesomme.com\/wp-content\/uploads\/2022\/03\/Brownies-768x575.jpg 768w, https:\/\/castelbaiedesomme.com\/wp-content\/uploads\/2022\/03\/Brownies-1536x1151.jpg 1536w, https:\/\/castelbaiedesomme.com\/wp-content\/uploads\/2022\/03\/Brownies-2048x1535.jpg 2048w, https:\/\/castelbaiedesomme.com\/wp-content\/uploads\/2022\/03\/Brownies-16x12.jpg 16w, https:\/\/castelbaiedesomme.com\/wp-content\/uploads\/2022\/03\/Brownies-1600x1199.jpg 1600w\" sizes=\"auto, (max-width: 1024px) 100vw, 1024px\" \/><\/figure><div class=\"wp-block-media-text__content\">\n<h2 class=\"is-style-sub-title-3 wp-block-heading\"><a href=\"https:\/\/castelbaiedesomme.com\/en\/brownies\/\" data-type=\"post\" data-id=\"2356\" target=\"_blank\" rel=\"noreferrer noopener\">Brownies<\/a><\/h2>\n<\/div><\/div>\n\n\n\n<div style=\"height:25px\" aria-hidden=\"true\" class=\"wp-block-spacer\"><\/div>\n\n\n\n<div class=\"wp-block-media-text is-stacked-on-mobile is-image-fill is-style-card\"><figure class=\"wp-block-media-text__media\" style=\"background-image:url(https:\/\/castelbaiedesomme.com\/wp-content\/uploads\/2022\/04\/kaffee_platzhalter-1024x576.jpg);background-position:90% 81%\"><img loading=\"lazy\" decoding=\"async\" width=\"1024\" height=\"576\" src=\"https:\/\/castelbaiedesomme.com\/wp-content\/uploads\/2022\/04\/kaffee_platzhalter-1024x576.jpg\" alt=\"\" class=\"wp-image-2295 size-full\" srcset=\"https:\/\/castelbaiedesomme.com\/wp-content\/uploads\/2022\/04\/kaffee_platzhalter-1024x576.jpg 1024w, https:\/\/castelbaiedesomme.com\/wp-content\/uploads\/2022\/04\/kaffee_platzhalter-300x169.jpg 300w, https:\/\/castelbaiedesomme.com\/wp-content\/uploads\/2022\/04\/kaffee_platzhalter-768x432.jpg 768w, https:\/\/castelbaiedesomme.com\/wp-content\/uploads\/2022\/04\/kaffee_platzhalter-1536x864.jpg 1536w, https:\/\/castelbaiedesomme.com\/wp-content\/uploads\/2022\/04\/kaffee_platzhalter-2048x1152.jpg 2048w, https:\/\/castelbaiedesomme.com\/wp-content\/uploads\/2022\/04\/kaffee_platzhalter-18x10.jpg 18w, https:\/\/castelbaiedesomme.com\/wp-content\/uploads\/2022\/04\/kaffee_platzhalter-1600x900.jpg 1600w\" sizes=\"auto, (max-width: 1024px) 100vw, 1024px\" \/><\/figure><div class=\"wp-block-media-text__content\">\n<h2 class=\"is-style-sub-title-3 wp-block-heading\"><a href=\"https:\/\/castelbaiedesomme.com\/en\/cake-a-la-confiture-doranges-ameres\/\" data-type=\"post\" data-id=\"429\" target=\"_blank\" rel=\"noreferrer noopener\">Cake \u00e0 la Confiture d\u2019Oranges Am\u00e8res<\/a><\/h2>\n<\/div><\/div>\n\n\n\n<div style=\"height:25px\" aria-hidden=\"true\" class=\"wp-block-spacer\"><\/div>\n\n\n\n<div class=\"wp-block-media-text is-stacked-on-mobile is-image-fill is-style-card\"><figure class=\"wp-block-media-text__media\" style=\"background-image:url(https:\/\/castelbaiedesomme.com\/wp-content\/uploads\/2022\/04\/kaffee_platzhalter-1024x576.jpg);background-position:92% 85%\"><img loading=\"lazy\" decoding=\"async\" width=\"1024\" height=\"576\" src=\"https:\/\/castelbaiedesomme.com\/wp-content\/uploads\/2022\/04\/kaffee_platzhalter-1024x576.jpg\" alt=\"\" class=\"wp-image-2295 size-full\" srcset=\"https:\/\/castelbaiedesomme.com\/wp-content\/uploads\/2022\/04\/kaffee_platzhalter-1024x576.jpg 1024w, https:\/\/castelbaiedesomme.com\/wp-content\/uploads\/2022\/04\/kaffee_platzhalter-300x169.jpg 300w, https:\/\/castelbaiedesomme.com\/wp-content\/uploads\/2022\/04\/kaffee_platzhalter-768x432.jpg 768w, https:\/\/castelbaiedesomme.com\/wp-content\/uploads\/2022\/04\/kaffee_platzhalter-1536x864.jpg 1536w, https:\/\/castelbaiedesomme.com\/wp-content\/uploads\/2022\/04\/kaffee_platzhalter-2048x1152.jpg 2048w, https:\/\/castelbaiedesomme.com\/wp-content\/uploads\/2022\/04\/kaffee_platzhalter-18x10.jpg 18w, https:\/\/castelbaiedesomme.com\/wp-content\/uploads\/2022\/04\/kaffee_platzhalter-1600x900.jpg 1600w\" sizes=\"auto, (max-width: 1024px) 100vw, 1024px\" \/><\/figure><div class=\"wp-block-media-text__content\">\n<h2 class=\"is-style-sub-title-3 wp-block-heading\"><a href=\"https:\/\/castelbaiedesomme.com\/en\/clafoutis-de-framboises-et-pistaches\/\" data-type=\"post\" data-id=\"650\" target=\"_blank\" rel=\"noreferrer noopener\">Clafoutis de framboises et pistaches<\/a><\/h2>\n<\/div><\/div>\n\n\n\n<div style=\"height:25px\" aria-hidden=\"true\" class=\"wp-block-spacer\"><\/div>\n\n\n\n<div class=\"wp-block-media-text is-stacked-on-mobile is-image-fill is-style-card\"><figure class=\"wp-block-media-text__media\" style=\"background-image:url(https:\/\/castelbaiedesomme.com\/wp-content\/uploads\/2022\/04\/kaffee_platzhalter-1024x576.jpg);background-position:91% 86%\"><img loading=\"lazy\" decoding=\"async\" width=\"1024\" height=\"576\" src=\"https:\/\/castelbaiedesomme.com\/wp-content\/uploads\/2022\/04\/kaffee_platzhalter-1024x576.jpg\" alt=\"\" class=\"wp-image-2295 size-full\" srcset=\"https:\/\/castelbaiedesomme.com\/wp-content\/uploads\/2022\/04\/kaffee_platzhalter-1024x576.jpg 1024w, https:\/\/castelbaiedesomme.com\/wp-content\/uploads\/2022\/04\/kaffee_platzhalter-300x169.jpg 300w, https:\/\/castelbaiedesomme.com\/wp-content\/uploads\/2022\/04\/kaffee_platzhalter-768x432.jpg 768w, https:\/\/castelbaiedesomme.com\/wp-content\/uploads\/2022\/04\/kaffee_platzhalter-1536x864.jpg 1536w, https:\/\/castelbaiedesomme.com\/wp-content\/uploads\/2022\/04\/kaffee_platzhalter-2048x1152.jpg 2048w, https:\/\/castelbaiedesomme.com\/wp-content\/uploads\/2022\/04\/kaffee_platzhalter-18x10.jpg 18w, https:\/\/castelbaiedesomme.com\/wp-content\/uploads\/2022\/04\/kaffee_platzhalter-1600x900.jpg 1600w\" sizes=\"auto, (max-width: 1024px) 100vw, 1024px\" \/><\/figure><div class=\"wp-block-media-text__content\">\n<h2 class=\"is-style-sub-title-3 wp-block-heading\"><a href=\"https:\/\/castelbaiedesomme.com\/en\/clafoutis-de-peches-au-nougat\/\" data-type=\"post\" data-id=\"612\" target=\"_blank\" rel=\"noreferrer noopener\">Clafoutis de p\u00eaches au nougat<\/a><\/h2>\n<\/div><\/div>\n\n\n\n<div style=\"height:25px\" aria-hidden=\"true\" class=\"wp-block-spacer\"><\/div>\n\n\n\n<div class=\"wp-block-media-text is-stacked-on-mobile is-image-fill is-style-card\"><figure class=\"wp-block-media-text__media\" style=\"background-image:url(https:\/\/castelbaiedesomme.com\/wp-content\/uploads\/2022\/03\/Prepa-cookies-de-Flo-sortie-de-four--1024x768.jpg);background-position:50% 50%\"><img loading=\"lazy\" decoding=\"async\" width=\"1024\" height=\"768\" src=\"https:\/\/castelbaiedesomme.com\/wp-content\/uploads\/2022\/03\/Prepa-cookies-de-Flo-sortie-de-four--1024x768.jpg\" alt=\"\" class=\"wp-image-1251 size-full\" srcset=\"https:\/\/castelbaiedesomme.com\/wp-content\/uploads\/2022\/03\/Prepa-cookies-de-Flo-sortie-de-four--1024x768.jpg 1024w, https:\/\/castelbaiedesomme.com\/wp-content\/uploads\/2022\/03\/Prepa-cookies-de-Flo-sortie-de-four--300x225.jpg 300w, https:\/\/castelbaiedesomme.com\/wp-content\/uploads\/2022\/03\/Prepa-cookies-de-Flo-sortie-de-four--768x576.jpg 768w, https:\/\/castelbaiedesomme.com\/wp-content\/uploads\/2022\/03\/Prepa-cookies-de-Flo-sortie-de-four--1536x1152.jpg 1536w, https:\/\/castelbaiedesomme.com\/wp-content\/uploads\/2022\/03\/Prepa-cookies-de-Flo-sortie-de-four--2048x1536.jpg 2048w, https:\/\/castelbaiedesomme.com\/wp-content\/uploads\/2022\/03\/Prepa-cookies-de-Flo-sortie-de-four--16x12.jpg 16w, https:\/\/castelbaiedesomme.com\/wp-content\/uploads\/2022\/03\/Prepa-cookies-de-Flo-sortie-de-four--1600x1200.jpg 1600w\" sizes=\"auto, (max-width: 1024px) 100vw, 1024px\" \/><\/figure><div class=\"wp-block-media-text__content\">\n<h2 class=\"is-style-sub-title-3 wp-block-heading\"><a href=\"https:\/\/castelbaiedesomme.com\/en\/cookies-de-flo\/\" data-type=\"post\" data-id=\"604\" target=\"_blank\" rel=\"noreferrer noopener\">Cookies de Flo<\/a><\/h2>\n<\/div><\/div>\n\n\n\n<div style=\"height:25px\" aria-hidden=\"true\" class=\"wp-block-spacer\"><\/div>\n\n\n\n<div class=\"wp-block-media-text is-stacked-on-mobile is-image-fill is-style-card\"><figure class=\"wp-block-media-text__media\" style=\"background-image:url(https:\/\/castelbaiedesomme.com\/wp-content\/uploads\/2022\/04\/kaffee_platzhalter-1024x576.jpg);background-position:50% 50%\"><img loading=\"lazy\" decoding=\"async\" width=\"1024\" height=\"576\" src=\"https:\/\/castelbaiedesomme.com\/wp-content\/uploads\/2022\/04\/kaffee_platzhalter-1024x576.jpg\" alt=\"\" class=\"wp-image-2295 size-full\" srcset=\"https:\/\/castelbaiedesomme.com\/wp-content\/uploads\/2022\/04\/kaffee_platzhalter-1024x576.jpg 1024w, https:\/\/castelbaiedesomme.com\/wp-content\/uploads\/2022\/04\/kaffee_platzhalter-300x169.jpg 300w, https:\/\/castelbaiedesomme.com\/wp-content\/uploads\/2022\/04\/kaffee_platzhalter-768x432.jpg 768w, https:\/\/castelbaiedesomme.com\/wp-content\/uploads\/2022\/04\/kaffee_platzhalter-1536x864.jpg 1536w, https:\/\/castelbaiedesomme.com\/wp-content\/uploads\/2022\/04\/kaffee_platzhalter-2048x1152.jpg 2048w, https:\/\/castelbaiedesomme.com\/wp-content\/uploads\/2022\/04\/kaffee_platzhalter-18x10.jpg 18w, https:\/\/castelbaiedesomme.com\/wp-content\/uploads\/2022\/04\/kaffee_platzhalter-1600x900.jpg 1600w\" sizes=\"auto, (max-width: 1024px) 100vw, 1024px\" \/><\/figure><div class=\"wp-block-media-text__content\">\n<h2 class=\"is-style-sub-title-3 wp-block-heading\"><a href=\"https:\/\/castelbaiedesomme.com\/en\/crumble-aux-pommes-de-flo\/\" data-type=\"post\" data-id=\"534\" target=\"_blank\" rel=\"noreferrer noopener\">Crumble aux Pommes de Flo<\/a><\/h2>\n<\/div><\/div>\n\n\n\n<div style=\"height:25px\" aria-hidden=\"true\" class=\"wp-block-spacer\"><\/div>\n\n\n\n<div class=\"wp-block-media-text is-stacked-on-mobile is-image-fill is-style-card\"><figure class=\"wp-block-media-text__media\" style=\"background-image:url(https:\/\/castelbaiedesomme.com\/wp-content\/uploads\/2021\/09\/DSC_5423-scaled.jpg);background-position:35% 53%\"><img loading=\"lazy\" decoding=\"async\" width=\"1700\" height=\"2560\" src=\"https:\/\/castelbaiedesomme.com\/wp-content\/uploads\/2021\/09\/DSC_5423-scaled.jpg\" alt=\"\" class=\"wp-image-161 size-full\" srcset=\"https:\/\/castelbaiedesomme.com\/wp-content\/uploads\/2021\/09\/DSC_5423-scaled.jpg 1700w, https:\/\/castelbaiedesomme.com\/wp-content\/uploads\/2021\/09\/DSC_5423-199x300.jpg 199w, https:\/\/castelbaiedesomme.com\/wp-content\/uploads\/2021\/09\/DSC_5423-680x1024.jpg 680w, https:\/\/castelbaiedesomme.com\/wp-content\/uploads\/2021\/09\/DSC_5423-768x1156.jpg 768w, https:\/\/castelbaiedesomme.com\/wp-content\/uploads\/2021\/09\/DSC_5423-1020x1536.jpg 1020w, https:\/\/castelbaiedesomme.com\/wp-content\/uploads\/2021\/09\/DSC_5423-1360x2048.jpg 1360w, https:\/\/castelbaiedesomme.com\/wp-content\/uploads\/2021\/09\/DSC_5423-1600x2409.jpg 1600w\" sizes=\"auto, (max-width: 1700px) 100vw, 1700px\" \/><\/figure><div class=\"wp-block-media-text__content\">\n<h2 class=\"is-style-sub-title-3 wp-block-heading\"><a href=\"https:\/\/castelbaiedesomme.com\/en\/gateau-des-soeurs-montier\/\" data-type=\"post\" data-id=\"444\" target=\"_blank\" rel=\"noreferrer noopener\">G\u00e2teau des soeurs Montier<\/a><\/h2>\n<\/div><\/div>\n\n\n\n<div style=\"height:25px\" aria-hidden=\"true\" class=\"wp-block-spacer\"><\/div>\n\n\n\n<div class=\"wp-block-media-text is-stacked-on-mobile is-image-fill is-style-card\"><figure class=\"wp-block-media-text__media\" style=\"background-image:url(https:\/\/castelbaiedesomme.com\/wp-content\/uploads\/2022\/04\/kaffee_platzhalter-1024x576.jpg);background-position:50% 50%\"><img loading=\"lazy\" decoding=\"async\" width=\"1024\" height=\"576\" src=\"https:\/\/castelbaiedesomme.com\/wp-content\/uploads\/2022\/04\/kaffee_platzhalter-1024x576.jpg\" alt=\"\" class=\"wp-image-2295 size-full\" srcset=\"https:\/\/castelbaiedesomme.com\/wp-content\/uploads\/2022\/04\/kaffee_platzhalter-1024x576.jpg 1024w, https:\/\/castelbaiedesomme.com\/wp-content\/uploads\/2022\/04\/kaffee_platzhalter-300x169.jpg 300w, https:\/\/castelbaiedesomme.com\/wp-content\/uploads\/2022\/04\/kaffee_platzhalter-768x432.jpg 768w, https:\/\/castelbaiedesomme.com\/wp-content\/uploads\/2022\/04\/kaffee_platzhalter-1536x864.jpg 1536w, https:\/\/castelbaiedesomme.com\/wp-content\/uploads\/2022\/04\/kaffee_platzhalter-2048x1152.jpg 2048w, https:\/\/castelbaiedesomme.com\/wp-content\/uploads\/2022\/04\/kaffee_platzhalter-18x10.jpg 18w, https:\/\/castelbaiedesomme.com\/wp-content\/uploads\/2022\/04\/kaffee_platzhalter-1600x900.jpg 1600w\" sizes=\"auto, (max-width: 1024px) 100vw, 1024px\" \/><\/figure><div class=\"wp-block-media-text__content\">\n<h2 class=\"is-style-sub-title-3 wp-block-heading\"><a href=\"https:\/\/castelbaiedesomme.com\/en\/gateau-fondant-tres-chocolat\/\" data-type=\"post\" data-id=\"547\" target=\"_blank\" rel=\"noreferrer noopener\">G\u00e2teau Fondant tr\u00e8s Chocolat<\/a><\/h2>\n<\/div><\/div>\n\n\n\n<div style=\"height:25px\" aria-hidden=\"true\" class=\"wp-block-spacer\"><\/div>\n\n\n\n<div class=\"wp-block-media-text is-stacked-on-mobile is-image-fill is-style-card\"><figure class=\"wp-block-media-text__media\" style=\"background-image:url(https:\/\/castelbaiedesomme.com\/wp-content\/uploads\/2022\/03\/Madeleines--1024x1024.jpg);background-position:49% 37%\"><img loading=\"lazy\" decoding=\"async\" width=\"1024\" height=\"1024\" src=\"https:\/\/castelbaiedesomme.com\/wp-content\/uploads\/2022\/03\/Madeleines--1024x1024.jpg\" alt=\"\" class=\"wp-image-1342 size-full\" srcset=\"https:\/\/castelbaiedesomme.com\/wp-content\/uploads\/2022\/03\/Madeleines--1024x1024.jpg 1024w, https:\/\/castelbaiedesomme.com\/wp-content\/uploads\/2022\/03\/Madeleines--300x300.jpg 300w, https:\/\/castelbaiedesomme.com\/wp-content\/uploads\/2022\/03\/Madeleines--150x150.jpg 150w, https:\/\/castelbaiedesomme.com\/wp-content\/uploads\/2022\/03\/Madeleines--768x768.jpg 768w, https:\/\/castelbaiedesomme.com\/wp-content\/uploads\/2022\/03\/Madeleines--1536x1536.jpg 1536w, https:\/\/castelbaiedesomme.com\/wp-content\/uploads\/2022\/03\/Madeleines--2048x2048.jpg 2048w, https:\/\/castelbaiedesomme.com\/wp-content\/uploads\/2022\/03\/Madeleines--12x12.jpg 12w, https:\/\/castelbaiedesomme.com\/wp-content\/uploads\/2022\/03\/Madeleines--1600x1600.jpg 1600w\" sizes=\"auto, (max-width: 1024px) 100vw, 1024px\" \/><\/figure><div class=\"wp-block-media-text__content\">\n<h2 class=\"is-style-sub-title-3 wp-block-heading\"><a href=\"https:\/\/castelbaiedesomme.com\/en\/madeleines-rhum-raisins\/\" data-type=\"post\" data-id=\"640\" target=\"_blank\" rel=\"noreferrer noopener\">Madeleines Rhum \u2013 Raisins<\/a><\/h2>\n<\/div><\/div>\n\n\n\n<div style=\"height:25px\" aria-hidden=\"true\" class=\"wp-block-spacer\"><\/div>\n\n\n\n<div class=\"wp-block-media-text is-stacked-on-mobile is-image-fill is-style-card\"><figure class=\"wp-block-media-text__media\" style=\"background-image:url(https:\/\/castelbaiedesomme.com\/wp-content\/uploads\/2022\/03\/Meringues-1024x1024.jpg);background-position:49% 59%\"><img loading=\"lazy\" decoding=\"async\" width=\"1024\" height=\"1024\" src=\"https:\/\/castelbaiedesomme.com\/wp-content\/uploads\/2022\/03\/Meringues-1024x1024.jpg\" alt=\"\" class=\"wp-image-1487 size-full\" srcset=\"https:\/\/castelbaiedesomme.com\/wp-content\/uploads\/2022\/03\/Meringues-1024x1024.jpg 1024w, https:\/\/castelbaiedesomme.com\/wp-content\/uploads\/2022\/03\/Meringues-300x300.jpg 300w, https:\/\/castelbaiedesomme.com\/wp-content\/uploads\/2022\/03\/Meringues-150x150.jpg 150w, https:\/\/castelbaiedesomme.com\/wp-content\/uploads\/2022\/03\/Meringues-768x768.jpg 768w, https:\/\/castelbaiedesomme.com\/wp-content\/uploads\/2022\/03\/Meringues-1536x1536.jpg 1536w, https:\/\/castelbaiedesomme.com\/wp-content\/uploads\/2022\/03\/Meringues-2048x2048.jpg 2048w, https:\/\/castelbaiedesomme.com\/wp-content\/uploads\/2022\/03\/Meringues-12x12.jpg 12w, https:\/\/castelbaiedesomme.com\/wp-content\/uploads\/2022\/03\/Meringues-1600x1600.jpg 1600w\" sizes=\"auto, (max-width: 1024px) 100vw, 1024px\" \/><\/figure><div class=\"wp-block-media-text__content\">\n<h2 class=\"is-style-sub-title-3 wp-block-heading\"><a href=\"https:\/\/castelbaiedesomme.com\/en\/meringue\/\" data-type=\"post\" data-id=\"1815\" target=\"_blank\" rel=\"noreferrer noopener\">Meringues<\/a><\/h2>\n<\/div><\/div>\n\n\n\n<div style=\"height:25px\" aria-hidden=\"true\" class=\"wp-block-spacer\"><\/div>\n\n\n\n<div class=\"wp-block-media-text is-stacked-on-mobile is-image-fill is-style-card\"><figure class=\"wp-block-media-text__media\" style=\"background-image:url(https:\/\/castelbaiedesomme.com\/wp-content\/uploads\/2022\/04\/bdef09a8-7a00-42a6-bca9-c962814fa050.jpg);background-position:50% 50%\"><img loading=\"lazy\" decoding=\"async\" width=\"768\" height=\"1024\" src=\"https:\/\/castelbaiedesomme.com\/wp-content\/uploads\/2022\/04\/bdef09a8-7a00-42a6-bca9-c962814fa050.jpg\" alt=\"\" class=\"wp-image-1896 size-full\" srcset=\"https:\/\/castelbaiedesomme.com\/wp-content\/uploads\/2022\/04\/bdef09a8-7a00-42a6-bca9-c962814fa050.jpg 768w, https:\/\/castelbaiedesomme.com\/wp-content\/uploads\/2022\/04\/bdef09a8-7a00-42a6-bca9-c962814fa050-225x300.jpg 225w, https:\/\/castelbaiedesomme.com\/wp-content\/uploads\/2022\/04\/bdef09a8-7a00-42a6-bca9-c962814fa050-9x12.jpg 9w\" sizes=\"auto, (max-width: 768px) 100vw, 768px\" \/><\/figure><div class=\"wp-block-media-text__content\">\n<h2 class=\"is-style-sub-title-3 wp-block-heading\"><a href=\"https:\/\/castelbaiedesomme.com\/en\/pains-perdus\/\" data-type=\"post\" data-id=\"2363\" target=\"_blank\" rel=\"noreferrer noopener\">Pains perdus<\/a><\/h2>\n<\/div><\/div>\n\n\n\n<div style=\"height:25px\" aria-hidden=\"true\" class=\"wp-block-spacer\"><\/div>\n\n\n\n<div class=\"wp-block-media-text is-stacked-on-mobile is-image-fill is-style-card\"><figure class=\"wp-block-media-text__media\" style=\"background-image:url(https:\/\/castelbaiedesomme.com\/wp-content\/uploads\/2022\/03\/Poires-au-sirop--1024x1024.jpg);background-position:48% 33%\"><img loading=\"lazy\" decoding=\"async\" width=\"1024\" height=\"1024\" src=\"https:\/\/castelbaiedesomme.com\/wp-content\/uploads\/2022\/03\/Poires-au-sirop--1024x1024.jpg\" alt=\"\" class=\"wp-image-1346 size-full\" srcset=\"https:\/\/castelbaiedesomme.com\/wp-content\/uploads\/2022\/03\/Poires-au-sirop--1024x1024.jpg 1024w, https:\/\/castelbaiedesomme.com\/wp-content\/uploads\/2022\/03\/Poires-au-sirop--300x300.jpg 300w, https:\/\/castelbaiedesomme.com\/wp-content\/uploads\/2022\/03\/Poires-au-sirop--150x150.jpg 150w, https:\/\/castelbaiedesomme.com\/wp-content\/uploads\/2022\/03\/Poires-au-sirop--768x768.jpg 768w, https:\/\/castelbaiedesomme.com\/wp-content\/uploads\/2022\/03\/Poires-au-sirop--1536x1536.jpg 1536w, https:\/\/castelbaiedesomme.com\/wp-content\/uploads\/2022\/03\/Poires-au-sirop--2048x2048.jpg 2048w, https:\/\/castelbaiedesomme.com\/wp-content\/uploads\/2022\/03\/Poires-au-sirop--12x12.jpg 12w, https:\/\/castelbaiedesomme.com\/wp-content\/uploads\/2022\/03\/Poires-au-sirop--1600x1600.jpg 1600w\" sizes=\"auto, (max-width: 1024px) 100vw, 1024px\" \/><\/figure><div class=\"wp-block-media-text__content\">\n<h2 class=\"is-style-sub-title-3 wp-block-heading\"><a href=\"https:\/\/castelbaiedesomme.com\/en\/poires-au-sirop-de-claudine\/\" data-type=\"post\" data-id=\"598\" target=\"_blank\" rel=\"noreferrer noopener\">Poires au sirop de Claudine<\/a><\/h2>\n<\/div><\/div>\n\n\n\n<div style=\"height:25px\" aria-hidden=\"true\" class=\"wp-block-spacer\"><\/div>\n\n\n\n<div class=\"wp-block-media-text is-stacked-on-mobile is-image-fill is-style-card\"><figure class=\"wp-block-media-text__media\" style=\"background-image:url(https:\/\/castelbaiedesomme.com\/wp-content\/uploads\/2022\/04\/kaffee_platzhalter-1024x576.jpg);background-position:50% 50%\"><img loading=\"lazy\" decoding=\"async\" width=\"1024\" height=\"576\" src=\"https:\/\/castelbaiedesomme.com\/wp-content\/uploads\/2022\/04\/kaffee_platzhalter-1024x576.jpg\" alt=\"\" class=\"wp-image-2295 size-full\" srcset=\"https:\/\/castelbaiedesomme.com\/wp-content\/uploads\/2022\/04\/kaffee_platzhalter-1024x576.jpg 1024w, https:\/\/castelbaiedesomme.com\/wp-content\/uploads\/2022\/04\/kaffee_platzhalter-300x169.jpg 300w, https:\/\/castelbaiedesomme.com\/wp-content\/uploads\/2022\/04\/kaffee_platzhalter-768x432.jpg 768w, https:\/\/castelbaiedesomme.com\/wp-content\/uploads\/2022\/04\/kaffee_platzhalter-1536x864.jpg 1536w, https:\/\/castelbaiedesomme.com\/wp-content\/uploads\/2022\/04\/kaffee_platzhalter-2048x1152.jpg 2048w, https:\/\/castelbaiedesomme.com\/wp-content\/uploads\/2022\/04\/kaffee_platzhalter-18x10.jpg 18w, https:\/\/castelbaiedesomme.com\/wp-content\/uploads\/2022\/04\/kaffee_platzhalter-1600x900.jpg 1600w\" sizes=\"auto, (max-width: 1024px) 100vw, 1024px\" \/><\/figure><div class=\"wp-block-media-text__content\">\n<h2 class=\"is-style-sub-title-3 wp-block-heading\"><a href=\"https:\/\/castelbaiedesomme.com\/en\/riz-au-lait\/\" data-type=\"post\" data-id=\"630\" target=\"_blank\" rel=\"noreferrer noopener\">Riz au Lait<\/a><\/h2>\n<\/div><\/div>\n\n\n\n<div style=\"height:25px\" aria-hidden=\"true\" class=\"wp-block-spacer\"><\/div>\n\n\n\n<div class=\"wp-block-media-text is-stacked-on-mobile is-image-fill is-style-card is-style-default\"><figure class=\"wp-block-media-text__media\" style=\"background-image:url(https:\/\/castelbaiedesomme.com\/wp-content\/uploads\/2022\/04\/kaffee_platzhalter-1024x576.jpg);background-position:50% 50%\"><img loading=\"lazy\" decoding=\"async\" width=\"1024\" height=\"576\" src=\"https:\/\/castelbaiedesomme.com\/wp-content\/uploads\/2022\/04\/kaffee_platzhalter-1024x576.jpg\" alt=\"\" class=\"wp-image-2295 size-full\" srcset=\"https:\/\/castelbaiedesomme.com\/wp-content\/uploads\/2022\/04\/kaffee_platzhalter-1024x576.jpg 1024w, https:\/\/castelbaiedesomme.com\/wp-content\/uploads\/2022\/04\/kaffee_platzhalter-300x169.jpg 300w, https:\/\/castelbaiedesomme.com\/wp-content\/uploads\/2022\/04\/kaffee_platzhalter-768x432.jpg 768w, https:\/\/castelbaiedesomme.com\/wp-content\/uploads\/2022\/04\/kaffee_platzhalter-1536x864.jpg 1536w, https:\/\/castelbaiedesomme.com\/wp-content\/uploads\/2022\/04\/kaffee_platzhalter-2048x1152.jpg 2048w, https:\/\/castelbaiedesomme.com\/wp-content\/uploads\/2022\/04\/kaffee_platzhalter-18x10.jpg 18w, https:\/\/castelbaiedesomme.com\/wp-content\/uploads\/2022\/04\/kaffee_platzhalter-1600x900.jpg 1600w\" sizes=\"auto, (max-width: 1024px) 100vw, 1024px\" \/><\/figure><div class=\"wp-block-media-text__content\">\n<h2 class=\"is-style-sub-title-3 wp-block-heading\"><a href=\"https:\/\/castelbaiedesomme.com\/en\/soupe-pamplemousse\/\" data-type=\"post\" data-id=\"584\" target=\"_blank\" rel=\"noreferrer noopener\">Soupe Pamplemousse \u2013 Ananas \u00e0 la Vanille<\/a><\/h2>\n<\/div><\/div>\n\n\n\n<div style=\"height:100px\" aria-hidden=\"true\" class=\"wp-block-spacer\"><\/div>\n\n\n\n<div style=\"height:50px\" aria-hidden=\"true\" class=\"wp-block-spacer\"><\/div>\n\n\n\n<h2 class=\"is-style-sub-title-2 wp-block-heading\"><a href=\"https:\/\/castelbaiedesomme.com\/en\/les-recettes-salees\/\" data-type=\"page\" data-id=\"1023\" target=\"_blank\" rel=\"noreferrer noopener\">Vers les recettes sal\u00e9es<\/a><\/h2>\n\n\n\n<div style=\"height:100px\" aria-hidden=\"true\" class=\"wp-block-spacer\"><\/div>","protected":false},"excerpt":{"rendered":"<p>Les recettes sucr\u00e9es Brownies Cake \u00e0 la Confiture d\u2019Oranges Am\u00e8res Clafoutis de framboises et pistaches Clafoutis de p\u00eaches au nougat Cookies de Flo Crumble aux Pommes de Flo G\u00e2teau des soeurs Montier G\u00e2teau Fondant tr\u00e8s Chocolat Madeleines Rhum \u2013 Raisins Meringues Pains perdus Poires au sirop de Claudine Riz au Lait Soupe Pamplemousse \u2013 Ananas [&hellip;]<\/p>\n","protected":false},"author":2,"featured_media":0,"parent":0,"menu_order":0,"comment_status":"closed","ping_status":"closed","template":"","meta":{"_uag_custom_page_level_css":"","footnotes":""},"class_list":["post-1021","page","type-page","status-publish","hentry"],"acf":[],"uagb_featured_image_src":{"full":false,"thumbnail":false,"medium":false,"medium_large":false,"large":false,"1536x1536":false,"2048x2048":false,"trp-custom-language-flag":false,"hero-image":false},"uagb_author_info":{"display_name":"Isabella Ravizza","author_link":"https:\/\/castelbaiedesomme.com\/en\/author\/isabella\/"},"uagb_comment_info":0,"uagb_excerpt":"Les recettes sucr\u00e9es Brownies Cake \u00e0 la Confiture d\u2019Oranges Am\u00e8res Clafoutis de framboises et pistaches Clafoutis de p\u00eaches au nougat Cookies de Flo Crumble aux Pommes de Flo G\u00e2teau des soeurs Montier G\u00e2teau Fondant tr\u00e8s Chocolat Madeleines Rhum \u2013 Raisins Meringues Pains perdus Poires au sirop de Claudine Riz au Lait Soupe Pamplemousse \u2013 Ananas&hellip;","_links":{"self":[{"href":"https:\/\/castelbaiedesomme.com\/en\/wp-json\/wp\/v2\/pages\/1021","targetHints":{"allow":["GET"]}}],"collection":[{"href":"https:\/\/castelbaiedesomme.com\/en\/wp-json\/wp\/v2\/pages"}],"about":[{"href":"https:\/\/castelbaiedesomme.com\/en\/wp-json\/wp\/v2\/types\/page"}],"author":[{"embeddable":true,"href":"https:\/\/castelbaiedesomme.com\/en\/wp-json\/wp\/v2\/users\/2"}],"replies":[{"embeddable":true,"href":"https:\/\/castelbaiedesomme.com\/en\/wp-json\/wp\/v2\/comments?post=1021"}],"version-history":[{"count":30,"href":"https:\/\/castelbaiedesomme.com\/en\/wp-json\/wp\/v2\/pages\/1021\/revisions"}],"predecessor-version":[{"id":2369,"href":"https:\/\/castelbaiedesomme.com\/en\/wp-json\/wp\/v2\/pages\/1021\/revisions\/2369"}],"wp:attachment":[{"href":"https:\/\/castelbaiedesomme.com\/en\/wp-json\/wp\/v2\/media?parent=1021"}],"curies":[{"name":"wp","href":"https:\/\/api.w.org\/{rel}","templated":true}]}}