{"id":1023,"date":"2022-02-07T11:05:02","date_gmt":"2022-02-07T11:05:02","guid":{"rendered":"https:\/\/castelbaiedesomme.com\/?page_id=1023"},"modified":"2022-04-23T06:45:54","modified_gmt":"2022-04-23T06:45:54","slug":"les-recettes-salees","status":"publish","type":"page","link":"https:\/\/castelbaiedesomme.com\/en\/les-recettes-salees\/","title":{"rendered":"Salty recipes"},"content":{"rendered":"<h2 class=\"is-style-sub-title-2 wp-block-heading\" id=\"mes-recettes-salees\"><strong>Salty recipes<\/strong><\/h2>\n\n\n\n<div style=\"height:50px\" aria-hidden=\"true\" class=\"wp-block-spacer\"><\/div>\n\n\n\n<div class=\"wp-block-media-text is-stacked-on-mobile is-image-fill is-style-card is-style-default\"><figure class=\"wp-block-media-text__media\" style=\"background-image:url(https:\/\/castelbaiedesomme.com\/wp-content\/uploads\/2022\/04\/kaffee_platzhalter-1024x576.jpg);background-position:50% 50%\"><img loading=\"lazy\" decoding=\"async\" width=\"1024\" height=\"576\" src=\"https:\/\/castelbaiedesomme.com\/wp-content\/uploads\/2022\/04\/kaffee_platzhalter-1024x576.jpg\" alt=\"\" class=\"wp-image-2295 size-full\" srcset=\"https:\/\/castelbaiedesomme.com\/wp-content\/uploads\/2022\/04\/kaffee_platzhalter-1024x576.jpg 1024w, https:\/\/castelbaiedesomme.com\/wp-content\/uploads\/2022\/04\/kaffee_platzhalter-300x169.jpg 300w, https:\/\/castelbaiedesomme.com\/wp-content\/uploads\/2022\/04\/kaffee_platzhalter-768x432.jpg 768w, https:\/\/castelbaiedesomme.com\/wp-content\/uploads\/2022\/04\/kaffee_platzhalter-1536x864.jpg 1536w, https:\/\/castelbaiedesomme.com\/wp-content\/uploads\/2022\/04\/kaffee_platzhalter-2048x1152.jpg 2048w, https:\/\/castelbaiedesomme.com\/wp-content\/uploads\/2022\/04\/kaffee_platzhalter-18x10.jpg 18w, https:\/\/castelbaiedesomme.com\/wp-content\/uploads\/2022\/04\/kaffee_platzhalter-1600x900.jpg 1600w\" sizes=\"auto, (max-width: 1024px) 100vw, 1024px\" \/><\/figure><div class=\"wp-block-media-text__content\">\n<h2 class=\"is-style-sub-title-3 wp-block-heading\"><a href=\"https:\/\/castelbaiedesomme.com\/en\/brochettes-melon-tomates-mozzarella-et-sauce-au-yaourt\/\" data-type=\"post\" data-id=\"664\" target=\"_blank\" rel=\"noreferrer noopener\">Brochettes Melon \u2013 Tomates \u2013 Mozzarella et Sauce au Yaourt<\/a><\/h2>\n<\/div><\/div>\n\n\n\n<div style=\"height:0px\" aria-hidden=\"true\" class=\"wp-block-spacer\"><\/div>\n\n\n\n<div style=\"height:25px\" aria-hidden=\"true\" class=\"wp-block-spacer\"><\/div>\n\n\n\n<div class=\"wp-block-media-text is-stacked-on-mobile is-image-fill is-style-card\"><figure class=\"wp-block-media-text__media\" style=\"background-image:url(https:\/\/castelbaiedesomme.com\/wp-content\/uploads\/2022\/04\/kaffee_platzhalter-1024x576.jpg);background-position:50% 50%\"><img loading=\"lazy\" decoding=\"async\" width=\"1024\" height=\"576\" src=\"https:\/\/castelbaiedesomme.com\/wp-content\/uploads\/2022\/04\/kaffee_platzhalter-1024x576.jpg\" alt=\"\" class=\"wp-image-2295 size-full\" srcset=\"https:\/\/castelbaiedesomme.com\/wp-content\/uploads\/2022\/04\/kaffee_platzhalter-1024x576.jpg 1024w, https:\/\/castelbaiedesomme.com\/wp-content\/uploads\/2022\/04\/kaffee_platzhalter-300x169.jpg 300w, https:\/\/castelbaiedesomme.com\/wp-content\/uploads\/2022\/04\/kaffee_platzhalter-768x432.jpg 768w, https:\/\/castelbaiedesomme.com\/wp-content\/uploads\/2022\/04\/kaffee_platzhalter-1536x864.jpg 1536w, https:\/\/castelbaiedesomme.com\/wp-content\/uploads\/2022\/04\/kaffee_platzhalter-2048x1152.jpg 2048w, https:\/\/castelbaiedesomme.com\/wp-content\/uploads\/2022\/04\/kaffee_platzhalter-18x10.jpg 18w, https:\/\/castelbaiedesomme.com\/wp-content\/uploads\/2022\/04\/kaffee_platzhalter-1600x900.jpg 1600w\" sizes=\"auto, (max-width: 1024px) 100vw, 1024px\" \/><\/figure><div class=\"wp-block-media-text__content\">\n<h2 class=\"is-style-sub-title-3 wp-block-heading\"><a href=\"https:\/\/castelbaiedesomme.com\/en\/cappuccino-carotte-et-thym\/\" data-type=\"post\" data-id=\"438\" target=\"_blank\" rel=\"noreferrer noopener\">Cappuccino Carotte et Thym<\/a><\/h2>\n<\/div><\/div>\n\n\n\n<div style=\"height:25px\" aria-hidden=\"true\" class=\"wp-block-spacer\"><\/div>\n\n\n\n<div class=\"wp-block-media-text is-stacked-on-mobile is-image-fill is-style-card\"><figure class=\"wp-block-media-text__media\" style=\"background-image:url(https:\/\/castelbaiedesomme.com\/wp-content\/uploads\/2022\/04\/kaffee_platzhalter-1024x576.jpg);background-position:50% 50%\"><img loading=\"lazy\" decoding=\"async\" width=\"1024\" height=\"576\" src=\"https:\/\/castelbaiedesomme.com\/wp-content\/uploads\/2022\/04\/kaffee_platzhalter-1024x576.jpg\" alt=\"\" class=\"wp-image-2295 size-full\" srcset=\"https:\/\/castelbaiedesomme.com\/wp-content\/uploads\/2022\/04\/kaffee_platzhalter-1024x576.jpg 1024w, https:\/\/castelbaiedesomme.com\/wp-content\/uploads\/2022\/04\/kaffee_platzhalter-300x169.jpg 300w, https:\/\/castelbaiedesomme.com\/wp-content\/uploads\/2022\/04\/kaffee_platzhalter-768x432.jpg 768w, https:\/\/castelbaiedesomme.com\/wp-content\/uploads\/2022\/04\/kaffee_platzhalter-1536x864.jpg 1536w, https:\/\/castelbaiedesomme.com\/wp-content\/uploads\/2022\/04\/kaffee_platzhalter-2048x1152.jpg 2048w, https:\/\/castelbaiedesomme.com\/wp-content\/uploads\/2022\/04\/kaffee_platzhalter-18x10.jpg 18w, https:\/\/castelbaiedesomme.com\/wp-content\/uploads\/2022\/04\/kaffee_platzhalter-1600x900.jpg 1600w\" sizes=\"auto, (max-width: 1024px) 100vw, 1024px\" \/><\/figure><div class=\"wp-block-media-text__content\">\n<h2 class=\"is-style-sub-title-3 wp-block-heading\"><a href=\"https:\/\/castelbaiedesomme.com\/en\/cappuccino-de-petits-pois\/\" data-type=\"post\" data-id=\"426\" target=\"_blank\" rel=\"noreferrer noopener\">Cappuccino de petits pois<\/a><\/h2>\n<\/div><\/div>\n\n\n\n<div style=\"height:25px\" aria-hidden=\"true\" class=\"wp-block-spacer\"><\/div>\n\n\n\n<div class=\"wp-block-media-text is-stacked-on-mobile is-image-fill is-style-card\"><figure class=\"wp-block-media-text__media\" style=\"background-image:url(https:\/\/castelbaiedesomme.com\/wp-content\/uploads\/2022\/04\/kaffee_platzhalter-1024x576.jpg);background-position:50% 50%\"><img loading=\"lazy\" decoding=\"async\" width=\"1024\" height=\"576\" src=\"https:\/\/castelbaiedesomme.com\/wp-content\/uploads\/2022\/04\/kaffee_platzhalter-1024x576.jpg\" alt=\"\" class=\"wp-image-2295 size-full\" srcset=\"https:\/\/castelbaiedesomme.com\/wp-content\/uploads\/2022\/04\/kaffee_platzhalter-1024x576.jpg 1024w, https:\/\/castelbaiedesomme.com\/wp-content\/uploads\/2022\/04\/kaffee_platzhalter-300x169.jpg 300w, https:\/\/castelbaiedesomme.com\/wp-content\/uploads\/2022\/04\/kaffee_platzhalter-768x432.jpg 768w, https:\/\/castelbaiedesomme.com\/wp-content\/uploads\/2022\/04\/kaffee_platzhalter-1536x864.jpg 1536w, https:\/\/castelbaiedesomme.com\/wp-content\/uploads\/2022\/04\/kaffee_platzhalter-2048x1152.jpg 2048w, https:\/\/castelbaiedesomme.com\/wp-content\/uploads\/2022\/04\/kaffee_platzhalter-18x10.jpg 18w, https:\/\/castelbaiedesomme.com\/wp-content\/uploads\/2022\/04\/kaffee_platzhalter-1600x900.jpg 1600w\" sizes=\"auto, (max-width: 1024px) 100vw, 1024px\" \/><\/figure><div class=\"wp-block-media-text__content\">\n<h2 class=\"is-style-sub-title-3 wp-block-heading\"><a href=\"https:\/\/castelbaiedesomme.com\/en\/consomme-dasperges-vertes\/\" data-type=\"post\" data-id=\"17\" target=\"_blank\" rel=\"noreferrer noopener\">Consomm\u00e9 d\u2019asperges vertes<\/a><\/h2>\n<\/div><\/div>\n\n\n\n<div style=\"height:25px\" aria-hidden=\"true\" class=\"wp-block-spacer\"><\/div>\n\n\n\n<div class=\"wp-block-media-text is-stacked-on-mobile is-image-fill is-style-card\"><figure class=\"wp-block-media-text__media\" style=\"background-image:url(https:\/\/castelbaiedesomme.com\/wp-content\/uploads\/2022\/04\/kaffee_platzhalter-1024x576.jpg);background-position:50% 50%\"><img loading=\"lazy\" decoding=\"async\" width=\"1024\" height=\"576\" src=\"https:\/\/castelbaiedesomme.com\/wp-content\/uploads\/2022\/04\/kaffee_platzhalter-1024x576.jpg\" alt=\"\" class=\"wp-image-2295 size-full\" srcset=\"https:\/\/castelbaiedesomme.com\/wp-content\/uploads\/2022\/04\/kaffee_platzhalter-1024x576.jpg 1024w, https:\/\/castelbaiedesomme.com\/wp-content\/uploads\/2022\/04\/kaffee_platzhalter-300x169.jpg 300w, https:\/\/castelbaiedesomme.com\/wp-content\/uploads\/2022\/04\/kaffee_platzhalter-768x432.jpg 768w, https:\/\/castelbaiedesomme.com\/wp-content\/uploads\/2022\/04\/kaffee_platzhalter-1536x864.jpg 1536w, https:\/\/castelbaiedesomme.com\/wp-content\/uploads\/2022\/04\/kaffee_platzhalter-2048x1152.jpg 2048w, https:\/\/castelbaiedesomme.com\/wp-content\/uploads\/2022\/04\/kaffee_platzhalter-18x10.jpg 18w, https:\/\/castelbaiedesomme.com\/wp-content\/uploads\/2022\/04\/kaffee_platzhalter-1600x900.jpg 1600w\" sizes=\"auto, (max-width: 1024px) 100vw, 1024px\" \/><\/figure><div class=\"wp-block-media-text__content\">\n<h2 class=\"is-style-sub-title-3 wp-block-heading\"><a href=\"https:\/\/castelbaiedesomme.com\/en\/recette-2\/\" data-type=\"post\" data-id=\"18\" target=\"_blank\" rel=\"noreferrer noopener\">Cr\u00e8me de c\u00e9leri et poires au bleu<\/a><\/h2>\n<\/div><\/div>\n\n\n\n<div style=\"height:25px\" aria-hidden=\"true\" class=\"wp-block-spacer\"><\/div>\n\n\n\n<div class=\"wp-block-media-text is-stacked-on-mobile is-image-fill is-style-card\"><figure class=\"wp-block-media-text__media\" style=\"background-image:url(https:\/\/castelbaiedesomme.com\/wp-content\/uploads\/2022\/04\/Gratin-dauphinois.jpeg);background-position:50% 50%\"><img loading=\"lazy\" decoding=\"async\" width=\"640\" height=\"480\" src=\"https:\/\/castelbaiedesomme.com\/wp-content\/uploads\/2022\/04\/Gratin-dauphinois.jpeg\" alt=\"\" class=\"wp-image-2352 size-full\" srcset=\"https:\/\/castelbaiedesomme.com\/wp-content\/uploads\/2022\/04\/Gratin-dauphinois.jpeg 640w, https:\/\/castelbaiedesomme.com\/wp-content\/uploads\/2022\/04\/Gratin-dauphinois-300x225.jpeg 300w, https:\/\/castelbaiedesomme.com\/wp-content\/uploads\/2022\/04\/Gratin-dauphinois-16x12.jpeg 16w\" sizes=\"auto, (max-width: 640px) 100vw, 640px\" \/><\/figure><div class=\"wp-block-media-text__content\">\n<h2 class=\"is-style-sub-title-3 wp-block-heading\"><a href=\"https:\/\/castelbaiedesomme.com\/en\/gratin-dauphinois\/\" data-type=\"post\" data-id=\"2323\" target=\"_blank\" rel=\"noreferrer noopener\">Gratin dauphinois<\/a><\/h2>\n<\/div><\/div>\n\n\n\n<div style=\"height:25px\" aria-hidden=\"true\" class=\"wp-block-spacer\"><\/div>\n\n\n\n<div class=\"wp-block-media-text is-stacked-on-mobile is-image-fill is-style-card\"><figure class=\"wp-block-media-text__media\" style=\"background-image:url(https:\/\/castelbaiedesomme.com\/wp-content\/uploads\/2022\/04\/kaffee_platzhalter-1024x576.jpg);background-position:50% 50%\"><img loading=\"lazy\" decoding=\"async\" width=\"1024\" height=\"576\" src=\"https:\/\/castelbaiedesomme.com\/wp-content\/uploads\/2022\/04\/kaffee_platzhalter-1024x576.jpg\" alt=\"\" class=\"wp-image-2295 size-full\" srcset=\"https:\/\/castelbaiedesomme.com\/wp-content\/uploads\/2022\/04\/kaffee_platzhalter-1024x576.jpg 1024w, https:\/\/castelbaiedesomme.com\/wp-content\/uploads\/2022\/04\/kaffee_platzhalter-300x169.jpg 300w, https:\/\/castelbaiedesomme.com\/wp-content\/uploads\/2022\/04\/kaffee_platzhalter-768x432.jpg 768w, https:\/\/castelbaiedesomme.com\/wp-content\/uploads\/2022\/04\/kaffee_platzhalter-1536x864.jpg 1536w, https:\/\/castelbaiedesomme.com\/wp-content\/uploads\/2022\/04\/kaffee_platzhalter-2048x1152.jpg 2048w, https:\/\/castelbaiedesomme.com\/wp-content\/uploads\/2022\/04\/kaffee_platzhalter-18x10.jpg 18w, https:\/\/castelbaiedesomme.com\/wp-content\/uploads\/2022\/04\/kaffee_platzhalter-1600x900.jpg 1600w\" sizes=\"auto, (max-width: 1024px) 100vw, 1024px\" \/><\/figure><div class=\"wp-block-media-text__content\">\n<h2 class=\"is-style-sub-title-3 wp-block-heading\"><a href=\"https:\/\/castelbaiedesomme.com\/en\/oeufs-a-la-coppa-et-fromage-de-brebis-sec\/\" data-type=\"post\" data-id=\"673\" target=\"_blank\" rel=\"noreferrer noopener\">Oeufs \u00e0 la Coppa et Fromage de Brebis sec<\/a><\/h2>\n<\/div><\/div>\n\n\n\n<div style=\"height:25px\" aria-hidden=\"true\" class=\"wp-block-spacer\"><\/div>\n\n\n\n<div class=\"wp-block-media-text is-stacked-on-mobile is-image-fill is-style-card\"><figure class=\"wp-block-media-text__media\" style=\"background-image:url(https:\/\/castelbaiedesomme.com\/wp-content\/uploads\/2022\/04\/kaffee_platzhalter-1024x576.jpg);background-position:50% 50%\"><img loading=\"lazy\" decoding=\"async\" width=\"1024\" height=\"576\" src=\"https:\/\/castelbaiedesomme.com\/wp-content\/uploads\/2022\/04\/kaffee_platzhalter-1024x576.jpg\" alt=\"\" class=\"wp-image-2295 size-full\" srcset=\"https:\/\/castelbaiedesomme.com\/wp-content\/uploads\/2022\/04\/kaffee_platzhalter-1024x576.jpg 1024w, https:\/\/castelbaiedesomme.com\/wp-content\/uploads\/2022\/04\/kaffee_platzhalter-300x169.jpg 300w, https:\/\/castelbaiedesomme.com\/wp-content\/uploads\/2022\/04\/kaffee_platzhalter-768x432.jpg 768w, https:\/\/castelbaiedesomme.com\/wp-content\/uploads\/2022\/04\/kaffee_platzhalter-1536x864.jpg 1536w, https:\/\/castelbaiedesomme.com\/wp-content\/uploads\/2022\/04\/kaffee_platzhalter-2048x1152.jpg 2048w, https:\/\/castelbaiedesomme.com\/wp-content\/uploads\/2022\/04\/kaffee_platzhalter-18x10.jpg 18w, https:\/\/castelbaiedesomme.com\/wp-content\/uploads\/2022\/04\/kaffee_platzhalter-1600x900.jpg 1600w\" sizes=\"auto, (max-width: 1024px) 100vw, 1024px\" \/><\/figure><div class=\"wp-block-media-text__content\">\n<h2 class=\"is-style-sub-title-3 wp-block-heading\"><a href=\"https:\/\/castelbaiedesomme.com\/en\/rillettes-de-poissons-fumes\/\" data-type=\"post\" data-id=\"682\" target=\"_blank\" rel=\"noreferrer noopener\">Rillettes de Poissons Fum\u00e9s<\/a><\/h2>\n<\/div><\/div>\n\n\n\n<div style=\"height:25px\" aria-hidden=\"true\" class=\"wp-block-spacer\"><\/div>\n\n\n\n<div class=\"wp-block-media-text is-stacked-on-mobile is-image-fill is-style-card\"><figure class=\"wp-block-media-text__media\" style=\"background-image:url(https:\/\/castelbaiedesomme.com\/wp-content\/uploads\/2022\/03\/Soupe-courge-1024x768.jpg);background-position:50% 50%\"><img loading=\"lazy\" decoding=\"async\" width=\"1024\" height=\"768\" src=\"https:\/\/castelbaiedesomme.com\/wp-content\/uploads\/2022\/03\/Soupe-courge-1024x768.jpg\" alt=\"\" class=\"wp-image-1489 size-full\" srcset=\"https:\/\/castelbaiedesomme.com\/wp-content\/uploads\/2022\/03\/Soupe-courge-1024x768.jpg 1024w, https:\/\/castelbaiedesomme.com\/wp-content\/uploads\/2022\/03\/Soupe-courge-300x225.jpg 300w, https:\/\/castelbaiedesomme.com\/wp-content\/uploads\/2022\/03\/Soupe-courge-768x576.jpg 768w, https:\/\/castelbaiedesomme.com\/wp-content\/uploads\/2022\/03\/Soupe-courge-1536x1152.jpg 1536w, https:\/\/castelbaiedesomme.com\/wp-content\/uploads\/2022\/03\/Soupe-courge-2048x1536.jpg 2048w, https:\/\/castelbaiedesomme.com\/wp-content\/uploads\/2022\/03\/Soupe-courge-16x12.jpg 16w, https:\/\/castelbaiedesomme.com\/wp-content\/uploads\/2022\/03\/Soupe-courge-1600x1200.jpg 1600w\" sizes=\"auto, (max-width: 1024px) 100vw, 1024px\" \/><\/figure><div class=\"wp-block-media-text__content\">\n<h2 class=\"is-style-sub-title-3 wp-block-heading\"><a href=\"https:\/\/castelbaiedesomme.com\/en\/soupe-butternut-coco-thermomix\/\" data-type=\"post\" data-id=\"1809\" target=\"_blank\" rel=\"noreferrer noopener\">Soupe Butternut Coco # Thermomix<\/a><\/h2>\n<\/div><\/div>\n\n\n\n<div style=\"height:25px\" aria-hidden=\"true\" class=\"wp-block-spacer\"><\/div>\n\n\n\n<div class=\"wp-block-media-text is-stacked-on-mobile is-image-fill is-style-card\"><figure class=\"wp-block-media-text__media\" style=\"background-image:url(https:\/\/castelbaiedesomme.com\/wp-content\/uploads\/2022\/04\/kaffee_platzhalter-1024x576.jpg);background-position:50% 50%\"><img loading=\"lazy\" decoding=\"async\" width=\"1024\" height=\"576\" src=\"https:\/\/castelbaiedesomme.com\/wp-content\/uploads\/2022\/04\/kaffee_platzhalter-1024x576.jpg\" alt=\"\" class=\"wp-image-2295 size-full\" srcset=\"https:\/\/castelbaiedesomme.com\/wp-content\/uploads\/2022\/04\/kaffee_platzhalter-1024x576.jpg 1024w, https:\/\/castelbaiedesomme.com\/wp-content\/uploads\/2022\/04\/kaffee_platzhalter-300x169.jpg 300w, https:\/\/castelbaiedesomme.com\/wp-content\/uploads\/2022\/04\/kaffee_platzhalter-768x432.jpg 768w, https:\/\/castelbaiedesomme.com\/wp-content\/uploads\/2022\/04\/kaffee_platzhalter-1536x864.jpg 1536w, https:\/\/castelbaiedesomme.com\/wp-content\/uploads\/2022\/04\/kaffee_platzhalter-2048x1152.jpg 2048w, https:\/\/castelbaiedesomme.com\/wp-content\/uploads\/2022\/04\/kaffee_platzhalter-18x10.jpg 18w, https:\/\/castelbaiedesomme.com\/wp-content\/uploads\/2022\/04\/kaffee_platzhalter-1600x900.jpg 1600w\" sizes=\"auto, (max-width: 1024px) 100vw, 1024px\" \/><\/figure><div class=\"wp-block-media-text__content\">\n<h2 class=\"is-style-sub-title-3 wp-block-heading\"><a href=\"https:\/\/castelbaiedesomme.com\/en\/tiramisu-parmesan-coppa\/\" data-type=\"post\" data-id=\"687\" target=\"_blank\" rel=\"noreferrer noopener\">Tiramisu Parmesan \u2013 Coppa<\/a><\/h2>\n<\/div><\/div>\n\n\n\n<div style=\"height:25px\" aria-hidden=\"true\" class=\"wp-block-spacer\"><\/div>\n\n\n\n<div class=\"wp-block-media-text is-stacked-on-mobile is-image-fill is-style-card\"><figure class=\"wp-block-media-text__media\" style=\"background-image:url(https:\/\/castelbaiedesomme.com\/wp-content\/uploads\/2022\/04\/kaffee_platzhalter-1024x576.jpg);background-position:50% 50%\"><img loading=\"lazy\" decoding=\"async\" width=\"1024\" height=\"576\" src=\"https:\/\/castelbaiedesomme.com\/wp-content\/uploads\/2022\/04\/kaffee_platzhalter-1024x576.jpg\" alt=\"\" class=\"wp-image-2295 size-full\" srcset=\"https:\/\/castelbaiedesomme.com\/wp-content\/uploads\/2022\/04\/kaffee_platzhalter-1024x576.jpg 1024w, https:\/\/castelbaiedesomme.com\/wp-content\/uploads\/2022\/04\/kaffee_platzhalter-300x169.jpg 300w, https:\/\/castelbaiedesomme.com\/wp-content\/uploads\/2022\/04\/kaffee_platzhalter-768x432.jpg 768w, https:\/\/castelbaiedesomme.com\/wp-content\/uploads\/2022\/04\/kaffee_platzhalter-1536x864.jpg 1536w, https:\/\/castelbaiedesomme.com\/wp-content\/uploads\/2022\/04\/kaffee_platzhalter-2048x1152.jpg 2048w, https:\/\/castelbaiedesomme.com\/wp-content\/uploads\/2022\/04\/kaffee_platzhalter-18x10.jpg 18w, https:\/\/castelbaiedesomme.com\/wp-content\/uploads\/2022\/04\/kaffee_platzhalter-1600x900.jpg 1600w\" sizes=\"auto, (max-width: 1024px) 100vw, 1024px\" \/><\/figure><div class=\"wp-block-media-text__content\">\n<h2 class=\"is-style-sub-title-3 wp-block-heading\"><a href=\"https:\/\/castelbaiedesomme.com\/en\/veloute-glace-de-betterave-epice\/\" data-type=\"post\" data-id=\"441\" target=\"_blank\" rel=\"noreferrer noopener\">Velout\u00e9 glac\u00e9 de Betterave \u00e9pic\u00e9<\/a><\/h2>\n<\/div><\/div>\n\n\n\n<div style=\"height:25px\" aria-hidden=\"true\" class=\"wp-block-spacer\"><\/div>\n\n\n\n<div class=\"wp-block-media-text is-stacked-on-mobile is-image-fill is-style-card\"><figure class=\"wp-block-media-text__media\" style=\"background-image:url(https:\/\/castelbaiedesomme.com\/wp-content\/uploads\/2022\/04\/kaffee_platzhalter-1024x576.jpg);background-position:50% 50%\"><img loading=\"lazy\" decoding=\"async\" width=\"1024\" height=\"576\" src=\"https:\/\/castelbaiedesomme.com\/wp-content\/uploads\/2022\/04\/kaffee_platzhalter-1024x576.jpg\" alt=\"\" class=\"wp-image-2295 size-full\" srcset=\"https:\/\/castelbaiedesomme.com\/wp-content\/uploads\/2022\/04\/kaffee_platzhalter-1024x576.jpg 1024w, https:\/\/castelbaiedesomme.com\/wp-content\/uploads\/2022\/04\/kaffee_platzhalter-300x169.jpg 300w, https:\/\/castelbaiedesomme.com\/wp-content\/uploads\/2022\/04\/kaffee_platzhalter-768x432.jpg 768w, https:\/\/castelbaiedesomme.com\/wp-content\/uploads\/2022\/04\/kaffee_platzhalter-1536x864.jpg 1536w, https:\/\/castelbaiedesomme.com\/wp-content\/uploads\/2022\/04\/kaffee_platzhalter-2048x1152.jpg 2048w, https:\/\/castelbaiedesomme.com\/wp-content\/uploads\/2022\/04\/kaffee_platzhalter-18x10.jpg 18w, https:\/\/castelbaiedesomme.com\/wp-content\/uploads\/2022\/04\/kaffee_platzhalter-1600x900.jpg 1600w\" sizes=\"auto, (max-width: 1024px) 100vw, 1024px\" \/><\/figure><div class=\"wp-block-media-text__content\">\n<h2 class=\"is-style-sub-title-3 wp-block-heading\"><a href=\"https:\/\/castelbaiedesomme.com\/en\/wraps-jambon-oeuf-mozzarella\/\" data-type=\"post\" data-id=\"432\" target=\"_blank\" rel=\"noreferrer noopener\">Wraps Jambon \u2013 Oeuf \u2013 Mozzarella<\/a><\/h2>\n<\/div><\/div>\n\n\n\n<div style=\"height:50px\" aria-hidden=\"true\" class=\"wp-block-spacer\"><\/div>\n\n\n\n<h2 class=\"is-style-sub-title-2 wp-block-heading\"><a href=\"https:\/\/castelbaiedesomme.com\/en\/les-recettes-sucrees\/\" data-type=\"page\" data-id=\"1021\" target=\"_blank\" rel=\"noreferrer noopener\">Vers les recettes sucr\u00e9es<\/a><\/h2>\n\n\n\n<div style=\"height:100px\" aria-hidden=\"true\" class=\"wp-block-spacer\"><\/div>","protected":false},"excerpt":{"rendered":"<p>Les recettes sal\u00e9es Brochettes Melon \u2013 Tomates \u2013 Mozzarella et Sauce au Yaourt Cappuccino Carotte et Thym Cappuccino de petits pois Consomm\u00e9 d\u2019asperges vertes Cr\u00e8me de c\u00e9leri et poires au bleu Gratin dauphinois Oeufs \u00e0 la Coppa et Fromage de Brebis sec Rillettes de Poissons Fum\u00e9s Soupe Butternut Coco # Thermomix Tiramisu Parmesan \u2013 Coppa [&hellip;]<\/p>\n","protected":false},"author":2,"featured_media":0,"parent":0,"menu_order":0,"comment_status":"closed","ping_status":"closed","template":"","meta":{"_uag_custom_page_level_css":"","footnotes":""},"class_list":["post-1023","page","type-page","status-publish","hentry"],"acf":[],"uagb_featured_image_src":{"full":false,"thumbnail":false,"medium":false,"medium_large":false,"large":false,"1536x1536":false,"2048x2048":false,"trp-custom-language-flag":false,"hero-image":false},"uagb_author_info":{"display_name":"Isabella Ravizza","author_link":"https:\/\/castelbaiedesomme.com\/en\/author\/isabella\/"},"uagb_comment_info":0,"uagb_excerpt":"Les recettes sal\u00e9es Brochettes Melon \u2013 Tomates \u2013 Mozzarella et Sauce au Yaourt Cappuccino Carotte et Thym Cappuccino de petits pois Consomm\u00e9 d\u2019asperges vertes Cr\u00e8me de c\u00e9leri et poires au bleu Gratin dauphinois Oeufs \u00e0 la Coppa et Fromage de Brebis sec Rillettes de Poissons Fum\u00e9s Soupe Butternut Coco # Thermomix Tiramisu Parmesan \u2013 Coppa&hellip;","_links":{"self":[{"href":"https:\/\/castelbaiedesomme.com\/en\/wp-json\/wp\/v2\/pages\/1023","targetHints":{"allow":["GET"]}}],"collection":[{"href":"https:\/\/castelbaiedesomme.com\/en\/wp-json\/wp\/v2\/pages"}],"about":[{"href":"https:\/\/castelbaiedesomme.com\/en\/wp-json\/wp\/v2\/types\/page"}],"author":[{"embeddable":true,"href":"https:\/\/castelbaiedesomme.com\/en\/wp-json\/wp\/v2\/users\/2"}],"replies":[{"embeddable":true,"href":"https:\/\/castelbaiedesomme.com\/en\/wp-json\/wp\/v2\/comments?post=1023"}],"version-history":[{"count":22,"href":"https:\/\/castelbaiedesomme.com\/en\/wp-json\/wp\/v2\/pages\/1023\/revisions"}],"predecessor-version":[{"id":2353,"href":"https:\/\/castelbaiedesomme.com\/en\/wp-json\/wp\/v2\/pages\/1023\/revisions\/2353"}],"wp:attachment":[{"href":"https:\/\/castelbaiedesomme.com\/en\/wp-json\/wp\/v2\/media?parent=1023"}],"curies":[{"name":"wp","href":"https:\/\/api.w.org\/{rel}","templated":true}]}}