{"id":2,"date":"2021-04-01T19:56:09","date_gmt":"2021-04-01T19:56:09","guid":{"rendered":"https:\/\/castelbaiedesomme.com\/?page_id=2"},"modified":"2025-02-04T14:44:15","modified_gmt":"2025-02-04T14:44:15","slug":"sample-page","status":"publish","type":"page","link":"https:\/\/castelbaiedesomme.com\/en\/sample-page\/","title":{"rendered":"La Suite"},"content":{"rendered":"<div class=\"wp-block-cover alignfull\" style=\"min-height:800px;aspect-ratio:unset;\"><span aria-hidden=\"true\" class=\"wp-block-cover__background has-background-dim-0 has-background-dim\"><\/span><img loading=\"lazy\" decoding=\"async\" width=\"2560\" height=\"1700\" class=\"wp-block-cover__image-background wp-image-253\" alt=\"\" src=\"https:\/\/castelbaiedesomme.com\/wp-content\/uploads\/2021\/09\/DSC_5168-scaled.jpg\" style=\"object-position:100% 100%\" data-object-fit=\"cover\" data-object-position=\"100% 100%\" srcset=\"https:\/\/castelbaiedesomme.com\/wp-content\/uploads\/2021\/09\/DSC_5168-scaled.jpg 2560w, https:\/\/castelbaiedesomme.com\/wp-content\/uploads\/2021\/09\/DSC_5168-300x199.jpg 300w, https:\/\/castelbaiedesomme.com\/wp-content\/uploads\/2021\/09\/DSC_5168-1024x680.jpg 1024w, https:\/\/castelbaiedesomme.com\/wp-content\/uploads\/2021\/09\/DSC_5168-768x510.jpg 768w, https:\/\/castelbaiedesomme.com\/wp-content\/uploads\/2021\/09\/DSC_5168-1536x1020.jpg 1536w, https:\/\/castelbaiedesomme.com\/wp-content\/uploads\/2021\/09\/DSC_5168-2048x1360.jpg 2048w, https:\/\/castelbaiedesomme.com\/wp-content\/uploads\/2021\/09\/DSC_5168-1600x1063.jpg 1600w\" sizes=\"auto, (max-width: 2560px) 100vw, 2560px\" \/><div class=\"wp-block-cover__inner-container is-layout-flow wp-block-cover-is-layout-flow\">\n<h2 class=\"wp-block-heading alignwide has-text-color\" id=\"la-suite\" style=\"color:#f8f4e4;font-size:64px\">La Suite<\/h2>\n\n\n\n<div class=\"wp-block-columns alignwide is-layout-flex wp-container-core-columns-is-layout-9d6595d7 wp-block-columns-is-layout-flex\">\n<div class=\"wp-block-column is-layout-flow wp-block-column-is-layout-flow\" style=\"flex-basis:55%\">\n<div style=\"height:330px\" aria-hidden=\"true\" class=\"wp-block-spacer\"><\/div>\n<\/div>\n\n\n\n<div class=\"wp-block-column is-layout-flow wp-block-column-is-layout-flow\"><\/div>\n<\/div>\n<\/div><\/div>\n\n\n\n<div style=\"height:100px\" aria-hidden=\"true\" class=\"wp-block-spacer\"><\/div>\n\n\n\n<div class=\"wp-block-columns is-layout-flex wp-container-core-columns-is-layout-9d6595d7 wp-block-columns-is-layout-flex\">\n<div class=\"wp-block-column is-layout-flow wp-block-column-is-layout-flow\">\n<p>Notre Suite&nbsp;familiale, type \u00ab&nbsp;Junior&nbsp;\u00bb des grands h\u00f4tels, vous ravit dans un d\u00e9cor contemporain.<br>It\u2019s comparable with a junior suite in large hotels. Natural tones, warm and noble materials\u2026 this lovely room is suitable for long stays\u2026<br>Standing at the windows, you discover the beauty of the park.&nbsp;<\/p>\n\n\n\n<p>You dispose of:<br>- A very large double room with a 180*200 cm bed<br>- A study-dressing room with fireplace, which can be transformed into a single or twin room, a 90*190 cm bed and another 80*190 cm bed&nbsp;<\/p>\n\n\n\n<p>= soit&nbsp;2 adultes + 1 ou 2 enfant(s)<\/p>\n\n\n\n<p><br>- A bathroom with a \"1930s\" bath<br>- Flat screen TV and internet access<\/p>\n\n\n\n<p>No smoking and no pets allowed.&nbsp;<\/p>\n\n\n\n<p>Located on the 1st floor of the house.<\/p>\n\n\n\n<p><\/p>\n<\/div>\n<\/div>\n\n\n\n<p><\/p>\n\n\n\n<div style=\"height:100px\" aria-hidden=\"true\" class=\"wp-block-spacer\"><\/div>\n\n\n\n<figure class=\"wp-block-gallery has-nested-images columns-default is-cropped has-lightbox wp-block-gallery-1 is-layout-flex wp-block-gallery-is-layout-flex\">\n<figure class=\"wp-block-image size-large\"><img loading=\"lazy\" decoding=\"async\" width=\"680\" height=\"1024\" data-id=\"255\" src=\"https:\/\/castelbaiedesomme.com\/wp-content\/uploads\/2021\/09\/DSC_5171-680x1024.jpg\" alt=\"\" class=\"wp-image-255\" srcset=\"https:\/\/castelbaiedesomme.com\/wp-content\/uploads\/2021\/09\/DSC_5171-680x1024.jpg 680w, https:\/\/castelbaiedesomme.com\/wp-content\/uploads\/2021\/09\/DSC_5171-199x300.jpg 199w, https:\/\/castelbaiedesomme.com\/wp-content\/uploads\/2021\/09\/DSC_5171-768x1156.jpg 768w, https:\/\/castelbaiedesomme.com\/wp-content\/uploads\/2021\/09\/DSC_5171-1020x1536.jpg 1020w, https:\/\/castelbaiedesomme.com\/wp-content\/uploads\/2021\/09\/DSC_5171-1360x2048.jpg 1360w, https:\/\/castelbaiedesomme.com\/wp-content\/uploads\/2021\/09\/DSC_5171-1600x2409.jpg 1600w, https:\/\/castelbaiedesomme.com\/wp-content\/uploads\/2021\/09\/DSC_5171-scaled.jpg 1700w\" sizes=\"auto, (max-width: 680px) 100vw, 680px\" \/><\/figure>\n\n\n\n<figure class=\"wp-block-image size-large\"><img loading=\"lazy\" decoding=\"async\" width=\"680\" height=\"1024\" data-id=\"256\" src=\"https:\/\/castelbaiedesomme.com\/wp-content\/uploads\/2021\/09\/DSC_5174-680x1024.jpg\" alt=\"\" class=\"wp-image-256\" srcset=\"https:\/\/castelbaiedesomme.com\/wp-content\/uploads\/2021\/09\/DSC_5174-680x1024.jpg 680w, https:\/\/castelbaiedesomme.com\/wp-content\/uploads\/2021\/09\/DSC_5174-199x300.jpg 199w, https:\/\/castelbaiedesomme.com\/wp-content\/uploads\/2021\/09\/DSC_5174-768x1156.jpg 768w, https:\/\/castelbaiedesomme.com\/wp-content\/uploads\/2021\/09\/DSC_5174-1020x1536.jpg 1020w, https:\/\/castelbaiedesomme.com\/wp-content\/uploads\/2021\/09\/DSC_5174-1360x2048.jpg 1360w, https:\/\/castelbaiedesomme.com\/wp-content\/uploads\/2021\/09\/DSC_5174-1600x2409.jpg 1600w, https:\/\/castelbaiedesomme.com\/wp-content\/uploads\/2021\/09\/DSC_5174-scaled.jpg 1700w\" sizes=\"auto, (max-width: 680px) 100vw, 680px\" \/><\/figure>\n\n\n\n<figure class=\"wp-block-image size-large\"><img loading=\"lazy\" decoding=\"async\" width=\"680\" height=\"1024\" data-id=\"257\" src=\"https:\/\/castelbaiedesomme.com\/wp-content\/uploads\/2021\/09\/DSC_5176-680x1024.jpg\" alt=\"\" class=\"wp-image-257\" srcset=\"https:\/\/castelbaiedesomme.com\/wp-content\/uploads\/2021\/09\/DSC_5176-680x1024.jpg 680w, https:\/\/castelbaiedesomme.com\/wp-content\/uploads\/2021\/09\/DSC_5176-199x300.jpg 199w, https:\/\/castelbaiedesomme.com\/wp-content\/uploads\/2021\/09\/DSC_5176-768x1156.jpg 768w, https:\/\/castelbaiedesomme.com\/wp-content\/uploads\/2021\/09\/DSC_5176-1020x1536.jpg 1020w, https:\/\/castelbaiedesomme.com\/wp-content\/uploads\/2021\/09\/DSC_5176-1360x2048.jpg 1360w, https:\/\/castelbaiedesomme.com\/wp-content\/uploads\/2021\/09\/DSC_5176-1600x2409.jpg 1600w, https:\/\/castelbaiedesomme.com\/wp-content\/uploads\/2021\/09\/DSC_5176-scaled.jpg 1700w\" sizes=\"auto, (max-width: 680px) 100vw, 680px\" \/><\/figure>\n\n\n\n<figure class=\"wp-block-image size-large\"><img loading=\"lazy\" decoding=\"async\" width=\"680\" height=\"1024\" data-id=\"258\" src=\"https:\/\/castelbaiedesomme.com\/wp-content\/uploads\/2021\/09\/DSC_5179-680x1024.jpg\" alt=\"\" class=\"wp-image-258\" srcset=\"https:\/\/castelbaiedesomme.com\/wp-content\/uploads\/2021\/09\/DSC_5179-680x1024.jpg 680w, https:\/\/castelbaiedesomme.com\/wp-content\/uploads\/2021\/09\/DSC_5179-199x300.jpg 199w, https:\/\/castelbaiedesomme.com\/wp-content\/uploads\/2021\/09\/DSC_5179-768x1156.jpg 768w, https:\/\/castelbaiedesomme.com\/wp-content\/uploads\/2021\/09\/DSC_5179-1020x1536.jpg 1020w, https:\/\/castelbaiedesomme.com\/wp-content\/uploads\/2021\/09\/DSC_5179-1360x2048.jpg 1360w, https:\/\/castelbaiedesomme.com\/wp-content\/uploads\/2021\/09\/DSC_5179-1600x2409.jpg 1600w, https:\/\/castelbaiedesomme.com\/wp-content\/uploads\/2021\/09\/DSC_5179-scaled.jpg 1700w\" sizes=\"auto, (max-width: 680px) 100vw, 680px\" \/><\/figure>\n\n\n\n<figure class=\"wp-block-image size-large\"><img loading=\"lazy\" decoding=\"async\" width=\"1024\" height=\"680\" data-id=\"259\" src=\"https:\/\/castelbaiedesomme.com\/wp-content\/uploads\/2021\/09\/DSC_5184-1024x680.jpg\" alt=\"\" class=\"wp-image-259\" srcset=\"https:\/\/castelbaiedesomme.com\/wp-content\/uploads\/2021\/09\/DSC_5184-1024x680.jpg 1024w, https:\/\/castelbaiedesomme.com\/wp-content\/uploads\/2021\/09\/DSC_5184-300x199.jpg 300w, https:\/\/castelbaiedesomme.com\/wp-content\/uploads\/2021\/09\/DSC_5184-768x510.jpg 768w, https:\/\/castelbaiedesomme.com\/wp-content\/uploads\/2021\/09\/DSC_5184-1536x1020.jpg 1536w, https:\/\/castelbaiedesomme.com\/wp-content\/uploads\/2021\/09\/DSC_5184-2048x1360.jpg 2048w, https:\/\/castelbaiedesomme.com\/wp-content\/uploads\/2021\/09\/DSC_5184-1600x1063.jpg 1600w\" sizes=\"auto, (max-width: 1024px) 100vw, 1024px\" \/><\/figure>\n\n\n\n<figure class=\"wp-block-image size-large\"><img loading=\"lazy\" decoding=\"async\" width=\"1024\" height=\"680\" data-id=\"260\" src=\"https:\/\/castelbaiedesomme.com\/wp-content\/uploads\/2021\/09\/DSC_7672-1024x680.jpg\" alt=\"\" class=\"wp-image-260\" srcset=\"https:\/\/castelbaiedesomme.com\/wp-content\/uploads\/2021\/09\/DSC_7672-1024x680.jpg 1024w, https:\/\/castelbaiedesomme.com\/wp-content\/uploads\/2021\/09\/DSC_7672-300x199.jpg 300w, https:\/\/castelbaiedesomme.com\/wp-content\/uploads\/2021\/09\/DSC_7672-768x510.jpg 768w, https:\/\/castelbaiedesomme.com\/wp-content\/uploads\/2021\/09\/DSC_7672-1536x1020.jpg 1536w, https:\/\/castelbaiedesomme.com\/wp-content\/uploads\/2021\/09\/DSC_7672-2048x1360.jpg 2048w, https:\/\/castelbaiedesomme.com\/wp-content\/uploads\/2021\/09\/DSC_7672-1600x1063.jpg 1600w\" sizes=\"auto, (max-width: 1024px) 100vw, 1024px\" \/><\/figure>\n\n\n\n<figure class=\"wp-block-image size-large\"><img loading=\"lazy\" decoding=\"async\" width=\"1024\" height=\"680\" data-id=\"261\" src=\"https:\/\/castelbaiedesomme.com\/wp-content\/uploads\/2021\/09\/DSC_7693-1024x680.jpg\" alt=\"\" class=\"wp-image-261\" srcset=\"https:\/\/castelbaiedesomme.com\/wp-content\/uploads\/2021\/09\/DSC_7693-1024x680.jpg 1024w, https:\/\/castelbaiedesomme.com\/wp-content\/uploads\/2021\/09\/DSC_7693-300x199.jpg 300w, https:\/\/castelbaiedesomme.com\/wp-content\/uploads\/2021\/09\/DSC_7693-768x510.jpg 768w, https:\/\/castelbaiedesomme.com\/wp-content\/uploads\/2021\/09\/DSC_7693-1536x1020.jpg 1536w, https:\/\/castelbaiedesomme.com\/wp-content\/uploads\/2021\/09\/DSC_7693-2048x1360.jpg 2048w, https:\/\/castelbaiedesomme.com\/wp-content\/uploads\/2021\/09\/DSC_7693-1600x1063.jpg 1600w\" sizes=\"auto, (max-width: 1024px) 100vw, 1024px\" \/><\/figure>\n\n\n\n<figure class=\"wp-block-image size-large\"><img loading=\"lazy\" decoding=\"async\" width=\"679\" height=\"1024\" data-id=\"262\" src=\"https:\/\/castelbaiedesomme.com\/wp-content\/uploads\/2021\/09\/sdb2-679x1024.jpg\" alt=\"\" class=\"wp-image-262\" srcset=\"https:\/\/castelbaiedesomme.com\/wp-content\/uploads\/2021\/09\/sdb2-679x1024.jpg 679w, https:\/\/castelbaiedesomme.com\/wp-content\/uploads\/2021\/09\/sdb2-199x300.jpg 199w, https:\/\/castelbaiedesomme.com\/wp-content\/uploads\/2021\/09\/sdb2-768x1159.jpg 768w, https:\/\/castelbaiedesomme.com\/wp-content\/uploads\/2021\/09\/sdb2-1018x1536.jpg 1018w, https:\/\/castelbaiedesomme.com\/wp-content\/uploads\/2021\/09\/sdb2-1357x2048.jpg 1357w, https:\/\/castelbaiedesomme.com\/wp-content\/uploads\/2021\/09\/sdb2-1600x2415.jpg 1600w, https:\/\/castelbaiedesomme.com\/wp-content\/uploads\/2021\/09\/sdb2-scaled.jpg 1696w\" sizes=\"auto, (max-width: 679px) 100vw, 679px\" \/><\/figure>\n\n\n\n<figure class=\"wp-block-image size-large\"><img loading=\"lazy\" decoding=\"async\" width=\"1024\" height=\"680\" data-id=\"253\" src=\"https:\/\/castelbaiedesomme.com\/wp-content\/uploads\/2021\/09\/DSC_5168-1024x680.jpg\" alt=\"\" class=\"wp-image-253\" srcset=\"https:\/\/castelbaiedesomme.com\/wp-content\/uploads\/2021\/09\/DSC_5168-1024x680.jpg 1024w, https:\/\/castelbaiedesomme.com\/wp-content\/uploads\/2021\/09\/DSC_5168-300x199.jpg 300w, https:\/\/castelbaiedesomme.com\/wp-content\/uploads\/2021\/09\/DSC_5168-768x510.jpg 768w, https:\/\/castelbaiedesomme.com\/wp-content\/uploads\/2021\/09\/DSC_5168-1536x1020.jpg 1536w, https:\/\/castelbaiedesomme.com\/wp-content\/uploads\/2021\/09\/DSC_5168-2048x1360.jpg 2048w, https:\/\/castelbaiedesomme.com\/wp-content\/uploads\/2021\/09\/DSC_5168-1600x1063.jpg 1600w\" sizes=\"auto, (max-width: 1024px) 100vw, 1024px\" \/><\/figure>\n<\/figure>\n\n\n\n<div style=\"height:50px\" aria-hidden=\"true\" class=\"wp-block-spacer\"><\/div>","protected":false},"excerpt":{"rendered":"<p>Notre Suite&nbsp;familiale, type \u00ab&nbsp;Junior&nbsp;\u00bb des grands h\u00f4tels, vous ravit dans un d\u00e9cor contemporain.Tons naturels, mati\u00e8res nobles et chaleureuses, cet espace paisible est propice aux longs s\u00e9jours\u2026De ses fen\u00eatres, vous d\u00e9couvrez la beaut\u00e9 du parc.&nbsp; Vous disposez de :\u2013 Une tr\u00e8s grande chambre double avec lit de 180*200 cm\u2013 Un bureau- dressing avec chemin\u00e9e, pouvant se [&hellip;]<\/p>\n","protected":false},"author":1,"featured_media":0,"parent":0,"menu_order":0,"comment_status":"closed","ping_status":"open","template":"","meta":{"_uag_custom_page_level_css":"","footnotes":""},"class_list":["post-2","page","type-page","status-publish","hentry"],"acf":[],"uagb_featured_image_src":{"full":false,"thumbnail":false,"medium":false,"medium_large":false,"large":false,"1536x1536":false,"2048x2048":false,"trp-custom-language-flag":false,"hero-image":false},"uagb_author_info":{"display_name":"Felix","author_link":"https:\/\/castelbaiedesomme.com\/en\/author\/felix\/"},"uagb_comment_info":0,"uagb_excerpt":"Notre Suite&nbsp;familiale, type \u00ab&nbsp;Junior&nbsp;\u00bb des grands h\u00f4tels, vous ravit dans un d\u00e9cor contemporain.Tons naturels, mati\u00e8res nobles et chaleureuses, cet espace paisible est propice aux longs s\u00e9jours\u2026De ses fen\u00eatres, vous d\u00e9couvrez la beaut\u00e9 du parc.&nbsp; Vous disposez de :\u2013 Une tr\u00e8s grande chambre double avec lit de 180*200 cm\u2013 Un bureau- dressing avec chemin\u00e9e, pouvant se&hellip;","_links":{"self":[{"href":"https:\/\/castelbaiedesomme.com\/en\/wp-json\/wp\/v2\/pages\/2","targetHints":{"allow":["GET"]}}],"collection":[{"href":"https:\/\/castelbaiedesomme.com\/en\/wp-json\/wp\/v2\/pages"}],"about":[{"href":"https:\/\/castelbaiedesomme.com\/en\/wp-json\/wp\/v2\/types\/page"}],"author":[{"embeddable":true,"href":"https:\/\/castelbaiedesomme.com\/en\/wp-json\/wp\/v2\/users\/1"}],"replies":[{"embeddable":true,"href":"https:\/\/castelbaiedesomme.com\/en\/wp-json\/wp\/v2\/comments?post=2"}],"version-history":[{"count":22,"href":"https:\/\/castelbaiedesomme.com\/en\/wp-json\/wp\/v2\/pages\/2\/revisions"}],"predecessor-version":[{"id":2437,"href":"https:\/\/castelbaiedesomme.com\/en\/wp-json\/wp\/v2\/pages\/2\/revisions\/2437"}],"wp:attachment":[{"href":"https:\/\/castelbaiedesomme.com\/en\/wp-json\/wp\/v2\/media?parent=2"}],"curies":[{"name":"wp","href":"https:\/\/api.w.org\/{rel}","templated":true}]}}