{"id":268,"date":"2021-09-06T13:55:20","date_gmt":"2021-09-06T13:55:20","guid":{"rendered":"https:\/\/castelbaiedesomme.com\/?page_id=268"},"modified":"2022-07-05T18:38:46","modified_gmt":"2022-07-05T18:38:46","slug":"bonne-maman","status":"publish","type":"page","link":"https:\/\/castelbaiedesomme.com\/en\/bonne-maman\/","title":{"rendered":"Bonne Maman"},"content":{"rendered":"<div class=\"wp-block-cover alignfull\" style=\"min-height:800px;aspect-ratio:unset;\"><span aria-hidden=\"true\" class=\"wp-block-cover__background has-background-dim-0 has-background-dim\"><\/span><img loading=\"lazy\" decoding=\"async\" width=\"2560\" height=\"1700\" class=\"wp-block-cover__image-background wp-image-274\" alt=\"\" src=\"https:\/\/castelbaiedesomme.com\/wp-content\/uploads\/2021\/09\/DSC_5388-scaled.jpg\" data-object-fit=\"cover\" srcset=\"https:\/\/castelbaiedesomme.com\/wp-content\/uploads\/2021\/09\/DSC_5388-scaled.jpg 2560w, https:\/\/castelbaiedesomme.com\/wp-content\/uploads\/2021\/09\/DSC_5388-300x199.jpg 300w, https:\/\/castelbaiedesomme.com\/wp-content\/uploads\/2021\/09\/DSC_5388-1024x680.jpg 1024w, https:\/\/castelbaiedesomme.com\/wp-content\/uploads\/2021\/09\/DSC_5388-768x510.jpg 768w, https:\/\/castelbaiedesomme.com\/wp-content\/uploads\/2021\/09\/DSC_5388-1536x1020.jpg 1536w, https:\/\/castelbaiedesomme.com\/wp-content\/uploads\/2021\/09\/DSC_5388-2048x1360.jpg 2048w, https:\/\/castelbaiedesomme.com\/wp-content\/uploads\/2021\/09\/DSC_5388-1600x1063.jpg 1600w\" sizes=\"auto, (max-width: 2560px) 100vw, 2560px\" \/><div class=\"wp-block-cover__inner-container is-layout-flow wp-block-cover-is-layout-flow\">\n<h2 class=\"alignwide has-text-color wp-block-heading\" id=\"bonne-maman\" style=\"color:#f8f4e4;font-size:64px\">Bonne Maman.<\/h2>\n\n\n\n<div class=\"wp-block-columns alignwide is-layout-flex wp-container-core-columns-is-layout-9d6595d7 wp-block-columns-is-layout-flex\">\n<div class=\"wp-block-column is-layout-flow wp-block-column-is-layout-flow\" style=\"flex-basis:55%\">\n<div style=\"height:330px\" aria-hidden=\"true\" class=\"wp-block-spacer\"><\/div>\n<\/div>\n\n\n\n<div class=\"wp-block-column is-layout-flow wp-block-column-is-layout-flow\"><\/div>\n<\/div>\n<\/div><\/div>\n\n\n\n<div style=\"height:100px\" aria-hidden=\"true\" class=\"wp-block-spacer\"><\/div>\n\n\n\n<div class=\"wp-block-columns is-layout-flex wp-container-core-columns-is-layout-9d6595d7 wp-block-columns-is-layout-flex\">\n<div class=\"wp-block-column is-layout-flow wp-block-column-is-layout-flow\">\n<p>\"Bonne Maman\" is the room with the oldest structure; one of its walls is simply a medieval rampart.&nbsp;<br>By looking by the windows, you can see how thick it is.<br>The woodwork, the mantelpiece, the flowered cotton\u2026 soften the atmosphere.&nbsp;<\/p>\n\n\n\n<p>Standing at the windows, you discover the beauty of the park.<\/p>\n\n\n\n<p>You dispose of:<br>- A double room with a 140*200 cm bed<br>- (to be attached if you wish) A double room with 160*200 cm bed and bathroom with Italian shower and\/or a single room with 90*190 cm bed&nbsp;<\/p>\n\n\n\n<p>= 2 to 4 adults + 1 child<\/p>\n\n\n\n<p><br>- A bathroom with a free-standing bath<br>- Flat screen TV and internet access<\/p>\n\n\n\n<p><br><\/p>\n\n\n\n<p>No smoking and no pets allowed.&nbsp;<\/p>\n\n\n\n<p>Located on the 1st floor of the house.<\/p>\n<\/div>\n<\/div>\n\n\n\n<p><\/p>\n\n\n\n<div style=\"height:100px\" aria-hidden=\"true\" class=\"wp-block-spacer\"><\/div>\n\n\n\n<figure class=\"wp-block-gallery has-nested-images columns-default is-cropped wp-block-gallery-1 is-layout-flex wp-block-gallery-is-layout-flex\">\n<figure class=\"wp-block-image size-large\"><img decoding=\"async\" data-id=\"1213\" src=\"https:\/\/castelbaiedesomme.com\/wp-content\/uploads\/2022\/03\/Bonne-Maman-Tete-de-lit-scaled.jpg\" alt=\"\" class=\"wp-image-1213\"\/><\/figure>\n\n\n\n<figure class=\"wp-block-image size-large\"><img loading=\"lazy\" decoding=\"async\" width=\"680\" height=\"1024\" data-id=\"1428\" src=\"https:\/\/castelbaiedesomme.com\/wp-content\/uploads\/2022\/03\/DSC_5395-680x1024.jpg\" alt=\"\" class=\"wp-image-1428\" srcset=\"https:\/\/castelbaiedesomme.com\/wp-content\/uploads\/2022\/03\/DSC_5395-680x1024.jpg 680w, https:\/\/castelbaiedesomme.com\/wp-content\/uploads\/2022\/03\/DSC_5395-199x300.jpg 199w, https:\/\/castelbaiedesomme.com\/wp-content\/uploads\/2022\/03\/DSC_5395-768x1156.jpg 768w, https:\/\/castelbaiedesomme.com\/wp-content\/uploads\/2022\/03\/DSC_5395-1020x1536.jpg 1020w, https:\/\/castelbaiedesomme.com\/wp-content\/uploads\/2022\/03\/DSC_5395-1360x2048.jpg 1360w, https:\/\/castelbaiedesomme.com\/wp-content\/uploads\/2022\/03\/DSC_5395-8x12.jpg 8w, https:\/\/castelbaiedesomme.com\/wp-content\/uploads\/2022\/03\/DSC_5395-1600x2409.jpg 1600w, https:\/\/castelbaiedesomme.com\/wp-content\/uploads\/2022\/03\/DSC_5395-scaled.jpg 1700w\" sizes=\"auto, (max-width: 680px) 100vw, 680px\" \/><\/figure>\n\n\n\n<figure class=\"wp-block-image size-large\"><img loading=\"lazy\" decoding=\"async\" width=\"1700\" height=\"2560\" data-id=\"273\" src=\"https:\/\/castelbaiedesomme.com\/wp-content\/uploads\/2021\/09\/DSC_5315-scaled.jpg\" alt=\"\" class=\"wp-image-273\" srcset=\"https:\/\/castelbaiedesomme.com\/wp-content\/uploads\/2021\/09\/DSC_5315-scaled.jpg 1700w, https:\/\/castelbaiedesomme.com\/wp-content\/uploads\/2021\/09\/DSC_5315-199x300.jpg 199w, https:\/\/castelbaiedesomme.com\/wp-content\/uploads\/2021\/09\/DSC_5315-680x1024.jpg 680w, https:\/\/castelbaiedesomme.com\/wp-content\/uploads\/2021\/09\/DSC_5315-768x1156.jpg 768w, https:\/\/castelbaiedesomme.com\/wp-content\/uploads\/2021\/09\/DSC_5315-1020x1536.jpg 1020w, https:\/\/castelbaiedesomme.com\/wp-content\/uploads\/2021\/09\/DSC_5315-1360x2048.jpg 1360w, https:\/\/castelbaiedesomme.com\/wp-content\/uploads\/2021\/09\/DSC_5315-1600x2409.jpg 1600w\" sizes=\"auto, (max-width: 1700px) 100vw, 1700px\" \/><\/figure>\n\n\n\n<figure class=\"wp-block-image size-large\"><img loading=\"lazy\" decoding=\"async\" width=\"1700\" height=\"2560\" data-id=\"272\" src=\"https:\/\/castelbaiedesomme.com\/wp-content\/uploads\/2021\/09\/DSC_5276-scaled.jpg\" alt=\"\" class=\"wp-image-272\" srcset=\"https:\/\/castelbaiedesomme.com\/wp-content\/uploads\/2021\/09\/DSC_5276-scaled.jpg 1700w, https:\/\/castelbaiedesomme.com\/wp-content\/uploads\/2021\/09\/DSC_5276-199x300.jpg 199w, https:\/\/castelbaiedesomme.com\/wp-content\/uploads\/2021\/09\/DSC_5276-680x1024.jpg 680w, https:\/\/castelbaiedesomme.com\/wp-content\/uploads\/2021\/09\/DSC_5276-768x1156.jpg 768w, https:\/\/castelbaiedesomme.com\/wp-content\/uploads\/2021\/09\/DSC_5276-1020x1536.jpg 1020w, https:\/\/castelbaiedesomme.com\/wp-content\/uploads\/2021\/09\/DSC_5276-1360x2048.jpg 1360w, https:\/\/castelbaiedesomme.com\/wp-content\/uploads\/2021\/09\/DSC_5276-1600x2409.jpg 1600w\" sizes=\"auto, (max-width: 1700px) 100vw, 1700px\" \/><\/figure>\n\n\n\n<figure class=\"wp-block-image size-large\"><img loading=\"lazy\" decoding=\"async\" width=\"1700\" height=\"2560\" data-id=\"271\" src=\"https:\/\/castelbaiedesomme.com\/wp-content\/uploads\/2021\/09\/DSC_5272-scaled.jpg\" alt=\"\" class=\"wp-image-271\" srcset=\"https:\/\/castelbaiedesomme.com\/wp-content\/uploads\/2021\/09\/DSC_5272-scaled.jpg 1700w, https:\/\/castelbaiedesomme.com\/wp-content\/uploads\/2021\/09\/DSC_5272-199x300.jpg 199w, https:\/\/castelbaiedesomme.com\/wp-content\/uploads\/2021\/09\/DSC_5272-680x1024.jpg 680w, https:\/\/castelbaiedesomme.com\/wp-content\/uploads\/2021\/09\/DSC_5272-768x1156.jpg 768w, https:\/\/castelbaiedesomme.com\/wp-content\/uploads\/2021\/09\/DSC_5272-1020x1536.jpg 1020w, https:\/\/castelbaiedesomme.com\/wp-content\/uploads\/2021\/09\/DSC_5272-1360x2048.jpg 1360w, https:\/\/castelbaiedesomme.com\/wp-content\/uploads\/2021\/09\/DSC_5272-1600x2409.jpg 1600w\" sizes=\"auto, (max-width: 1700px) 100vw, 1700px\" \/><\/figure>\n\n\n\n<figure class=\"wp-block-image size-large\"><img loading=\"lazy\" decoding=\"async\" width=\"1700\" height=\"2560\" data-id=\"275\" src=\"https:\/\/castelbaiedesomme.com\/wp-content\/uploads\/2021\/09\/DSC_5393-scaled.jpg\" alt=\"\" class=\"wp-image-275\" srcset=\"https:\/\/castelbaiedesomme.com\/wp-content\/uploads\/2021\/09\/DSC_5393-scaled.jpg 1700w, https:\/\/castelbaiedesomme.com\/wp-content\/uploads\/2021\/09\/DSC_5393-199x300.jpg 199w, https:\/\/castelbaiedesomme.com\/wp-content\/uploads\/2021\/09\/DSC_5393-680x1024.jpg 680w, https:\/\/castelbaiedesomme.com\/wp-content\/uploads\/2021\/09\/DSC_5393-768x1156.jpg 768w, https:\/\/castelbaiedesomme.com\/wp-content\/uploads\/2021\/09\/DSC_5393-1020x1536.jpg 1020w, https:\/\/castelbaiedesomme.com\/wp-content\/uploads\/2021\/09\/DSC_5393-1360x2048.jpg 1360w, https:\/\/castelbaiedesomme.com\/wp-content\/uploads\/2021\/09\/DSC_5393-1600x2409.jpg 1600w\" sizes=\"auto, (max-width: 1700px) 100vw, 1700px\" \/><\/figure>\n\n\n\n<figure class=\"wp-block-image size-large\"><img loading=\"lazy\" decoding=\"async\" width=\"1700\" height=\"2560\" data-id=\"276\" src=\"https:\/\/castelbaiedesomme.com\/wp-content\/uploads\/2021\/09\/DSC_5394-scaled.jpg\" alt=\"\" class=\"wp-image-276\" srcset=\"https:\/\/castelbaiedesomme.com\/wp-content\/uploads\/2021\/09\/DSC_5394-scaled.jpg 1700w, https:\/\/castelbaiedesomme.com\/wp-content\/uploads\/2021\/09\/DSC_5394-199x300.jpg 199w, https:\/\/castelbaiedesomme.com\/wp-content\/uploads\/2021\/09\/DSC_5394-680x1024.jpg 680w, https:\/\/castelbaiedesomme.com\/wp-content\/uploads\/2021\/09\/DSC_5394-768x1156.jpg 768w, https:\/\/castelbaiedesomme.com\/wp-content\/uploads\/2021\/09\/DSC_5394-1020x1536.jpg 1020w, https:\/\/castelbaiedesomme.com\/wp-content\/uploads\/2021\/09\/DSC_5394-1360x2048.jpg 1360w, https:\/\/castelbaiedesomme.com\/wp-content\/uploads\/2021\/09\/DSC_5394-1600x2409.jpg 1600w\" sizes=\"auto, (max-width: 1700px) 100vw, 1700px\" \/><\/figure>\n\n\n\n<figure class=\"wp-block-image size-large\"><img loading=\"lazy\" decoding=\"async\" width=\"1700\" height=\"2560\" data-id=\"278\" src=\"https:\/\/castelbaiedesomme.com\/wp-content\/uploads\/2021\/09\/DSC_5401-scaled.jpg\" alt=\"\" class=\"wp-image-278\" srcset=\"https:\/\/castelbaiedesomme.com\/wp-content\/uploads\/2021\/09\/DSC_5401-scaled.jpg 1700w, https:\/\/castelbaiedesomme.com\/wp-content\/uploads\/2021\/09\/DSC_5401-199x300.jpg 199w, https:\/\/castelbaiedesomme.com\/wp-content\/uploads\/2021\/09\/DSC_5401-680x1024.jpg 680w, https:\/\/castelbaiedesomme.com\/wp-content\/uploads\/2021\/09\/DSC_5401-768x1156.jpg 768w, https:\/\/castelbaiedesomme.com\/wp-content\/uploads\/2021\/09\/DSC_5401-1020x1536.jpg 1020w, https:\/\/castelbaiedesomme.com\/wp-content\/uploads\/2021\/09\/DSC_5401-1360x2048.jpg 1360w, https:\/\/castelbaiedesomme.com\/wp-content\/uploads\/2021\/09\/DSC_5401-1600x2409.jpg 1600w\" sizes=\"auto, (max-width: 1700px) 100vw, 1700px\" \/><\/figure>\n\n\n\n<figure class=\"wp-block-image size-large\"><img loading=\"lazy\" decoding=\"async\" width=\"2560\" height=\"1700\" data-id=\"279\" src=\"https:\/\/castelbaiedesomme.com\/wp-content\/uploads\/2021\/09\/DSC_7703-scaled.jpg\" alt=\"\" class=\"wp-image-279\" srcset=\"https:\/\/castelbaiedesomme.com\/wp-content\/uploads\/2021\/09\/DSC_7703-scaled.jpg 2560w, https:\/\/castelbaiedesomme.com\/wp-content\/uploads\/2021\/09\/DSC_7703-300x199.jpg 300w, https:\/\/castelbaiedesomme.com\/wp-content\/uploads\/2021\/09\/DSC_7703-1024x680.jpg 1024w, https:\/\/castelbaiedesomme.com\/wp-content\/uploads\/2021\/09\/DSC_7703-768x510.jpg 768w, https:\/\/castelbaiedesomme.com\/wp-content\/uploads\/2021\/09\/DSC_7703-1536x1020.jpg 1536w, https:\/\/castelbaiedesomme.com\/wp-content\/uploads\/2021\/09\/DSC_7703-2048x1360.jpg 2048w, https:\/\/castelbaiedesomme.com\/wp-content\/uploads\/2021\/09\/DSC_7703-1600x1063.jpg 1600w\" sizes=\"auto, (max-width: 2560px) 100vw, 2560px\" \/><\/figure>\n<\/figure>\n\n\n\n<div style=\"height:50px\" aria-hidden=\"true\" class=\"wp-block-spacer\"><\/div>","protected":false},"excerpt":{"rendered":"<p>\u00ab&nbsp;Bonne Maman&nbsp;\u00bb est la chambre \u00e0 la structure la plus ancienne ; l\u2019un de ses murs est tout simplement un rempart m\u00e9di\u00e9val.&nbsp;Ne manquez pas d\u2019appr\u00e9cier son \u00e9paisseur par les fen\u00eatres !Les boiseries, la chemin\u00e9e, le coton fleuri offrent une ambiance feutr\u00e9e appelant \u00e0 la r\u00eaverie.&nbsp; De ses fen\u00eatres, vous d\u00e9couvrez la beaut\u00e9 du parc. Vous [&hellip;]<\/p>\n","protected":false},"author":2,"featured_media":0,"parent":0,"menu_order":0,"comment_status":"closed","ping_status":"closed","template":"","meta":{"_uag_custom_page_level_css":"","footnotes":""},"class_list":["post-268","page","type-page","status-publish","hentry"],"acf":[],"uagb_featured_image_src":{"full":false,"thumbnail":false,"medium":false,"medium_large":false,"large":false,"1536x1536":false,"2048x2048":false,"trp-custom-language-flag":false,"hero-image":false},"uagb_author_info":{"display_name":"Isabella Ravizza","author_link":"https:\/\/castelbaiedesomme.com\/en\/author\/isabella\/"},"uagb_comment_info":0,"uagb_excerpt":"\u00ab&nbsp;Bonne Maman&nbsp;\u00bb est la chambre \u00e0 la structure la plus ancienne ; l\u2019un de ses murs est tout simplement un rempart m\u00e9di\u00e9val.&nbsp;Ne manquez pas d\u2019appr\u00e9cier son \u00e9paisseur par les fen\u00eatres !Les boiseries, la chemin\u00e9e, le coton fleuri offrent une ambiance feutr\u00e9e appelant \u00e0 la r\u00eaverie.&nbsp; De ses fen\u00eatres, vous d\u00e9couvrez la beaut\u00e9 du parc. Vous&hellip;","_links":{"self":[{"href":"https:\/\/castelbaiedesomme.com\/en\/wp-json\/wp\/v2\/pages\/268","targetHints":{"allow":["GET"]}}],"collection":[{"href":"https:\/\/castelbaiedesomme.com\/en\/wp-json\/wp\/v2\/pages"}],"about":[{"href":"https:\/\/castelbaiedesomme.com\/en\/wp-json\/wp\/v2\/types\/page"}],"author":[{"embeddable":true,"href":"https:\/\/castelbaiedesomme.com\/en\/wp-json\/wp\/v2\/users\/2"}],"replies":[{"embeddable":true,"href":"https:\/\/castelbaiedesomme.com\/en\/wp-json\/wp\/v2\/comments?post=268"}],"version-history":[{"count":21,"href":"https:\/\/castelbaiedesomme.com\/en\/wp-json\/wp\/v2\/pages\/268\/revisions"}],"predecessor-version":[{"id":2391,"href":"https:\/\/castelbaiedesomme.com\/en\/wp-json\/wp\/v2\/pages\/268\/revisions\/2391"}],"wp:attachment":[{"href":"https:\/\/castelbaiedesomme.com\/en\/wp-json\/wp\/v2\/media?parent=268"}],"curies":[{"name":"wp","href":"https:\/\/api.w.org\/{rel}","templated":true}]}}