{"id":304,"date":"2021-09-06T14:16:26","date_gmt":"2021-09-06T14:16:26","guid":{"rendered":"https:\/\/castelbaiedesomme.com\/?page_id=304"},"modified":"2022-07-05T18:39:29","modified_gmt":"2022-07-05T18:39:29","slug":"bord-de-mer","status":"publish","type":"page","link":"https:\/\/castelbaiedesomme.com\/en\/bord-de-mer\/","title":{"rendered":"Bord de mer"},"content":{"rendered":"<div class=\"wp-block-cover alignfull is-light\" style=\"min-height:800px;aspect-ratio:unset;\"><span aria-hidden=\"true\" class=\"wp-block-cover__background has-background-dim-0 has-background-dim\"><\/span><img loading=\"lazy\" decoding=\"async\" width=\"2560\" height=\"1700\" class=\"wp-block-cover__image-background wp-image-315\" alt=\"\" src=\"https:\/\/castelbaiedesomme.com\/wp-content\/uploads\/2021\/09\/DSC_7687-scaled.jpg\" data-object-fit=\"cover\" srcset=\"https:\/\/castelbaiedesomme.com\/wp-content\/uploads\/2021\/09\/DSC_7687-scaled.jpg 2560w, https:\/\/castelbaiedesomme.com\/wp-content\/uploads\/2021\/09\/DSC_7687-300x199.jpg 300w, https:\/\/castelbaiedesomme.com\/wp-content\/uploads\/2021\/09\/DSC_7687-1024x680.jpg 1024w, https:\/\/castelbaiedesomme.com\/wp-content\/uploads\/2021\/09\/DSC_7687-768x510.jpg 768w, https:\/\/castelbaiedesomme.com\/wp-content\/uploads\/2021\/09\/DSC_7687-1536x1020.jpg 1536w, https:\/\/castelbaiedesomme.com\/wp-content\/uploads\/2021\/09\/DSC_7687-2048x1360.jpg 2048w, https:\/\/castelbaiedesomme.com\/wp-content\/uploads\/2021\/09\/DSC_7687-1600x1063.jpg 1600w\" sizes=\"auto, (max-width: 2560px) 100vw, 2560px\" \/><div class=\"wp-block-cover__inner-container is-layout-flow wp-block-cover-is-layout-flow\">\n<h2 class=\"alignwide has-text-color wp-block-heading\" style=\"color:#f8f4e4;font-size:64px\">Bord de mer.<\/h2>\n\n\n\n<div class=\"wp-block-columns alignwide is-layout-flex wp-container-core-columns-is-layout-9d6595d7 wp-block-columns-is-layout-flex\">\n<div class=\"wp-block-column is-layout-flow wp-block-column-is-layout-flow\" style=\"flex-basis:55%\">\n<div style=\"height:330px\" aria-hidden=\"true\" class=\"wp-block-spacer\"><\/div>\n<\/div>\n\n\n\n<div class=\"wp-block-column is-layout-flow wp-block-column-is-layout-flow\"><\/div>\n<\/div>\n<\/div><\/div>\n\n\n\n<div style=\"height:100px\" aria-hidden=\"true\" class=\"wp-block-spacer\"><\/div>\n\n\n\n<div class=\"wp-block-columns is-layout-flex wp-container-core-columns-is-layout-9d6595d7 wp-block-columns-is-layout-flex\">\n<div class=\"wp-block-column is-layout-flow wp-block-column-is-layout-flow\">\n<p>The soft setting of this room with blue, cream and brown tones reminds you of the landscapes of our picardy coast.<br>Trough the window you discover the beauty of the park and the coach gate from the 11th century, the symbol of Le Castel.&nbsp;<\/p>\n\n\n\n<p>You dispose of:<br>- A double room with a 160*200 cm bed<br>- (to be attached if you wish) A double room with bed 140*200 cm and bathroom with bathtub on feet and\/or a single room with bed 90 x 190 cm&nbsp;<\/p>\n\n\n\n<p>= 2 to 4 adults + 1 child&nbsp;<\/p>\n\n\n\n<p>- A bathroom with Italian shower<br>- Flat screen TV and internet access<\/p>\n\n\n\n<p>No smoking and no pets allowed.&nbsp;<\/p>\n\n\n\n<p>Located on the 1st floor of the house.<\/p>\n<\/div>\n<\/div>\n\n\n\n<div style=\"height:100px\" aria-hidden=\"true\" class=\"wp-block-spacer\"><\/div>\n\n\n\n<figure class=\"wp-block-gallery has-nested-images columns-default is-cropped has-lightbox wp-block-gallery-1 is-layout-flex wp-block-gallery-is-layout-flex\">\n<figure class=\"wp-block-image size-large\"><img loading=\"lazy\" decoding=\"async\" width=\"1024\" height=\"680\" data-id=\"316\" src=\"https:\/\/castelbaiedesomme.com\/wp-content\/uploads\/2021\/09\/DSC_7691-1024x680.jpg\" alt=\"\" class=\"wp-image-316\" srcset=\"https:\/\/castelbaiedesomme.com\/wp-content\/uploads\/2021\/09\/DSC_7691-1024x680.jpg 1024w, https:\/\/castelbaiedesomme.com\/wp-content\/uploads\/2021\/09\/DSC_7691-300x199.jpg 300w, https:\/\/castelbaiedesomme.com\/wp-content\/uploads\/2021\/09\/DSC_7691-768x510.jpg 768w, https:\/\/castelbaiedesomme.com\/wp-content\/uploads\/2021\/09\/DSC_7691-1536x1020.jpg 1536w, https:\/\/castelbaiedesomme.com\/wp-content\/uploads\/2021\/09\/DSC_7691-2048x1360.jpg 2048w, https:\/\/castelbaiedesomme.com\/wp-content\/uploads\/2021\/09\/DSC_7691-1600x1063.jpg 1600w\" sizes=\"auto, (max-width: 1024px) 100vw, 1024px\" \/><\/figure>\n\n\n\n<figure class=\"wp-block-image size-large\"><img loading=\"lazy\" decoding=\"async\" width=\"1024\" height=\"680\" data-id=\"315\" src=\"https:\/\/castelbaiedesomme.com\/wp-content\/uploads\/2021\/09\/DSC_7687-1024x680.jpg\" alt=\"\" class=\"wp-image-315\" srcset=\"https:\/\/castelbaiedesomme.com\/wp-content\/uploads\/2021\/09\/DSC_7687-1024x680.jpg 1024w, https:\/\/castelbaiedesomme.com\/wp-content\/uploads\/2021\/09\/DSC_7687-300x199.jpg 300w, https:\/\/castelbaiedesomme.com\/wp-content\/uploads\/2021\/09\/DSC_7687-768x510.jpg 768w, https:\/\/castelbaiedesomme.com\/wp-content\/uploads\/2021\/09\/DSC_7687-1536x1020.jpg 1536w, https:\/\/castelbaiedesomme.com\/wp-content\/uploads\/2021\/09\/DSC_7687-2048x1360.jpg 2048w, https:\/\/castelbaiedesomme.com\/wp-content\/uploads\/2021\/09\/DSC_7687-1600x1063.jpg 1600w\" sizes=\"auto, (max-width: 1024px) 100vw, 1024px\" \/><\/figure>\n\n\n\n<figure class=\"wp-block-image size-large\"><img loading=\"lazy\" decoding=\"async\" width=\"680\" height=\"1024\" data-id=\"314\" src=\"https:\/\/castelbaiedesomme.com\/wp-content\/uploads\/2021\/09\/DSC_5307-680x1024.jpg\" alt=\"\" class=\"wp-image-314\" srcset=\"https:\/\/castelbaiedesomme.com\/wp-content\/uploads\/2021\/09\/DSC_5307-680x1024.jpg 680w, https:\/\/castelbaiedesomme.com\/wp-content\/uploads\/2021\/09\/DSC_5307-199x300.jpg 199w, https:\/\/castelbaiedesomme.com\/wp-content\/uploads\/2021\/09\/DSC_5307-768x1156.jpg 768w, https:\/\/castelbaiedesomme.com\/wp-content\/uploads\/2021\/09\/DSC_5307-1020x1536.jpg 1020w, https:\/\/castelbaiedesomme.com\/wp-content\/uploads\/2021\/09\/DSC_5307-1360x2048.jpg 1360w, https:\/\/castelbaiedesomme.com\/wp-content\/uploads\/2021\/09\/DSC_5307-1600x2409.jpg 1600w, https:\/\/castelbaiedesomme.com\/wp-content\/uploads\/2021\/09\/DSC_5307-scaled.jpg 1700w\" sizes=\"auto, (max-width: 680px) 100vw, 680px\" \/><\/figure>\n\n\n\n<figure class=\"wp-block-image size-large\"><img loading=\"lazy\" decoding=\"async\" width=\"680\" height=\"1024\" data-id=\"313\" src=\"https:\/\/castelbaiedesomme.com\/wp-content\/uploads\/2021\/09\/DSC_5300-680x1024.jpg\" alt=\"\" class=\"wp-image-313\" srcset=\"https:\/\/castelbaiedesomme.com\/wp-content\/uploads\/2021\/09\/DSC_5300-680x1024.jpg 680w, https:\/\/castelbaiedesomme.com\/wp-content\/uploads\/2021\/09\/DSC_5300-199x300.jpg 199w, https:\/\/castelbaiedesomme.com\/wp-content\/uploads\/2021\/09\/DSC_5300-768x1156.jpg 768w, https:\/\/castelbaiedesomme.com\/wp-content\/uploads\/2021\/09\/DSC_5300-1020x1536.jpg 1020w, https:\/\/castelbaiedesomme.com\/wp-content\/uploads\/2021\/09\/DSC_5300-1360x2048.jpg 1360w, https:\/\/castelbaiedesomme.com\/wp-content\/uploads\/2021\/09\/DSC_5300-1600x2409.jpg 1600w, https:\/\/castelbaiedesomme.com\/wp-content\/uploads\/2021\/09\/DSC_5300-scaled.jpg 1700w\" sizes=\"auto, (max-width: 680px) 100vw, 680px\" \/><\/figure>\n\n\n\n<figure class=\"wp-block-image size-large\"><img loading=\"lazy\" decoding=\"async\" width=\"680\" height=\"1024\" data-id=\"312\" src=\"https:\/\/castelbaiedesomme.com\/wp-content\/uploads\/2021\/09\/DSC_5299-680x1024.jpg\" alt=\"\" class=\"wp-image-312\" srcset=\"https:\/\/castelbaiedesomme.com\/wp-content\/uploads\/2021\/09\/DSC_5299-680x1024.jpg 680w, https:\/\/castelbaiedesomme.com\/wp-content\/uploads\/2021\/09\/DSC_5299-199x300.jpg 199w, https:\/\/castelbaiedesomme.com\/wp-content\/uploads\/2021\/09\/DSC_5299-768x1156.jpg 768w, https:\/\/castelbaiedesomme.com\/wp-content\/uploads\/2021\/09\/DSC_5299-1020x1536.jpg 1020w, https:\/\/castelbaiedesomme.com\/wp-content\/uploads\/2021\/09\/DSC_5299-1360x2048.jpg 1360w, https:\/\/castelbaiedesomme.com\/wp-content\/uploads\/2021\/09\/DSC_5299-1600x2409.jpg 1600w, https:\/\/castelbaiedesomme.com\/wp-content\/uploads\/2021\/09\/DSC_5299-scaled.jpg 1700w\" sizes=\"auto, (max-width: 680px) 100vw, 680px\" \/><\/figure>\n\n\n\n<figure class=\"wp-block-image size-large\"><img loading=\"lazy\" decoding=\"async\" width=\"1024\" height=\"680\" data-id=\"311\" src=\"https:\/\/castelbaiedesomme.com\/wp-content\/uploads\/2021\/09\/DSC_5298-1024x680.jpg\" alt=\"\" class=\"wp-image-311\" srcset=\"https:\/\/castelbaiedesomme.com\/wp-content\/uploads\/2021\/09\/DSC_5298-1024x680.jpg 1024w, https:\/\/castelbaiedesomme.com\/wp-content\/uploads\/2021\/09\/DSC_5298-300x199.jpg 300w, https:\/\/castelbaiedesomme.com\/wp-content\/uploads\/2021\/09\/DSC_5298-768x510.jpg 768w, https:\/\/castelbaiedesomme.com\/wp-content\/uploads\/2021\/09\/DSC_5298-1536x1020.jpg 1536w, https:\/\/castelbaiedesomme.com\/wp-content\/uploads\/2021\/09\/DSC_5298-2048x1360.jpg 2048w, https:\/\/castelbaiedesomme.com\/wp-content\/uploads\/2021\/09\/DSC_5298-1600x1063.jpg 1600w\" sizes=\"auto, (max-width: 1024px) 100vw, 1024px\" \/><\/figure>\n\n\n\n<figure class=\"wp-block-image size-large\"><img loading=\"lazy\" decoding=\"async\" width=\"680\" height=\"1024\" data-id=\"310\" src=\"https:\/\/castelbaiedesomme.com\/wp-content\/uploads\/2021\/09\/DSC_5294-680x1024.jpg\" alt=\"\" class=\"wp-image-310\" srcset=\"https:\/\/castelbaiedesomme.com\/wp-content\/uploads\/2021\/09\/DSC_5294-680x1024.jpg 680w, https:\/\/castelbaiedesomme.com\/wp-content\/uploads\/2021\/09\/DSC_5294-199x300.jpg 199w, https:\/\/castelbaiedesomme.com\/wp-content\/uploads\/2021\/09\/DSC_5294-768x1156.jpg 768w, https:\/\/castelbaiedesomme.com\/wp-content\/uploads\/2021\/09\/DSC_5294-1020x1536.jpg 1020w, https:\/\/castelbaiedesomme.com\/wp-content\/uploads\/2021\/09\/DSC_5294-1360x2048.jpg 1360w, https:\/\/castelbaiedesomme.com\/wp-content\/uploads\/2021\/09\/DSC_5294-1600x2409.jpg 1600w, https:\/\/castelbaiedesomme.com\/wp-content\/uploads\/2021\/09\/DSC_5294-scaled.jpg 1700w\" sizes=\"auto, (max-width: 680px) 100vw, 680px\" \/><\/figure>\n\n\n\n<figure class=\"wp-block-image size-large\"><img loading=\"lazy\" decoding=\"async\" width=\"1024\" height=\"680\" data-id=\"309\" src=\"https:\/\/castelbaiedesomme.com\/wp-content\/uploads\/2021\/09\/DSC_5286-1024x680.jpg\" alt=\"\" class=\"wp-image-309\" srcset=\"https:\/\/castelbaiedesomme.com\/wp-content\/uploads\/2021\/09\/DSC_5286-1024x680.jpg 1024w, https:\/\/castelbaiedesomme.com\/wp-content\/uploads\/2021\/09\/DSC_5286-300x199.jpg 300w, https:\/\/castelbaiedesomme.com\/wp-content\/uploads\/2021\/09\/DSC_5286-768x510.jpg 768w, https:\/\/castelbaiedesomme.com\/wp-content\/uploads\/2021\/09\/DSC_5286-1536x1020.jpg 1536w, https:\/\/castelbaiedesomme.com\/wp-content\/uploads\/2021\/09\/DSC_5286-2048x1360.jpg 2048w, https:\/\/castelbaiedesomme.com\/wp-content\/uploads\/2021\/09\/DSC_5286-1600x1063.jpg 1600w\" sizes=\"auto, (max-width: 1024px) 100vw, 1024px\" \/><\/figure>\n\n\n\n<figure class=\"wp-block-image size-large\"><img loading=\"lazy\" decoding=\"async\" width=\"1024\" height=\"680\" data-id=\"308\" src=\"https:\/\/castelbaiedesomme.com\/wp-content\/uploads\/2021\/09\/DSC_5282-1024x680.jpg\" alt=\"\" class=\"wp-image-308\" srcset=\"https:\/\/castelbaiedesomme.com\/wp-content\/uploads\/2021\/09\/DSC_5282-1024x680.jpg 1024w, https:\/\/castelbaiedesomme.com\/wp-content\/uploads\/2021\/09\/DSC_5282-300x199.jpg 300w, https:\/\/castelbaiedesomme.com\/wp-content\/uploads\/2021\/09\/DSC_5282-768x510.jpg 768w, https:\/\/castelbaiedesomme.com\/wp-content\/uploads\/2021\/09\/DSC_5282-1536x1020.jpg 1536w, https:\/\/castelbaiedesomme.com\/wp-content\/uploads\/2021\/09\/DSC_5282-2048x1360.jpg 2048w, https:\/\/castelbaiedesomme.com\/wp-content\/uploads\/2021\/09\/DSC_5282-1600x1063.jpg 1600w\" sizes=\"auto, (max-width: 1024px) 100vw, 1024px\" \/><\/figure>\n\n\n\n<figure class=\"wp-block-image size-large\"><img loading=\"lazy\" decoding=\"async\" width=\"2560\" height=\"1920\" data-id=\"1208\" src=\"https:\/\/castelbaiedesomme.com\/wp-content\/uploads\/2022\/03\/Bord-de-Mer-salon-cheminee-scaled.jpg\" alt=\"\" class=\"wp-image-1208\" srcset=\"https:\/\/castelbaiedesomme.com\/wp-content\/uploads\/2022\/03\/Bord-de-Mer-salon-cheminee-scaled.jpg 2560w, https:\/\/castelbaiedesomme.com\/wp-content\/uploads\/2022\/03\/Bord-de-Mer-salon-cheminee-300x225.jpg 300w, https:\/\/castelbaiedesomme.com\/wp-content\/uploads\/2022\/03\/Bord-de-Mer-salon-cheminee-1024x768.jpg 1024w, https:\/\/castelbaiedesomme.com\/wp-content\/uploads\/2022\/03\/Bord-de-Mer-salon-cheminee-768x576.jpg 768w, https:\/\/castelbaiedesomme.com\/wp-content\/uploads\/2022\/03\/Bord-de-Mer-salon-cheminee-1536x1152.jpg 1536w, https:\/\/castelbaiedesomme.com\/wp-content\/uploads\/2022\/03\/Bord-de-Mer-salon-cheminee-2048x1536.jpg 2048w, https:\/\/castelbaiedesomme.com\/wp-content\/uploads\/2022\/03\/Bord-de-Mer-salon-cheminee-16x12.jpg 16w, https:\/\/castelbaiedesomme.com\/wp-content\/uploads\/2022\/03\/Bord-de-Mer-salon-cheminee-1600x1200.jpg 1600w\" sizes=\"auto, (max-width: 2560px) 100vw, 2560px\" \/><\/figure>\n\n\n\n<figure class=\"wp-block-image size-large\"><img loading=\"lazy\" decoding=\"async\" width=\"2560\" height=\"1920\" data-id=\"1209\" src=\"https:\/\/castelbaiedesomme.com\/wp-content\/uploads\/2022\/03\/Bord-de-Mer-Tete-de-lit-scaled.jpg\" alt=\"\" class=\"wp-image-1209\" srcset=\"https:\/\/castelbaiedesomme.com\/wp-content\/uploads\/2022\/03\/Bord-de-Mer-Tete-de-lit-scaled.jpg 2560w, https:\/\/castelbaiedesomme.com\/wp-content\/uploads\/2022\/03\/Bord-de-Mer-Tete-de-lit-300x225.jpg 300w, https:\/\/castelbaiedesomme.com\/wp-content\/uploads\/2022\/03\/Bord-de-Mer-Tete-de-lit-1024x768.jpg 1024w, https:\/\/castelbaiedesomme.com\/wp-content\/uploads\/2022\/03\/Bord-de-Mer-Tete-de-lit-768x576.jpg 768w, https:\/\/castelbaiedesomme.com\/wp-content\/uploads\/2022\/03\/Bord-de-Mer-Tete-de-lit-1536x1152.jpg 1536w, https:\/\/castelbaiedesomme.com\/wp-content\/uploads\/2022\/03\/Bord-de-Mer-Tete-de-lit-2048x1536.jpg 2048w, https:\/\/castelbaiedesomme.com\/wp-content\/uploads\/2022\/03\/Bord-de-Mer-Tete-de-lit-16x12.jpg 16w, https:\/\/castelbaiedesomme.com\/wp-content\/uploads\/2022\/03\/Bord-de-Mer-Tete-de-lit-1600x1200.jpg 1600w\" sizes=\"auto, (max-width: 2560px) 100vw, 2560px\" \/><\/figure>\n\n\n\n<figure class=\"wp-block-image size-large\"><img loading=\"lazy\" decoding=\"async\" width=\"1920\" height=\"2560\" data-id=\"1210\" src=\"https:\/\/castelbaiedesomme.com\/wp-content\/uploads\/2022\/03\/Bord-de-Mer-vue-rue-du-Castel-scaled.jpg\" alt=\"\" class=\"wp-image-1210\" srcset=\"https:\/\/castelbaiedesomme.com\/wp-content\/uploads\/2022\/03\/Bord-de-Mer-vue-rue-du-Castel-scaled.jpg 1920w, https:\/\/castelbaiedesomme.com\/wp-content\/uploads\/2022\/03\/Bord-de-Mer-vue-rue-du-Castel-225x300.jpg 225w, https:\/\/castelbaiedesomme.com\/wp-content\/uploads\/2022\/03\/Bord-de-Mer-vue-rue-du-Castel-768x1024.jpg 768w, https:\/\/castelbaiedesomme.com\/wp-content\/uploads\/2022\/03\/Bord-de-Mer-vue-rue-du-Castel-1152x1536.jpg 1152w, https:\/\/castelbaiedesomme.com\/wp-content\/uploads\/2022\/03\/Bord-de-Mer-vue-rue-du-Castel-1536x2048.jpg 1536w, https:\/\/castelbaiedesomme.com\/wp-content\/uploads\/2022\/03\/Bord-de-Mer-vue-rue-du-Castel-9x12.jpg 9w, https:\/\/castelbaiedesomme.com\/wp-content\/uploads\/2022\/03\/Bord-de-Mer-vue-rue-du-Castel-1600x2133.jpg 1600w\" sizes=\"auto, (max-width: 1920px) 100vw, 1920px\" \/><\/figure>\n<\/figure>\n\n\n\n<div style=\"height:50px\" aria-hidden=\"true\" class=\"wp-block-spacer\"><\/div>","protected":false},"excerpt":{"rendered":"<p>Dans cette chambre aux tons bleu, cr\u00e8me et noisette, l\u2019ambiance douce rappelle les paysages de notre C\u00f4te Picarde.Par les fen\u00eatres, vous d\u00e9couvrez la beaut\u00e9 du parc, la porte coch\u00e8re de la propri\u00e9t\u00e9, datant du XI\u00e8me si\u00e8cle, symbole du Castel.&nbsp; Vous disposez de :\u2013 Une chambre double avec lit de 160*200 cm\u2013 (\u00e0 annexer si vous [&hellip;]<\/p>\n","protected":false},"author":2,"featured_media":0,"parent":0,"menu_order":0,"comment_status":"closed","ping_status":"closed","template":"","meta":{"_uag_custom_page_level_css":"","footnotes":""},"class_list":["post-304","page","type-page","status-publish","hentry"],"acf":[],"uagb_featured_image_src":{"full":false,"thumbnail":false,"medium":false,"medium_large":false,"large":false,"1536x1536":false,"2048x2048":false,"trp-custom-language-flag":false,"hero-image":false},"uagb_author_info":{"display_name":"Isabella Ravizza","author_link":"https:\/\/castelbaiedesomme.com\/en\/author\/isabella\/"},"uagb_comment_info":0,"uagb_excerpt":"Dans cette chambre aux tons bleu, cr\u00e8me et noisette, l\u2019ambiance douce rappelle les paysages de notre C\u00f4te Picarde.Par les fen\u00eatres, vous d\u00e9couvrez la beaut\u00e9 du parc, la porte coch\u00e8re de la propri\u00e9t\u00e9, datant du XI\u00e8me si\u00e8cle, symbole du Castel.&nbsp; Vous disposez de :\u2013 Une chambre double avec lit de 160*200 cm\u2013 (\u00e0 annexer si vous&hellip;","_links":{"self":[{"href":"https:\/\/castelbaiedesomme.com\/en\/wp-json\/wp\/v2\/pages\/304","targetHints":{"allow":["GET"]}}],"collection":[{"href":"https:\/\/castelbaiedesomme.com\/en\/wp-json\/wp\/v2\/pages"}],"about":[{"href":"https:\/\/castelbaiedesomme.com\/en\/wp-json\/wp\/v2\/types\/page"}],"author":[{"embeddable":true,"href":"https:\/\/castelbaiedesomme.com\/en\/wp-json\/wp\/v2\/users\/2"}],"replies":[{"embeddable":true,"href":"https:\/\/castelbaiedesomme.com\/en\/wp-json\/wp\/v2\/comments?post=304"}],"version-history":[{"count":9,"href":"https:\/\/castelbaiedesomme.com\/en\/wp-json\/wp\/v2\/pages\/304\/revisions"}],"predecessor-version":[{"id":2392,"href":"https:\/\/castelbaiedesomme.com\/en\/wp-json\/wp\/v2\/pages\/304\/revisions\/2392"}],"wp:attachment":[{"href":"https:\/\/castelbaiedesomme.com\/en\/wp-json\/wp\/v2\/media?parent=304"}],"curies":[{"name":"wp","href":"https:\/\/api.w.org\/{rel}","templated":true}]}}