{"id":33,"date":"2021-04-07T11:42:55","date_gmt":"2021-04-07T11:42:55","guid":{"rendered":"https:\/\/castelbaiedesomme.com\/?page_id=33"},"modified":"2025-01-31T14:24:04","modified_gmt":"2025-01-31T14:24:04","slug":"la-maison","status":"publish","type":"page","link":"https:\/\/castelbaiedesomme.com\/en\/la-maison\/","title":{"rendered":"The House"},"content":{"rendered":"<div class=\"wp-block-cover alignfull\" style=\"min-height:800px;aspect-ratio:unset;\"><span aria-hidden=\"true\" class=\"wp-block-cover__background has-background-dim-0 has-background-dim\"><\/span><img loading=\"lazy\" decoding=\"async\" width=\"2560\" height=\"1920\" class=\"wp-block-cover__image-background wp-image-1294\" alt=\"\" src=\"https:\/\/castelbaiedesomme.com\/wp-content\/uploads\/2022\/03\/Rhododendrons-en-fleurs--scaled.jpg\" style=\"object-position:18% 45%\" data-object-fit=\"cover\" data-object-position=\"18% 45%\" srcset=\"https:\/\/castelbaiedesomme.com\/wp-content\/uploads\/2022\/03\/Rhododendrons-en-fleurs--scaled.jpg 2560w, https:\/\/castelbaiedesomme.com\/wp-content\/uploads\/2022\/03\/Rhododendrons-en-fleurs--300x225.jpg 300w, https:\/\/castelbaiedesomme.com\/wp-content\/uploads\/2022\/03\/Rhododendrons-en-fleurs--1024x768.jpg 1024w, https:\/\/castelbaiedesomme.com\/wp-content\/uploads\/2022\/03\/Rhododendrons-en-fleurs--768x576.jpg 768w, https:\/\/castelbaiedesomme.com\/wp-content\/uploads\/2022\/03\/Rhododendrons-en-fleurs--1536x1152.jpg 1536w, https:\/\/castelbaiedesomme.com\/wp-content\/uploads\/2022\/03\/Rhododendrons-en-fleurs--2048x1536.jpg 2048w, https:\/\/castelbaiedesomme.com\/wp-content\/uploads\/2022\/03\/Rhododendrons-en-fleurs--16x12.jpg 16w, https:\/\/castelbaiedesomme.com\/wp-content\/uploads\/2022\/03\/Rhododendrons-en-fleurs--1600x1200.jpg 1600w\" sizes=\"auto, (max-width: 2560px) 100vw, 2560px\" \/><div class=\"wp-block-cover__inner-container is-layout-flow wp-block-cover-is-layout-flow\">\n<h2 class=\"wp-block-heading alignwide has-text-color\" id=\"la-maison\" style=\"color:#f8f4e4;font-size:64px\">La Maison.<\/h2>\n\n\n\n<div class=\"wp-block-columns alignwide is-layout-flex wp-container-core-columns-is-layout-9d6595d7 wp-block-columns-is-layout-flex\">\n<div class=\"wp-block-column is-layout-flow wp-block-column-is-layout-flow\" style=\"flex-basis:55%\">\n<div style=\"height:330px\" aria-hidden=\"true\" class=\"wp-block-spacer\"><\/div>\n<\/div>\n\n\n\n<div class=\"wp-block-column is-layout-flow wp-block-column-is-layout-flow\"><\/div>\n<\/div>\n<\/div><\/div>\n\n\n\n<div style=\"height:100px\" aria-hidden=\"true\" class=\"wp-block-spacer\"><\/div>\n\n\n\n<p>The large living room becomes the place to be when you return from a walk.&nbsp;<\/p>\n\n\n\n<p>Sitting by the fireplace, you share pleasant moments with other guests, leaf through the period magazines, the collection of books and comics... You relax around the grand piano, thanks to the music lovers staying at the Castel.&nbsp;<\/p>\n\n\n\n<p>A self-service buffet of homemade delicacies is available from 2pm.<br><br>The \"homemade morning brunch\" breakfasts are served from 9 to 10 am:<\/p>\n\n\n\n<ul class=\"wp-block-list\">\n<li>in the dining room with its 17th century woodwork and 16th century fireplace<\/li>\n\n\n\n<li>in the garden, depending on the weather.<\/li>\n<\/ul>\n\n\n\n<p><br>The suite and four rooms, all differently decorated, have all the necessary comfort and have room for 2 to 4 guests. \nYou choose for one or the other in function of the situation, orientation, and setting.&nbsp;<\/p>\n\n\n\n<p>The house is \"non-smoking\".<\/p>\n\n\n\n<p>Pets are not allowed in the property: neither in the house nor in the rooms.<\/p>\n\n\n\n<figure class=\"wp-block-gallery has-nested-images columns-default is-cropped wp-block-gallery-1 is-layout-flex wp-block-gallery-is-layout-flex\">\n<figure class=\"wp-block-image size-large\"><img loading=\"lazy\" decoding=\"async\" width=\"768\" height=\"1024\" data-id=\"1380\" src=\"https:\/\/castelbaiedesomme.com\/wp-content\/uploads\/2022\/03\/Office-de-tourisme--768x1024.jpg\" alt=\"\" class=\"wp-image-1380\" srcset=\"https:\/\/castelbaiedesomme.com\/wp-content\/uploads\/2022\/03\/Office-de-tourisme--768x1024.jpg 768w, https:\/\/castelbaiedesomme.com\/wp-content\/uploads\/2022\/03\/Office-de-tourisme--225x300.jpg 225w, https:\/\/castelbaiedesomme.com\/wp-content\/uploads\/2022\/03\/Office-de-tourisme--1152x1536.jpg 1152w, https:\/\/castelbaiedesomme.com\/wp-content\/uploads\/2022\/03\/Office-de-tourisme--1536x2048.jpg 1536w, https:\/\/castelbaiedesomme.com\/wp-content\/uploads\/2022\/03\/Office-de-tourisme--9x12.jpg 9w, https:\/\/castelbaiedesomme.com\/wp-content\/uploads\/2022\/03\/Office-de-tourisme--1600x2133.jpg 1600w, https:\/\/castelbaiedesomme.com\/wp-content\/uploads\/2022\/03\/Office-de-tourisme--scaled.jpg 1920w\" sizes=\"auto, (max-width: 768px) 100vw, 768px\" \/><figcaption class=\"wp-element-caption\"><a rel=\"noreferrer noopener\" href=\"https:\/\/www.facebook.com\/daniel.sannier.5\" target=\"_blank\">Cartes postales cr\u00e9\u00e9es par Daniel Sannier<\/a><\/figcaption><\/figure>\n\n\n\n<figure class=\"wp-block-image size-large\"><img loading=\"lazy\" decoding=\"async\" width=\"1024\" height=\"1024\" data-id=\"1379\" src=\"https:\/\/castelbaiedesomme.com\/wp-content\/uploads\/2022\/03\/Entree-principale-autre-lumiere--1024x1024.jpg\" alt=\"\" class=\"wp-image-1379\" srcset=\"https:\/\/castelbaiedesomme.com\/wp-content\/uploads\/2022\/03\/Entree-principale-autre-lumiere--1024x1024.jpg 1024w, https:\/\/castelbaiedesomme.com\/wp-content\/uploads\/2022\/03\/Entree-principale-autre-lumiere--300x300.jpg 300w, https:\/\/castelbaiedesomme.com\/wp-content\/uploads\/2022\/03\/Entree-principale-autre-lumiere--150x150.jpg 150w, https:\/\/castelbaiedesomme.com\/wp-content\/uploads\/2022\/03\/Entree-principale-autre-lumiere--768x768.jpg 768w, https:\/\/castelbaiedesomme.com\/wp-content\/uploads\/2022\/03\/Entree-principale-autre-lumiere--1536x1536.jpg 1536w, https:\/\/castelbaiedesomme.com\/wp-content\/uploads\/2022\/03\/Entree-principale-autre-lumiere--2048x2048.jpg 2048w, https:\/\/castelbaiedesomme.com\/wp-content\/uploads\/2022\/03\/Entree-principale-autre-lumiere--12x12.jpg 12w, https:\/\/castelbaiedesomme.com\/wp-content\/uploads\/2022\/03\/Entree-principale-autre-lumiere--1600x1600.jpg 1600w\" sizes=\"auto, (max-width: 1024px) 100vw, 1024px\" \/><\/figure>\n\n\n\n<figure class=\"wp-block-image size-large\"><img loading=\"lazy\" decoding=\"async\" width=\"1024\" height=\"1024\" data-id=\"1369\" src=\"https:\/\/castelbaiedesomme.com\/wp-content\/uploads\/2022\/03\/Salon-autre-angle--1024x1024.jpg\" alt=\"\" class=\"wp-image-1369\" srcset=\"https:\/\/castelbaiedesomme.com\/wp-content\/uploads\/2022\/03\/Salon-autre-angle--1024x1024.jpg 1024w, https:\/\/castelbaiedesomme.com\/wp-content\/uploads\/2022\/03\/Salon-autre-angle--300x300.jpg 300w, https:\/\/castelbaiedesomme.com\/wp-content\/uploads\/2022\/03\/Salon-autre-angle--150x150.jpg 150w, https:\/\/castelbaiedesomme.com\/wp-content\/uploads\/2022\/03\/Salon-autre-angle--768x768.jpg 768w, https:\/\/castelbaiedesomme.com\/wp-content\/uploads\/2022\/03\/Salon-autre-angle--1536x1536.jpg 1536w, https:\/\/castelbaiedesomme.com\/wp-content\/uploads\/2022\/03\/Salon-autre-angle--2048x2048.jpg 2048w, https:\/\/castelbaiedesomme.com\/wp-content\/uploads\/2022\/03\/Salon-autre-angle--12x12.jpg 12w, https:\/\/castelbaiedesomme.com\/wp-content\/uploads\/2022\/03\/Salon-autre-angle--1600x1600.jpg 1600w\" sizes=\"auto, (max-width: 1024px) 100vw, 1024px\" \/><\/figure>\n\n\n\n<figure class=\"wp-block-image size-large\"><img loading=\"lazy\" decoding=\"async\" width=\"1024\" height=\"1024\" data-id=\"1378\" src=\"https:\/\/castelbaiedesomme.com\/wp-content\/uploads\/2022\/03\/Detail-etagere-salon--1024x1024.jpg\" alt=\"\" class=\"wp-image-1378\" srcset=\"https:\/\/castelbaiedesomme.com\/wp-content\/uploads\/2022\/03\/Detail-etagere-salon--1024x1024.jpg 1024w, https:\/\/castelbaiedesomme.com\/wp-content\/uploads\/2022\/03\/Detail-etagere-salon--300x300.jpg 300w, https:\/\/castelbaiedesomme.com\/wp-content\/uploads\/2022\/03\/Detail-etagere-salon--150x150.jpg 150w, https:\/\/castelbaiedesomme.com\/wp-content\/uploads\/2022\/03\/Detail-etagere-salon--768x768.jpg 768w, https:\/\/castelbaiedesomme.com\/wp-content\/uploads\/2022\/03\/Detail-etagere-salon--1536x1536.jpg 1536w, https:\/\/castelbaiedesomme.com\/wp-content\/uploads\/2022\/03\/Detail-etagere-salon--2048x2048.jpg 2048w, https:\/\/castelbaiedesomme.com\/wp-content\/uploads\/2022\/03\/Detail-etagere-salon--12x12.jpg 12w, https:\/\/castelbaiedesomme.com\/wp-content\/uploads\/2022\/03\/Detail-etagere-salon--1600x1600.jpg 1600w\" sizes=\"auto, (max-width: 1024px) 100vw, 1024px\" \/><\/figure>\n\n\n\n<figure class=\"wp-block-image size-large\"><img loading=\"lazy\" decoding=\"async\" width=\"2448\" height=\"2448\" data-id=\"1377\" src=\"https:\/\/castelbaiedesomme.com\/wp-content\/uploads\/2022\/03\/Cheminee-salle-a-manger-e1647872847131.jpg\" alt=\"\" class=\"wp-image-1377\" srcset=\"https:\/\/castelbaiedesomme.com\/wp-content\/uploads\/2022\/03\/Cheminee-salle-a-manger-e1647872847131.jpg 2448w, https:\/\/castelbaiedesomme.com\/wp-content\/uploads\/2022\/03\/Cheminee-salle-a-manger-e1647872847131-300x300.jpg 300w, https:\/\/castelbaiedesomme.com\/wp-content\/uploads\/2022\/03\/Cheminee-salle-a-manger-e1647872847131-1024x1024.jpg 1024w, https:\/\/castelbaiedesomme.com\/wp-content\/uploads\/2022\/03\/Cheminee-salle-a-manger-e1647872847131-150x150.jpg 150w, https:\/\/castelbaiedesomme.com\/wp-content\/uploads\/2022\/03\/Cheminee-salle-a-manger-e1647872847131-768x768.jpg 768w, https:\/\/castelbaiedesomme.com\/wp-content\/uploads\/2022\/03\/Cheminee-salle-a-manger-e1647872847131-1536x1536.jpg 1536w, https:\/\/castelbaiedesomme.com\/wp-content\/uploads\/2022\/03\/Cheminee-salle-a-manger-e1647872847131-2048x2048.jpg 2048w, https:\/\/castelbaiedesomme.com\/wp-content\/uploads\/2022\/03\/Cheminee-salle-a-manger-e1647872847131-12x12.jpg 12w, https:\/\/castelbaiedesomme.com\/wp-content\/uploads\/2022\/03\/Cheminee-salle-a-manger-e1647872847131-1600x1600.jpg 1600w\" sizes=\"auto, (max-width: 2448px) 100vw, 2448px\" \/><\/figure>\n\n\n\n<figure class=\"wp-block-image size-large\"><img loading=\"lazy\" decoding=\"async\" width=\"1024\" height=\"1024\" data-id=\"1376\" src=\"https:\/\/castelbaiedesomme.com\/wp-content\/uploads\/2022\/03\/Bureau-accueil-1024x1024.jpg\" alt=\"\" class=\"wp-image-1376\" srcset=\"https:\/\/castelbaiedesomme.com\/wp-content\/uploads\/2022\/03\/Bureau-accueil-1024x1024.jpg 1024w, https:\/\/castelbaiedesomme.com\/wp-content\/uploads\/2022\/03\/Bureau-accueil-300x300.jpg 300w, https:\/\/castelbaiedesomme.com\/wp-content\/uploads\/2022\/03\/Bureau-accueil-150x150.jpg 150w, https:\/\/castelbaiedesomme.com\/wp-content\/uploads\/2022\/03\/Bureau-accueil-768x768.jpg 768w, https:\/\/castelbaiedesomme.com\/wp-content\/uploads\/2022\/03\/Bureau-accueil-1536x1536.jpg 1536w, https:\/\/castelbaiedesomme.com\/wp-content\/uploads\/2022\/03\/Bureau-accueil-2048x2048.jpg 2048w, https:\/\/castelbaiedesomme.com\/wp-content\/uploads\/2022\/03\/Bureau-accueil-12x12.jpg 12w, https:\/\/castelbaiedesomme.com\/wp-content\/uploads\/2022\/03\/Bureau-accueil-1600x1600.jpg 1600w\" sizes=\"auto, (max-width: 1024px) 100vw, 1024px\" \/><\/figure>\n\n\n\n<figure class=\"wp-block-image size-full\"><img loading=\"lazy\" decoding=\"async\" width=\"300\" height=\"450\" data-id=\"1598\" src=\"https:\/\/castelbaiedesomme.com\/wp-content\/uploads\/2022\/03\/filename-020-jpg-thumbnail0.jpg\" alt=\"\" class=\"wp-image-1598\" srcset=\"https:\/\/castelbaiedesomme.com\/wp-content\/uploads\/2022\/03\/filename-020-jpg-thumbnail0.jpg 300w, https:\/\/castelbaiedesomme.com\/wp-content\/uploads\/2022\/03\/filename-020-jpg-thumbnail0-200x300.jpg 200w, https:\/\/castelbaiedesomme.com\/wp-content\/uploads\/2022\/03\/filename-020-jpg-thumbnail0-8x12.jpg 8w\" sizes=\"auto, (max-width: 300px) 100vw, 300px\" \/><\/figure>\n\n\n\n<figure class=\"wp-block-image size-large\"><img loading=\"lazy\" decoding=\"async\" width=\"1919\" height=\"2560\" data-id=\"1499\" src=\"https:\/\/castelbaiedesomme.com\/wp-content\/uploads\/2022\/03\/Accueil-Calendrier-Daniel-Sannier-scaled.jpg\" alt=\"\" class=\"wp-image-1499\" srcset=\"https:\/\/castelbaiedesomme.com\/wp-content\/uploads\/2022\/03\/Accueil-Calendrier-Daniel-Sannier-scaled.jpg 1919w, https:\/\/castelbaiedesomme.com\/wp-content\/uploads\/2022\/03\/Accueil-Calendrier-Daniel-Sannier-225x300.jpg 225w, https:\/\/castelbaiedesomme.com\/wp-content\/uploads\/2022\/03\/Accueil-Calendrier-Daniel-Sannier-767x1024.jpg 767w, https:\/\/castelbaiedesomme.com\/wp-content\/uploads\/2022\/03\/Accueil-Calendrier-Daniel-Sannier-768x1025.jpg 768w, https:\/\/castelbaiedesomme.com\/wp-content\/uploads\/2022\/03\/Accueil-Calendrier-Daniel-Sannier-1151x1536.jpg 1151w, https:\/\/castelbaiedesomme.com\/wp-content\/uploads\/2022\/03\/Accueil-Calendrier-Daniel-Sannier-1535x2048.jpg 1535w, https:\/\/castelbaiedesomme.com\/wp-content\/uploads\/2022\/03\/Accueil-Calendrier-Daniel-Sannier-9x12.jpg 9w, https:\/\/castelbaiedesomme.com\/wp-content\/uploads\/2022\/03\/Accueil-Calendrier-Daniel-Sannier-1600x2135.jpg 1600w\" sizes=\"auto, (max-width: 1919px) 100vw, 1919px\" \/><figcaption class=\"wp-element-caption\"><a rel=\"noreferrer noopener\" href=\"https:\/\/www.facebook.com\/daniel.sannier.5\" target=\"_blank\">Calendrier cr\u00e9\u00e9 par Daniel Sannier<\/a><\/figcaption><\/figure>\n\n\n\n<figure class=\"wp-block-image size-large\"><img loading=\"lazy\" decoding=\"async\" width=\"2560\" height=\"1920\" data-id=\"1500\" src=\"https:\/\/castelbaiedesomme.com\/wp-content\/uploads\/2022\/03\/Facade-sous-la-neige-soir-scaled.jpg\" alt=\"\" class=\"wp-image-1500\" srcset=\"https:\/\/castelbaiedesomme.com\/wp-content\/uploads\/2022\/03\/Facade-sous-la-neige-soir-scaled.jpg 2560w, https:\/\/castelbaiedesomme.com\/wp-content\/uploads\/2022\/03\/Facade-sous-la-neige-soir-300x225.jpg 300w, https:\/\/castelbaiedesomme.com\/wp-content\/uploads\/2022\/03\/Facade-sous-la-neige-soir-1024x768.jpg 1024w, https:\/\/castelbaiedesomme.com\/wp-content\/uploads\/2022\/03\/Facade-sous-la-neige-soir-768x576.jpg 768w, https:\/\/castelbaiedesomme.com\/wp-content\/uploads\/2022\/03\/Facade-sous-la-neige-soir-1536x1152.jpg 1536w, https:\/\/castelbaiedesomme.com\/wp-content\/uploads\/2022\/03\/Facade-sous-la-neige-soir-2048x1536.jpg 2048w, https:\/\/castelbaiedesomme.com\/wp-content\/uploads\/2022\/03\/Facade-sous-la-neige-soir-16x12.jpg 16w, https:\/\/castelbaiedesomme.com\/wp-content\/uploads\/2022\/03\/Facade-sous-la-neige-soir-1600x1200.jpg 1600w\" sizes=\"auto, (max-width: 2560px) 100vw, 2560px\" \/><\/figure>\n<\/figure>\n\n\n\n<div class=\"wp-block-columns is-layout-flex wp-container-core-columns-is-layout-9d6595d7 wp-block-columns-is-layout-flex\">\n<div class=\"wp-block-column is-layout-flow wp-block-column-is-layout-flow\" style=\"flex-basis:33.33%\">\n<figure class=\"wp-block-image size-large\"><img loading=\"lazy\" decoding=\"async\" width=\"1024\" height=\"1024\" src=\"https:\/\/castelbaiedesomme.com\/wp-content\/uploads\/2022\/03\/2eme-partie-salon--1024x1024.jpg\" alt=\"\" class=\"wp-image-1366\" srcset=\"https:\/\/castelbaiedesomme.com\/wp-content\/uploads\/2022\/03\/2eme-partie-salon--1024x1024.jpg 1024w, https:\/\/castelbaiedesomme.com\/wp-content\/uploads\/2022\/03\/2eme-partie-salon--300x300.jpg 300w, https:\/\/castelbaiedesomme.com\/wp-content\/uploads\/2022\/03\/2eme-partie-salon--150x150.jpg 150w, https:\/\/castelbaiedesomme.com\/wp-content\/uploads\/2022\/03\/2eme-partie-salon--768x768.jpg 768w, https:\/\/castelbaiedesomme.com\/wp-content\/uploads\/2022\/03\/2eme-partie-salon--1536x1536.jpg 1536w, https:\/\/castelbaiedesomme.com\/wp-content\/uploads\/2022\/03\/2eme-partie-salon--2048x2048.jpg 2048w, https:\/\/castelbaiedesomme.com\/wp-content\/uploads\/2022\/03\/2eme-partie-salon--12x12.jpg 12w, https:\/\/castelbaiedesomme.com\/wp-content\/uploads\/2022\/03\/2eme-partie-salon--1600x1600.jpg 1600w\" sizes=\"auto, (max-width: 1024px) 100vw, 1024px\" \/><\/figure>\n<\/div>\n\n\n\n<div class=\"wp-block-column is-layout-flow wp-block-column-is-layout-flow\" style=\"flex-basis:33.33%\">\n<figure class=\"wp-block-image size-large\"><img loading=\"lazy\" decoding=\"async\" width=\"1024\" height=\"1024\" src=\"https:\/\/castelbaiedesomme.com\/wp-content\/uploads\/2022\/03\/1ere-partie-salon-autre-angle--1024x1024.jpg\" alt=\"\" class=\"wp-image-1365\" srcset=\"https:\/\/castelbaiedesomme.com\/wp-content\/uploads\/2022\/03\/1ere-partie-salon-autre-angle--1024x1024.jpg 1024w, https:\/\/castelbaiedesomme.com\/wp-content\/uploads\/2022\/03\/1ere-partie-salon-autre-angle--300x300.jpg 300w, https:\/\/castelbaiedesomme.com\/wp-content\/uploads\/2022\/03\/1ere-partie-salon-autre-angle--150x150.jpg 150w, https:\/\/castelbaiedesomme.com\/wp-content\/uploads\/2022\/03\/1ere-partie-salon-autre-angle--768x768.jpg 768w, https:\/\/castelbaiedesomme.com\/wp-content\/uploads\/2022\/03\/1ere-partie-salon-autre-angle--1536x1536.jpg 1536w, https:\/\/castelbaiedesomme.com\/wp-content\/uploads\/2022\/03\/1ere-partie-salon-autre-angle--2048x2048.jpg 2048w, https:\/\/castelbaiedesomme.com\/wp-content\/uploads\/2022\/03\/1ere-partie-salon-autre-angle--12x12.jpg 12w, https:\/\/castelbaiedesomme.com\/wp-content\/uploads\/2022\/03\/1ere-partie-salon-autre-angle--1600x1600.jpg 1600w\" sizes=\"auto, (max-width: 1024px) 100vw, 1024px\" \/><\/figure>\n<\/div>\n\n\n\n<div class=\"wp-block-column is-layout-flow wp-block-column-is-layout-flow\" style=\"flex-basis:33.33%\">\n<figure class=\"wp-block-image size-large\"><img loading=\"lazy\" decoding=\"async\" width=\"1024\" height=\"1024\" src=\"https:\/\/castelbaiedesomme.com\/wp-content\/uploads\/2022\/03\/piano-a-queue-1024x1024.jpg\" alt=\"\" class=\"wp-image-1368\" srcset=\"https:\/\/castelbaiedesomme.com\/wp-content\/uploads\/2022\/03\/piano-a-queue-1024x1024.jpg 1024w, https:\/\/castelbaiedesomme.com\/wp-content\/uploads\/2022\/03\/piano-a-queue-300x300.jpg 300w, https:\/\/castelbaiedesomme.com\/wp-content\/uploads\/2022\/03\/piano-a-queue-150x150.jpg 150w, https:\/\/castelbaiedesomme.com\/wp-content\/uploads\/2022\/03\/piano-a-queue-768x768.jpg 768w, https:\/\/castelbaiedesomme.com\/wp-content\/uploads\/2022\/03\/piano-a-queue-1536x1536.jpg 1536w, https:\/\/castelbaiedesomme.com\/wp-content\/uploads\/2022\/03\/piano-a-queue-2048x2048.jpg 2048w, https:\/\/castelbaiedesomme.com\/wp-content\/uploads\/2022\/03\/piano-a-queue-12x12.jpg 12w, https:\/\/castelbaiedesomme.com\/wp-content\/uploads\/2022\/03\/piano-a-queue-1600x1600.jpg 1600w\" sizes=\"auto, (max-width: 1024px) 100vw, 1024px\" \/><\/figure>\n<\/div>\n<\/div>","protected":false},"excerpt":{"rendered":"<p>Le grand salon devient le lieu privil\u00e9gi\u00e9 de vos retours de balades.&nbsp; Assis pr\u00e8s de la chemin\u00e9e, vous partagez d\u2019agr\u00e9ables moments entre convives, vous feuilletez les magazines d\u2019\u00e9poque, la collection de livres et de bandes dessin\u00e9es&#8230; Vous vous d\u00e9tendez, autour du piano \u00e0 queue, gr\u00e2ce aux \u00e9ventuels m\u00e9lomanes s\u00e9journant au Castel.&nbsp; Un buffet de gourmandises [&hellip;]<\/p>\n","protected":false},"author":1,"featured_media":0,"parent":0,"menu_order":0,"comment_status":"closed","ping_status":"closed","template":"","meta":{"_uag_custom_page_level_css":"","footnotes":""},"class_list":["post-33","page","type-page","status-publish","hentry"],"acf":[],"uagb_featured_image_src":{"full":false,"thumbnail":false,"medium":false,"medium_large":false,"large":false,"1536x1536":false,"2048x2048":false,"trp-custom-language-flag":false,"hero-image":false},"uagb_author_info":{"display_name":"Felix","author_link":"https:\/\/castelbaiedesomme.com\/en\/author\/felix\/"},"uagb_comment_info":0,"uagb_excerpt":"Le grand salon devient le lieu privil\u00e9gi\u00e9 de vos retours de balades.&nbsp; Assis pr\u00e8s de la chemin\u00e9e, vous partagez d\u2019agr\u00e9ables moments entre convives, vous feuilletez les magazines d\u2019\u00e9poque, la collection de livres et de bandes dessin\u00e9es&#8230; Vous vous d\u00e9tendez, autour du piano \u00e0 queue, gr\u00e2ce aux \u00e9ventuels m\u00e9lomanes s\u00e9journant au Castel.&nbsp; Un buffet de gourmandises&hellip;","_links":{"self":[{"href":"https:\/\/castelbaiedesomme.com\/en\/wp-json\/wp\/v2\/pages\/33","targetHints":{"allow":["GET"]}}],"collection":[{"href":"https:\/\/castelbaiedesomme.com\/en\/wp-json\/wp\/v2\/pages"}],"about":[{"href":"https:\/\/castelbaiedesomme.com\/en\/wp-json\/wp\/v2\/types\/page"}],"author":[{"embeddable":true,"href":"https:\/\/castelbaiedesomme.com\/en\/wp-json\/wp\/v2\/users\/1"}],"replies":[{"embeddable":true,"href":"https:\/\/castelbaiedesomme.com\/en\/wp-json\/wp\/v2\/comments?post=33"}],"version-history":[{"count":27,"href":"https:\/\/castelbaiedesomme.com\/en\/wp-json\/wp\/v2\/pages\/33\/revisions"}],"predecessor-version":[{"id":2420,"href":"https:\/\/castelbaiedesomme.com\/en\/wp-json\/wp\/v2\/pages\/33\/revisions\/2420"}],"wp:attachment":[{"href":"https:\/\/castelbaiedesomme.com\/en\/wp-json\/wp\/v2\/media?parent=33"}],"curies":[{"name":"wp","href":"https:\/\/api.w.org\/{rel}","templated":true}]}}