{"id":355,"date":"2021-09-06T14:58:35","date_gmt":"2021-09-06T14:58:35","guid":{"rendered":"https:\/\/castelbaiedesomme.com\/?page_id=355"},"modified":"2025-01-31T14:25:52","modified_gmt":"2025-01-31T14:25:52","slug":"mimi","status":"publish","type":"page","link":"https:\/\/castelbaiedesomme.com\/en\/mimi\/","title":{"rendered":"Mimi"},"content":{"rendered":"<div class=\"wp-block-cover alignfull\" style=\"min-height:800px;aspect-ratio:unset;\"><span aria-hidden=\"true\" class=\"wp-block-cover__background has-background-dim-0 has-background-dim\"><\/span><img loading=\"lazy\" decoding=\"async\" width=\"2560\" height=\"1700\" class=\"wp-block-cover__image-background wp-image-375\" alt=\"\" src=\"https:\/\/castelbaiedesomme.com\/wp-content\/uploads\/2021\/09\/DSC_7680-scaled.jpg\" data-object-fit=\"cover\" srcset=\"https:\/\/castelbaiedesomme.com\/wp-content\/uploads\/2021\/09\/DSC_7680-scaled.jpg 2560w, https:\/\/castelbaiedesomme.com\/wp-content\/uploads\/2021\/09\/DSC_7680-300x199.jpg 300w, https:\/\/castelbaiedesomme.com\/wp-content\/uploads\/2021\/09\/DSC_7680-1024x680.jpg 1024w, https:\/\/castelbaiedesomme.com\/wp-content\/uploads\/2021\/09\/DSC_7680-768x510.jpg 768w, https:\/\/castelbaiedesomme.com\/wp-content\/uploads\/2021\/09\/DSC_7680-1536x1020.jpg 1536w, https:\/\/castelbaiedesomme.com\/wp-content\/uploads\/2021\/09\/DSC_7680-2048x1360.jpg 2048w, https:\/\/castelbaiedesomme.com\/wp-content\/uploads\/2021\/09\/DSC_7680-1600x1063.jpg 1600w\" sizes=\"auto, (max-width: 2560px) 100vw, 2560px\" \/><div class=\"wp-block-cover__inner-container is-layout-flow wp-block-cover-is-layout-flow\">\n<h2 class=\"wp-block-heading alignwide has-text-color\" id=\"mimi\" style=\"color:#f8f4e4;font-size:64px\">Mimi.<\/h2>\n\n\n\n<div class=\"wp-block-columns alignwide is-layout-flex wp-container-core-columns-is-layout-9d6595d7 wp-block-columns-is-layout-flex\">\n<div class=\"wp-block-column is-layout-flow wp-block-column-is-layout-flow\" style=\"flex-basis:55%\">\n<div style=\"height:330px\" aria-hidden=\"true\" class=\"wp-block-spacer\"><\/div>\n<\/div>\n\n\n\n<div class=\"wp-block-column is-layout-flow wp-block-column-is-layout-flow\"><\/div>\n<\/div>\n<\/div><\/div>\n\n\n\n<div style=\"height:100px\" aria-hidden=\"true\" class=\"wp-block-spacer\"><\/div>\n\n\n\n<div class=\"wp-block-columns is-layout-flex wp-container-core-columns-is-layout-9d6595d7 wp-block-columns-is-layout-flex\">\n<div class=\"wp-block-column is-layout-flow wp-block-column-is-layout-flow\">\n<p>\"Mimi\" is an encounter between the Louis XV style and the softness of flowery linen.<br>La chambre&nbsp;familiale, aux tons lin et vieux rose, vous ouvre ses fen\u00eatres sur la Baie de Somme et la porte coch\u00e8re de la propri\u00e9t\u00e9, datant du XI\u00e8me si\u00e8cle, symbole du Castel.<\/p>\n\n\n\n<p>You dispose of:<br>- A double room with a 160*200 cm bed<br>- A single room with a 90*90 cm bed = 2 to 3 sleeping possibilities<\/p>\n\n\n\n<p>- A bathroom with Italian shower<br>- Flat screen TV and internet access<\/p>\n\n\n\n<p><br>No smoking and no pets allowed.<\/p>\n\n\n\n<p>View over Bay.<\/p>\n\n\n\n<p>Situ\u00e9e au 2\u00e8me&nbsp;\u00e9tage de la maison.<\/p>\n\n\n\n<p><\/p>\n<\/div>\n<\/div>\n\n\n\n<div style=\"height:100px\" aria-hidden=\"true\" class=\"wp-block-spacer\"><\/div>\n\n\n\n<figure class=\"wp-block-gallery has-nested-images columns-default is-cropped has-lightbox wp-block-gallery-1 is-layout-flex wp-block-gallery-is-layout-flex\">\n<figure class=\"wp-block-image size-large\"><img loading=\"lazy\" decoding=\"async\" width=\"1024\" height=\"688\" data-id=\"367\" src=\"https:\/\/castelbaiedesomme.com\/wp-content\/uploads\/2021\/09\/DSC_5350-1024x688.jpg\" alt=\"\" class=\"wp-image-367\" srcset=\"https:\/\/castelbaiedesomme.com\/wp-content\/uploads\/2021\/09\/DSC_5350-1024x688.jpg 1024w, https:\/\/castelbaiedesomme.com\/wp-content\/uploads\/2021\/09\/DSC_5350-300x201.jpg 300w, https:\/\/castelbaiedesomme.com\/wp-content\/uploads\/2021\/09\/DSC_5350-768x516.jpg 768w, https:\/\/castelbaiedesomme.com\/wp-content\/uploads\/2021\/09\/DSC_5350-1536x1032.jpg 1536w, https:\/\/castelbaiedesomme.com\/wp-content\/uploads\/2021\/09\/DSC_5350-2048x1376.jpg 2048w, https:\/\/castelbaiedesomme.com\/wp-content\/uploads\/2021\/09\/DSC_5350-1600x1075.jpg 1600w\" sizes=\"auto, (max-width: 1024px) 100vw, 1024px\" \/><\/figure>\n\n\n\n<figure class=\"wp-block-image size-large\"><img loading=\"lazy\" decoding=\"async\" width=\"680\" height=\"1024\" data-id=\"368\" src=\"https:\/\/castelbaiedesomme.com\/wp-content\/uploads\/2021\/09\/DSC_5352-680x1024.jpg\" alt=\"\" class=\"wp-image-368\" srcset=\"https:\/\/castelbaiedesomme.com\/wp-content\/uploads\/2021\/09\/DSC_5352-680x1024.jpg 680w, https:\/\/castelbaiedesomme.com\/wp-content\/uploads\/2021\/09\/DSC_5352-199x300.jpg 199w, https:\/\/castelbaiedesomme.com\/wp-content\/uploads\/2021\/09\/DSC_5352-768x1156.jpg 768w, https:\/\/castelbaiedesomme.com\/wp-content\/uploads\/2021\/09\/DSC_5352-1020x1536.jpg 1020w, https:\/\/castelbaiedesomme.com\/wp-content\/uploads\/2021\/09\/DSC_5352-1360x2048.jpg 1360w, https:\/\/castelbaiedesomme.com\/wp-content\/uploads\/2021\/09\/DSC_5352-1600x2409.jpg 1600w, https:\/\/castelbaiedesomme.com\/wp-content\/uploads\/2021\/09\/DSC_5352-scaled.jpg 1700w\" sizes=\"auto, (max-width: 680px) 100vw, 680px\" \/><\/figure>\n\n\n\n<figure class=\"wp-block-image size-large\"><img loading=\"lazy\" decoding=\"async\" width=\"680\" height=\"1024\" data-id=\"369\" src=\"https:\/\/castelbaiedesomme.com\/wp-content\/uploads\/2021\/09\/DSC_5357-680x1024.jpg\" alt=\"\" class=\"wp-image-369\" srcset=\"https:\/\/castelbaiedesomme.com\/wp-content\/uploads\/2021\/09\/DSC_5357-680x1024.jpg 680w, https:\/\/castelbaiedesomme.com\/wp-content\/uploads\/2021\/09\/DSC_5357-199x300.jpg 199w, https:\/\/castelbaiedesomme.com\/wp-content\/uploads\/2021\/09\/DSC_5357-768x1156.jpg 768w, https:\/\/castelbaiedesomme.com\/wp-content\/uploads\/2021\/09\/DSC_5357-1020x1536.jpg 1020w, https:\/\/castelbaiedesomme.com\/wp-content\/uploads\/2021\/09\/DSC_5357-1360x2048.jpg 1360w, https:\/\/castelbaiedesomme.com\/wp-content\/uploads\/2021\/09\/DSC_5357-1600x2409.jpg 1600w, https:\/\/castelbaiedesomme.com\/wp-content\/uploads\/2021\/09\/DSC_5357-scaled.jpg 1700w\" sizes=\"auto, (max-width: 680px) 100vw, 680px\" \/><\/figure>\n\n\n\n<figure class=\"wp-block-image size-large\"><img loading=\"lazy\" decoding=\"async\" width=\"680\" height=\"1024\" data-id=\"370\" src=\"https:\/\/castelbaiedesomme.com\/wp-content\/uploads\/2021\/09\/DSC_5362-680x1024.jpg\" alt=\"\" class=\"wp-image-370\" srcset=\"https:\/\/castelbaiedesomme.com\/wp-content\/uploads\/2021\/09\/DSC_5362-680x1024.jpg 680w, https:\/\/castelbaiedesomme.com\/wp-content\/uploads\/2021\/09\/DSC_5362-199x300.jpg 199w, https:\/\/castelbaiedesomme.com\/wp-content\/uploads\/2021\/09\/DSC_5362-768x1156.jpg 768w, https:\/\/castelbaiedesomme.com\/wp-content\/uploads\/2021\/09\/DSC_5362-1020x1536.jpg 1020w, https:\/\/castelbaiedesomme.com\/wp-content\/uploads\/2021\/09\/DSC_5362-1360x2048.jpg 1360w, https:\/\/castelbaiedesomme.com\/wp-content\/uploads\/2021\/09\/DSC_5362-1600x2409.jpg 1600w, https:\/\/castelbaiedesomme.com\/wp-content\/uploads\/2021\/09\/DSC_5362-scaled.jpg 1700w\" sizes=\"auto, (max-width: 680px) 100vw, 680px\" \/><\/figure>\n\n\n\n<figure class=\"wp-block-image size-large\"><img loading=\"lazy\" decoding=\"async\" width=\"680\" height=\"1024\" data-id=\"371\" src=\"https:\/\/castelbaiedesomme.com\/wp-content\/uploads\/2021\/09\/DSC_5364-680x1024.jpg\" alt=\"\" class=\"wp-image-371\" srcset=\"https:\/\/castelbaiedesomme.com\/wp-content\/uploads\/2021\/09\/DSC_5364-680x1024.jpg 680w, https:\/\/castelbaiedesomme.com\/wp-content\/uploads\/2021\/09\/DSC_5364-199x300.jpg 199w, https:\/\/castelbaiedesomme.com\/wp-content\/uploads\/2021\/09\/DSC_5364-768x1156.jpg 768w, https:\/\/castelbaiedesomme.com\/wp-content\/uploads\/2021\/09\/DSC_5364-1020x1536.jpg 1020w, https:\/\/castelbaiedesomme.com\/wp-content\/uploads\/2021\/09\/DSC_5364-1360x2048.jpg 1360w, https:\/\/castelbaiedesomme.com\/wp-content\/uploads\/2021\/09\/DSC_5364-1600x2409.jpg 1600w, https:\/\/castelbaiedesomme.com\/wp-content\/uploads\/2021\/09\/DSC_5364-scaled.jpg 1700w\" sizes=\"auto, (max-width: 680px) 100vw, 680px\" \/><\/figure>\n\n\n\n<figure class=\"wp-block-image size-large\"><img loading=\"lazy\" decoding=\"async\" width=\"1024\" height=\"680\" data-id=\"372\" src=\"https:\/\/castelbaiedesomme.com\/wp-content\/uploads\/2021\/09\/DSC_7674-1024x680.jpg\" alt=\"\" class=\"wp-image-372\" srcset=\"https:\/\/castelbaiedesomme.com\/wp-content\/uploads\/2021\/09\/DSC_7674-1024x680.jpg 1024w, https:\/\/castelbaiedesomme.com\/wp-content\/uploads\/2021\/09\/DSC_7674-300x199.jpg 300w, https:\/\/castelbaiedesomme.com\/wp-content\/uploads\/2021\/09\/DSC_7674-768x510.jpg 768w, https:\/\/castelbaiedesomme.com\/wp-content\/uploads\/2021\/09\/DSC_7674-1536x1020.jpg 1536w, https:\/\/castelbaiedesomme.com\/wp-content\/uploads\/2021\/09\/DSC_7674-2048x1360.jpg 2048w, https:\/\/castelbaiedesomme.com\/wp-content\/uploads\/2021\/09\/DSC_7674-1600x1063.jpg 1600w\" sizes=\"auto, (max-width: 1024px) 100vw, 1024px\" \/><\/figure>\n\n\n\n<figure class=\"wp-block-image size-large\"><img loading=\"lazy\" decoding=\"async\" width=\"680\" height=\"1024\" data-id=\"373\" src=\"https:\/\/castelbaiedesomme.com\/wp-content\/uploads\/2021\/09\/DSC_7675-680x1024.jpg\" alt=\"\" class=\"wp-image-373\" srcset=\"https:\/\/castelbaiedesomme.com\/wp-content\/uploads\/2021\/09\/DSC_7675-680x1024.jpg 680w, https:\/\/castelbaiedesomme.com\/wp-content\/uploads\/2021\/09\/DSC_7675-199x300.jpg 199w, https:\/\/castelbaiedesomme.com\/wp-content\/uploads\/2021\/09\/DSC_7675-768x1156.jpg 768w, https:\/\/castelbaiedesomme.com\/wp-content\/uploads\/2021\/09\/DSC_7675-1020x1536.jpg 1020w, https:\/\/castelbaiedesomme.com\/wp-content\/uploads\/2021\/09\/DSC_7675-1360x2048.jpg 1360w, https:\/\/castelbaiedesomme.com\/wp-content\/uploads\/2021\/09\/DSC_7675-1600x2409.jpg 1600w, https:\/\/castelbaiedesomme.com\/wp-content\/uploads\/2021\/09\/DSC_7675-scaled.jpg 1700w\" sizes=\"auto, (max-width: 680px) 100vw, 680px\" \/><\/figure>\n\n\n\n<figure class=\"wp-block-image size-large\"><img loading=\"lazy\" decoding=\"async\" width=\"1024\" height=\"680\" data-id=\"374\" src=\"https:\/\/castelbaiedesomme.com\/wp-content\/uploads\/2021\/09\/DSC_7678-1024x680.jpg\" alt=\"\" class=\"wp-image-374\" srcset=\"https:\/\/castelbaiedesomme.com\/wp-content\/uploads\/2021\/09\/DSC_7678-1024x680.jpg 1024w, https:\/\/castelbaiedesomme.com\/wp-content\/uploads\/2021\/09\/DSC_7678-300x199.jpg 300w, https:\/\/castelbaiedesomme.com\/wp-content\/uploads\/2021\/09\/DSC_7678-768x510.jpg 768w, https:\/\/castelbaiedesomme.com\/wp-content\/uploads\/2021\/09\/DSC_7678-1536x1020.jpg 1536w, https:\/\/castelbaiedesomme.com\/wp-content\/uploads\/2021\/09\/DSC_7678-2048x1360.jpg 2048w, https:\/\/castelbaiedesomme.com\/wp-content\/uploads\/2021\/09\/DSC_7678-1600x1063.jpg 1600w\" sizes=\"auto, (max-width: 1024px) 100vw, 1024px\" \/><\/figure>\n\n\n\n<figure class=\"wp-block-image size-large\"><img loading=\"lazy\" decoding=\"async\" width=\"1024\" height=\"680\" data-id=\"375\" src=\"https:\/\/castelbaiedesomme.com\/wp-content\/uploads\/2021\/09\/DSC_7680-1024x680.jpg\" alt=\"\" class=\"wp-image-375\" srcset=\"https:\/\/castelbaiedesomme.com\/wp-content\/uploads\/2021\/09\/DSC_7680-1024x680.jpg 1024w, https:\/\/castelbaiedesomme.com\/wp-content\/uploads\/2021\/09\/DSC_7680-300x199.jpg 300w, https:\/\/castelbaiedesomme.com\/wp-content\/uploads\/2021\/09\/DSC_7680-768x510.jpg 768w, https:\/\/castelbaiedesomme.com\/wp-content\/uploads\/2021\/09\/DSC_7680-1536x1020.jpg 1536w, https:\/\/castelbaiedesomme.com\/wp-content\/uploads\/2021\/09\/DSC_7680-2048x1360.jpg 2048w, https:\/\/castelbaiedesomme.com\/wp-content\/uploads\/2021\/09\/DSC_7680-1600x1063.jpg 1600w\" sizes=\"auto, (max-width: 1024px) 100vw, 1024px\" \/><\/figure>\n<\/figure>\n\n\n\n<div style=\"height:50px\" aria-hidden=\"true\" class=\"wp-block-spacer\"><\/div>","protected":false},"excerpt":{"rendered":"<p>\u00ab&nbsp;Mimi&nbsp;\u00bb est une rencontre, entre le style Louis XV et la douceur du lin fleuri.La chambre&nbsp;familiale, aux tons lin et vieux rose, vous ouvre ses fen\u00eatres sur la Baie de Somme et la porte coch\u00e8re de la propri\u00e9t\u00e9, datant du XI\u00e8me si\u00e8cle, symbole du Castel. Vous disposez de :\u2013 Une chambre double avec lit de [&hellip;]<\/p>\n","protected":false},"author":2,"featured_media":0,"parent":0,"menu_order":0,"comment_status":"closed","ping_status":"closed","template":"","meta":{"_uag_custom_page_level_css":"","footnotes":""},"class_list":["post-355","page","type-page","status-publish","hentry"],"acf":[],"uagb_featured_image_src":{"full":false,"thumbnail":false,"medium":false,"medium_large":false,"large":false,"1536x1536":false,"2048x2048":false,"trp-custom-language-flag":false,"hero-image":false},"uagb_author_info":{"display_name":"Isabella Ravizza","author_link":"https:\/\/castelbaiedesomme.com\/en\/author\/isabella\/"},"uagb_comment_info":0,"uagb_excerpt":"\u00ab&nbsp;Mimi&nbsp;\u00bb est une rencontre, entre le style Louis XV et la douceur du lin fleuri.La chambre&nbsp;familiale, aux tons lin et vieux rose, vous ouvre ses fen\u00eatres sur la Baie de Somme et la porte coch\u00e8re de la propri\u00e9t\u00e9, datant du XI\u00e8me si\u00e8cle, symbole du Castel. Vous disposez de :\u2013 Une chambre double avec lit de&hellip;","_links":{"self":[{"href":"https:\/\/castelbaiedesomme.com\/en\/wp-json\/wp\/v2\/pages\/355","targetHints":{"allow":["GET"]}}],"collection":[{"href":"https:\/\/castelbaiedesomme.com\/en\/wp-json\/wp\/v2\/pages"}],"about":[{"href":"https:\/\/castelbaiedesomme.com\/en\/wp-json\/wp\/v2\/types\/page"}],"author":[{"embeddable":true,"href":"https:\/\/castelbaiedesomme.com\/en\/wp-json\/wp\/v2\/users\/2"}],"replies":[{"embeddable":true,"href":"https:\/\/castelbaiedesomme.com\/en\/wp-json\/wp\/v2\/comments?post=355"}],"version-history":[{"count":12,"href":"https:\/\/castelbaiedesomme.com\/en\/wp-json\/wp\/v2\/pages\/355\/revisions"}],"predecessor-version":[{"id":2422,"href":"https:\/\/castelbaiedesomme.com\/en\/wp-json\/wp\/v2\/pages\/355\/revisions\/2422"}],"wp:attachment":[{"href":"https:\/\/castelbaiedesomme.com\/en\/wp-json\/wp\/v2\/media?parent=355"}],"curies":[{"name":"wp","href":"https:\/\/api.w.org\/{rel}","templated":true}]}}