{"id":36,"date":"2021-04-07T11:42:56","date_gmt":"2021-04-07T11:42:56","guid":{"rendered":"https:\/\/castelbaiedesomme.com\/?page_id=36"},"modified":"2025-01-31T14:33:20","modified_gmt":"2025-01-31T14:33:20","slug":"les-tarifs","status":"publish","type":"page","link":"https:\/\/castelbaiedesomme.com\/en\/les-tarifs\/","title":{"rendered":"Rates"},"content":{"rendered":"<div class=\"wp-block-cover alignfull is-light\" style=\"min-height:800px;aspect-ratio:unset;\"><span aria-hidden=\"true\" class=\"wp-block-cover__background has-background-dim-20 has-background-dim\"><\/span><img loading=\"lazy\" decoding=\"async\" width=\"2560\" height=\"1700\" class=\"wp-block-cover__image-background wp-image-214\" alt=\"\" src=\"https:\/\/castelbaiedesomme.com\/wp-content\/uploads\/2021\/09\/DSC_5181-scaled.jpg\" data-object-fit=\"cover\" srcset=\"https:\/\/castelbaiedesomme.com\/wp-content\/uploads\/2021\/09\/DSC_5181-scaled.jpg 2560w, https:\/\/castelbaiedesomme.com\/wp-content\/uploads\/2021\/09\/DSC_5181-300x199.jpg 300w, https:\/\/castelbaiedesomme.com\/wp-content\/uploads\/2021\/09\/DSC_5181-1024x680.jpg 1024w, https:\/\/castelbaiedesomme.com\/wp-content\/uploads\/2021\/09\/DSC_5181-768x510.jpg 768w, https:\/\/castelbaiedesomme.com\/wp-content\/uploads\/2021\/09\/DSC_5181-1536x1020.jpg 1536w, https:\/\/castelbaiedesomme.com\/wp-content\/uploads\/2021\/09\/DSC_5181-2048x1360.jpg 2048w, https:\/\/castelbaiedesomme.com\/wp-content\/uploads\/2021\/09\/DSC_5181-1600x1063.jpg 1600w\" sizes=\"auto, (max-width: 2560px) 100vw, 2560px\" \/><div class=\"wp-block-cover__inner-container is-layout-flow wp-block-cover-is-layout-flow\">\n<h2 class=\"wp-block-heading alignwide has-text-color\" id=\"les-tarifs\" style=\"color:#f8f4e4;font-size:64px\">Rates<\/h2>\n\n\n\n<div class=\"wp-block-columns alignwide is-layout-flex wp-container-core-columns-is-layout-9d6595d7 wp-block-columns-is-layout-flex\">\n<div class=\"wp-block-column is-layout-flow wp-block-column-is-layout-flow\" style=\"flex-basis:55%\">\n<div style=\"height:330px\" aria-hidden=\"true\" class=\"wp-block-spacer\"><\/div>\n<\/div>\n\n\n\n<div class=\"wp-block-column is-layout-flow wp-block-column-is-layout-flow\"><\/div>\n<\/div>\n\n\n\n<p><\/p>\n<\/div><\/div>\n\n\n\n<div style=\"height:100px\" aria-hidden=\"true\" class=\"wp-block-spacer\"><\/div>\n\n\n\n<p><strong>RATES<\/strong><\/p>\n\n\n\n<p><br>Les prix de nos chambres comprennent la nuit\u00e9e, le petit- d\u00e9jeuner, l\u2019utilisation du salon, du&nbsp;parc, du&nbsp;stationnement \u00e0 l\u2019int\u00e9rieur de la propri\u00e9t\u00e9&nbsp;&amp; les divers taxes.<\/p>\n\n\n\n<p>Our rooms are available for booking:<\/p>\n\n\n\n<ul class=\"wp-block-list\">\n<li>from 1 night from Monday evening to Wednesday evening<\/li>\n\n\n\n<li>for 2 nights minimum from Thursday evening or Sunday evening.<\/li>\n<\/ul>\n\n\n\n<p><strong>Rates for 1 or 2 persons, including breakfast and tourist tax.&nbsp;<\/strong><\/p>\n\n\n\n<figure class=\"wp-block-table\"><table class=\"has-fixed-layout\"><tbody><tr><td><strong>&nbsp;<\/strong><\/td><td><strong>1 overnight stay<\/strong><\/td><td><strong>2 overnight stays<\/strong><\/td><td><strong>3 overnight stays<\/strong><\/td><td><strong>And so on.<\/strong><\/td><\/tr><tr><td><strong>&nbsp;Suite&nbsp;familiale<\/strong><\/td><td>235\u20ac<\/td><td>455\u20ac<\/td><td>645\u20ac<\/td><td>&nbsp;&nbsp;&nbsp;&nbsp;&nbsp;&nbsp;&nbsp;On request*.<\/td><\/tr><tr><td><strong>Chambre familiale<\/strong><\/td><td>215\u20ac<\/td><td>415\u20ac<\/td><td>585\u20ac<\/td><td>&nbsp;<\/td><\/tr><tr><td><strong>&nbsp;Double bedrooms&nbsp;<\/strong><\/td><td>&nbsp;195\u20ac<\/td><td>&nbsp;375\u20ac<\/td><td>&nbsp;530\u20ac<\/td><td><\/td><\/tr><tr><td><strong>&nbsp;Additional bed&nbsp;<\/strong><\/td><td>&nbsp;60\u20ac<\/td><td>&nbsp;115\u20ac<\/td><td>&nbsp;160\u20ac<\/td><td><\/td><\/tr><tr><td><strong>&nbsp;Chambre single (enfant uniquement)&nbsp;<\/strong><\/td><td>&nbsp;75\u20ac<\/td><td>&nbsp;150\u20ac<\/td><td>&nbsp;225\u20ac<\/td><td><\/td><\/tr><\/tbody><\/table><\/figure>\n\n\n\n<p>* Please contact us by telephone or e-mail for any request for a stay of more than 3 nights, and we will send you a personalised booking offer as soon as possible.<\/p>","protected":false},"excerpt":{"rendered":"<p>LES TARIFS Les prix de nos chambres comprennent la nuit\u00e9e, le petit- d\u00e9jeuner, l\u2019utilisation du salon, du&nbsp;parc, du&nbsp;stationnement \u00e0 l\u2019int\u00e9rieur de la propri\u00e9t\u00e9&nbsp;&amp; les divers taxes. Nos chambres sont propos\u00e9es \u00e0 la r\u00e9servation&nbsp;: Tarifs pour 1 ou 2 personne(s), petit-d\u00e9jeuner(s) et taxe(s) de s\u00e9jour compris.&nbsp; &nbsp; 1 nuit\u00e9e 2 nuit\u00e9es 3 nuit\u00e9es Etc. &nbsp;Suite&nbsp;familiale 235\u20ac [&hellip;]<\/p>\n","protected":false},"author":1,"featured_media":0,"parent":0,"menu_order":0,"comment_status":"closed","ping_status":"closed","template":"","meta":{"_uag_custom_page_level_css":"","footnotes":""},"class_list":["post-36","page","type-page","status-publish","hentry"],"acf":[],"uagb_featured_image_src":{"full":false,"thumbnail":false,"medium":false,"medium_large":false,"large":false,"1536x1536":false,"2048x2048":false,"trp-custom-language-flag":false,"hero-image":false},"uagb_author_info":{"display_name":"Felix","author_link":"https:\/\/castelbaiedesomme.com\/en\/author\/felix\/"},"uagb_comment_info":0,"uagb_excerpt":"LES TARIFS Les prix de nos chambres comprennent la nuit\u00e9e, le petit- d\u00e9jeuner, l\u2019utilisation du salon, du&nbsp;parc, du&nbsp;stationnement \u00e0 l\u2019int\u00e9rieur de la propri\u00e9t\u00e9&nbsp;&amp; les divers taxes. Nos chambres sont propos\u00e9es \u00e0 la r\u00e9servation&nbsp;: Tarifs pour 1 ou 2 personne(s), petit-d\u00e9jeuner(s) et taxe(s) de s\u00e9jour compris.&nbsp; &nbsp; 1 nuit\u00e9e 2 nuit\u00e9es 3 nuit\u00e9es Etc. &nbsp;Suite&nbsp;familiale 235\u20ac&hellip;","_links":{"self":[{"href":"https:\/\/castelbaiedesomme.com\/en\/wp-json\/wp\/v2\/pages\/36","targetHints":{"allow":["GET"]}}],"collection":[{"href":"https:\/\/castelbaiedesomme.com\/en\/wp-json\/wp\/v2\/pages"}],"about":[{"href":"https:\/\/castelbaiedesomme.com\/en\/wp-json\/wp\/v2\/types\/page"}],"author":[{"embeddable":true,"href":"https:\/\/castelbaiedesomme.com\/en\/wp-json\/wp\/v2\/users\/1"}],"replies":[{"embeddable":true,"href":"https:\/\/castelbaiedesomme.com\/en\/wp-json\/wp\/v2\/comments?post=36"}],"version-history":[{"count":35,"href":"https:\/\/castelbaiedesomme.com\/en\/wp-json\/wp\/v2\/pages\/36\/revisions"}],"predecessor-version":[{"id":2429,"href":"https:\/\/castelbaiedesomme.com\/en\/wp-json\/wp\/v2\/pages\/36\/revisions\/2429"}],"wp:attachment":[{"href":"https:\/\/castelbaiedesomme.com\/en\/wp-json\/wp\/v2\/media?parent=36"}],"curies":[{"name":"wp","href":"https:\/\/api.w.org\/{rel}","templated":true}]}}