{"id":479,"date":"2021-09-07T04:49:44","date_gmt":"2021-09-07T04:49:44","guid":{"rendered":"https:\/\/castelbaiedesomme.com\/?page_id=479"},"modified":"2022-02-04T15:47:26","modified_gmt":"2022-02-04T15:47:26","slug":"mentions-legales","status":"publish","type":"page","link":"https:\/\/castelbaiedesomme.com\/en\/mentions-legales\/","title":{"rendered":"Legal notice"},"content":{"rendered":"<div class=\"wp-block-cover alignfull is-light has-parallax\" style=\"background-image:url(https:\/\/castelbaiedesomme.com\/wp-content\/uploads\/2021\/09\/DSC_5362-scaled.jpg);min-height:800px;aspect-ratio:unset;\"><span aria-hidden=\"true\" class=\"has-background-dim-0 wp-block-cover__gradient-background has-background-dim\"><\/span><div class=\"wp-block-cover__inner-container is-layout-flow wp-block-cover-is-layout-flow\">\n<h2 class=\"alignwide has-text-color wp-block-heading\" id=\"mentions-legales\" style=\"color:#f8f4e4;font-size:64px\">Legal notice.<\/h2>\n\n\n\n<div class=\"wp-block-columns alignwide is-layout-flex wp-container-core-columns-is-layout-9d6595d7 wp-block-columns-is-layout-flex\">\n<div class=\"wp-block-column is-layout-flow wp-block-column-is-layout-flow\" style=\"flex-basis:55%\">\n<div style=\"height:330px\" aria-hidden=\"true\" class=\"wp-block-spacer\"><\/div>\n<\/div>\n\n\n\n<div class=\"wp-block-column is-layout-flow wp-block-column-is-layout-flow\"><\/div>\n<\/div>\n<\/div><\/div>\n\n\n\n<div style=\"height:100px\" aria-hidden=\"true\" class=\"wp-block-spacer\"><\/div>\n\n\n\n<h3 class=\"is-style-sub-title-2 wp-block-heading\" id=\"directeur-de-la-publication\">Copyright<\/h3>\n\n\n\n<p>M. Arnaud LENNE<br>LE CASTEL<br>rue du Castel<br>80230 Saint Valery sur Somme &#8211; France<\/p>\n\n\n\n<div style=\"height:20px\" aria-hidden=\"true\" class=\"wp-block-spacer\"><\/div>\n\n\n\n<h3 class=\"is-style-sub-title-2 wp-block-heading\" id=\"creation-et-developpement-web\">Concept and realisation of the website<\/h3>\n\n\n\n<p>BRF Solutions GmbH<br>Moosmattstrasse 14<br>CH \u2013 4304 Giebenach<br>info@brf-solutions.ch<\/p>\n\n\n\n<div style=\"height:20px\" aria-hidden=\"true\" class=\"wp-block-spacer\"><\/div>\n\n\n\n<h3 class=\"is-style-sub-title-2 wp-block-heading\" id=\"hebergement\">Hosting<\/h3>\n\n\n\n<p>SOCI\u00c9T\u00c9 OVH<br>SAS au capital de 500.000\u20ac<br>RCS Roubaix \u2013 Tourcoing 424 761 419 00011 \u2013 Code APE 6202A<br>Si\u00e8ge social : 2 rue Kellermann &#8211; 59100 Roubaix &#8211; France<\/p>\n\n\n\n<div style=\"height:100px\" aria-hidden=\"true\" class=\"wp-block-spacer\"><\/div>","protected":false},"excerpt":{"rendered":"<p>Directeur de la publication M. Arnaud LENNELE CASTELrue du Castel80230 Saint Valery sur Somme &#8211; France Cr\u00e9ation et D\u00e9veloppement Web BRF Solutions GmbHMoosmattstrasse 14CH \u2013 4304 Giebenachinfo@brf-solutions.ch H\u00e9bergement SOCI\u00c9T\u00c9 OVHSAS au capital de 500.000\u20acRCS Roubaix \u2013 Tourcoing 424 761 419 00011 \u2013 Code APE 6202ASi\u00e8ge social : 2 rue Kellermann &#8211; 59100 Roubaix &#8211; France<\/p>","protected":false},"author":2,"featured_media":0,"parent":0,"menu_order":0,"comment_status":"closed","ping_status":"closed","template":"","meta":{"_uag_custom_page_level_css":"","footnotes":""},"class_list":["post-479","page","type-page","status-publish","hentry"],"acf":[],"uagb_featured_image_src":{"full":false,"thumbnail":false,"medium":false,"medium_large":false,"large":false,"1536x1536":false,"2048x2048":false,"trp-custom-language-flag":false,"hero-image":false},"uagb_author_info":{"display_name":"Isabella Ravizza","author_link":"https:\/\/castelbaiedesomme.com\/en\/author\/isabella\/"},"uagb_comment_info":0,"uagb_excerpt":"Directeur de la publication M. Arnaud LENNELE CASTELrue du Castel80230 Saint Valery sur Somme &#8211; France Cr\u00e9ation et D\u00e9veloppement Web BRF Solutions GmbHMoosmattstrasse 14CH \u2013 4304 Giebenachinfo@brf-solutions.ch H\u00e9bergement SOCI\u00c9T\u00c9 OVHSAS au capital de 500.000\u20acRCS Roubaix \u2013 Tourcoing 424 761 419 00011 \u2013 Code APE 6202ASi\u00e8ge social : 2 rue Kellermann &#8211; 59100 Roubaix &#8211; France","_links":{"self":[{"href":"https:\/\/castelbaiedesomme.com\/en\/wp-json\/wp\/v2\/pages\/479","targetHints":{"allow":["GET"]}}],"collection":[{"href":"https:\/\/castelbaiedesomme.com\/en\/wp-json\/wp\/v2\/pages"}],"about":[{"href":"https:\/\/castelbaiedesomme.com\/en\/wp-json\/wp\/v2\/types\/page"}],"author":[{"embeddable":true,"href":"https:\/\/castelbaiedesomme.com\/en\/wp-json\/wp\/v2\/users\/2"}],"replies":[{"embeddable":true,"href":"https:\/\/castelbaiedesomme.com\/en\/wp-json\/wp\/v2\/comments?post=479"}],"version-history":[{"count":12,"href":"https:\/\/castelbaiedesomme.com\/en\/wp-json\/wp\/v2\/pages\/479\/revisions"}],"predecessor-version":[{"id":977,"href":"https:\/\/castelbaiedesomme.com\/en\/wp-json\/wp\/v2\/pages\/479\/revisions\/977"}],"wp:attachment":[{"href":"https:\/\/castelbaiedesomme.com\/en\/wp-json\/wp\/v2\/media?parent=479"}],"curies":[{"name":"wp","href":"https:\/\/api.w.org\/{rel}","templated":true}]}}