{"id":877,"date":"2022-02-04T10:16:44","date_gmt":"2022-02-04T10:16:44","guid":{"rendered":"https:\/\/castelbaiedesomme.com\/?page_id=877"},"modified":"2025-01-31T14:35:15","modified_gmt":"2025-01-31T14:35:15","slug":"les-conditions","status":"publish","type":"page","link":"https:\/\/castelbaiedesomme.com\/en\/les-conditions\/","title":{"rendered":"Les Conditions"},"content":{"rendered":"<div class=\"wp-block-cover alignfull is-light\" style=\"min-height:800px;aspect-ratio:unset;\"><span aria-hidden=\"true\" class=\"wp-block-cover__background has-background-dim-20 has-background-dim\"><\/span><img loading=\"lazy\" decoding=\"async\" width=\"2560\" height=\"1700\" class=\"wp-block-cover__image-background wp-image-214\" alt=\"\" src=\"https:\/\/castelbaiedesomme.com\/wp-content\/uploads\/2021\/09\/DSC_5181-scaled.jpg\" data-object-fit=\"cover\" srcset=\"https:\/\/castelbaiedesomme.com\/wp-content\/uploads\/2021\/09\/DSC_5181-scaled.jpg 2560w, https:\/\/castelbaiedesomme.com\/wp-content\/uploads\/2021\/09\/DSC_5181-300x199.jpg 300w, https:\/\/castelbaiedesomme.com\/wp-content\/uploads\/2021\/09\/DSC_5181-1024x680.jpg 1024w, https:\/\/castelbaiedesomme.com\/wp-content\/uploads\/2021\/09\/DSC_5181-768x510.jpg 768w, https:\/\/castelbaiedesomme.com\/wp-content\/uploads\/2021\/09\/DSC_5181-1536x1020.jpg 1536w, https:\/\/castelbaiedesomme.com\/wp-content\/uploads\/2021\/09\/DSC_5181-2048x1360.jpg 2048w, https:\/\/castelbaiedesomme.com\/wp-content\/uploads\/2021\/09\/DSC_5181-1600x1063.jpg 1600w\" sizes=\"auto, (max-width: 2560px) 100vw, 2560px\" \/><div class=\"wp-block-cover__inner-container is-layout-flow wp-block-cover-is-layout-flow\">\n<h2 class=\"wp-block-heading alignwide has-text-color\" id=\"les-conditions\" style=\"color:#f8f4e4;font-size:64px\">Les Conditions.<\/h2>\n\n\n\n<div class=\"wp-block-columns alignwide is-layout-flex wp-container-core-columns-is-layout-9d6595d7 wp-block-columns-is-layout-flex\">\n<div class=\"wp-block-column is-layout-flow wp-block-column-is-layout-flow\" style=\"flex-basis:55%\">\n<div style=\"height:330px\" aria-hidden=\"true\" class=\"wp-block-spacer\"><\/div>\n<\/div>\n\n\n\n<div class=\"wp-block-column is-layout-flow wp-block-column-is-layout-flow\"><\/div>\n<\/div>\n\n\n\n<p><\/p>\n<\/div><\/div>\n\n\n\n<div style=\"height:100px\" aria-hidden=\"true\" class=\"wp-block-spacer\"><\/div>\n\n\n\n<p><strong>General terms and conditions of sale<\/strong><br>Your final booking is registered when we have received :<\/p>\n\n\n\n<ul class=\"wp-block-list\">\n<li>Une\u00a0confirmation \u00e9crite par e-mail ou par courrier\u00a0;<\/li>\n\n\n\n<li>Un\u00a0acompte vers\u00e9 par virement bancaire, ch\u00e8que bancaire \u00e0 l\u2019ordre de LMP LE CASTEL ou par carte bancaire (d\u00e9p\u00f4t du num\u00e9ro, de la date d\u2019expiration et du cryptogramme).<\/li>\n<\/ul>\n\n\n\n<p>Pour un s\u00e9jour sup\u00e9rieur \u00e0 1 nuit\u00e9e&nbsp;: l\u2019acompte sera \u00e9gal \u00e0 la valeur de la 1\u00e8re&nbsp;nuit\u00e9e du s\u00e9jour.<\/p>\n\n\n\n<p>For a stay of 1 night only: the deposit will be 50% of the value of the stay.<\/p>\n\n\n\n<p>Your credit card will not be charged in advance.<\/p>\n\n\n\n<p>All prices include tourist tax and VAT.<\/p>\n\n\n\n<p>On the day of your arrival, you will be welcomed by appointment (in the afternoon or evening). Please contact us the day before your stay at the latest, either by phone or by email, in order to organise it.&nbsp;<\/p>\n\n\n\n<p>Le jour de votre d\u00e9part, merci de lib\u00e9rer votre chambre vers 11h. Vous pourrez stationner \u00e0 l\u2019int\u00e9rieur de la propri\u00e9t\u00e9 tout au long de cette derni\u00e8re journ\u00e9e en Baie.<\/p>\n\n\n\n<p>Pets are not allowed in the property: neither in the house nor in the rooms.&nbsp;<\/p>\n\n\n\n<p><strong>Cancellation conditions<\/strong><br>Cancellation of a reservation must be done by e-mail or by post.<\/p>\n\n\n\n<p>L\u2019acompte vous sera rembours\u00e9 pour toute demande d\u2019annulation effectu\u00e9e&nbsp;96h&nbsp;avant votre arriv\u00e9e, sauf privatisation de la maison&nbsp;(30 jours avant).<\/p>\n\n\n\n<p><strong>Cancellation conditions COVID<\/strong><br>Please inform us of any positive test.&nbsp;<br>The deposit will be reimbursed after presentation of the document officially certifying this result.<\/p>\n\n\n\n<p><strong>Maximum occupancy of our rooms<\/strong><br>Certaines de nos chambres peuvent \u00eatre occup\u00e9es par davantage d\u2019h\u00f4tes que pr\u00e9alablement pr\u00e9vu.<\/p>\n\n\n\n<p>Pour ce faire, merci de nous adresser une demande \u00e9crite, en amont de votre s\u00e9jour, par courriel.&nbsp;<\/p>\n\n\n\n<p>Par retour, nous vous confirmerons notre accord (en fonction de l\u2019occupation de la Maison) &amp; donc du nouveau tarif \u00e0 pr\u00e9voir.<\/p>\n\n\n\n<p><strong>Children and extra beds.<\/strong><br>Extra beds are only available on request and must be confirmed by the accommodation.<br>0 to 2 years: no additional charge, umbrella bed available on request.<br>3 \u00e0 15 ans&nbsp;:&nbsp;60\u20ac&nbsp;par nuit et lit suppl\u00e9mentaire, petit-d\u00e9jeuner inclus. Tarif d\u00e9gressif d\u00e8s la 2nde&nbsp;nuit\u00e9e.<\/p>\n\n\n\n<div style=\"height:15px\" aria-hidden=\"true\" class=\"wp-block-spacer\"><\/div>\n\n\n\n<p><\/p>\n\n\n\n<div style=\"height:15px\" aria-hidden=\"true\" class=\"wp-block-spacer\"><\/div>\n\n\n\n<p><\/p>\n\n\n\n<p><\/p>\n\n\n\n<div style=\"height:15px\" aria-hidden=\"true\" class=\"wp-block-spacer\"><\/div>\n\n\n\n<p><\/p>\n\n\n\n<p><\/p>\n\n\n\n<p><\/p>\n\n\n\n<div style=\"height:15px\" aria-hidden=\"true\" class=\"wp-block-spacer\"><\/div>\n\n\n\n<p><\/p>\n\n\n\n<p><\/p>\n\n\n\n<div style=\"height:50px\" aria-hidden=\"true\" class=\"wp-block-spacer\"><\/div>\n\n\n\n<div style=\"height:50px\" aria-hidden=\"true\" class=\"wp-block-spacer\"><\/div>\n\n\n\n<p><\/p>\n\n\n\n<div style=\"height:100px\" aria-hidden=\"true\" class=\"wp-block-spacer\"><\/div>","protected":false},"excerpt":{"rendered":"<p>Conditions g\u00e9n\u00e9rales de vente.Votre r\u00e9servation d\u00e9finitive est enregistr\u00e9e lorsque nous avons bien re\u00e7u&nbsp;: Pour un s\u00e9jour sup\u00e9rieur \u00e0 1 nuit\u00e9e&nbsp;: l\u2019acompte sera \u00e9gal \u00e0 la valeur de la 1\u00e8re&nbsp;nuit\u00e9e du s\u00e9jour. Pour un s\u00e9jour d\u20191 nuit\u00e9e unique&nbsp;: l\u2019acompte sera de 50% de la valeur du s\u00e9jour. Votre carte de cr\u00e9dit ne sera pas d\u00e9bit\u00e9e au [&hellip;]<\/p>\n","protected":false},"author":2,"featured_media":0,"parent":0,"menu_order":0,"comment_status":"closed","ping_status":"closed","template":"","meta":{"_uag_custom_page_level_css":"","footnotes":""},"class_list":["post-877","page","type-page","status-publish","hentry"],"acf":[],"uagb_featured_image_src":{"full":false,"thumbnail":false,"medium":false,"medium_large":false,"large":false,"1536x1536":false,"2048x2048":false,"trp-custom-language-flag":false,"hero-image":false},"uagb_author_info":{"display_name":"Isabella Ravizza","author_link":"https:\/\/castelbaiedesomme.com\/en\/author\/isabella\/"},"uagb_comment_info":0,"uagb_excerpt":"Conditions g\u00e9n\u00e9rales de vente.Votre r\u00e9servation d\u00e9finitive est enregistr\u00e9e lorsque nous avons bien re\u00e7u&nbsp;: Pour un s\u00e9jour sup\u00e9rieur \u00e0 1 nuit\u00e9e&nbsp;: l\u2019acompte sera \u00e9gal \u00e0 la valeur de la 1\u00e8re&nbsp;nuit\u00e9e du s\u00e9jour. Pour un s\u00e9jour d\u20191 nuit\u00e9e unique&nbsp;: l\u2019acompte sera de 50% de la valeur du s\u00e9jour. Votre carte de cr\u00e9dit ne sera pas d\u00e9bit\u00e9e au&hellip;","_links":{"self":[{"href":"https:\/\/castelbaiedesomme.com\/en\/wp-json\/wp\/v2\/pages\/877","targetHints":{"allow":["GET"]}}],"collection":[{"href":"https:\/\/castelbaiedesomme.com\/en\/wp-json\/wp\/v2\/pages"}],"about":[{"href":"https:\/\/castelbaiedesomme.com\/en\/wp-json\/wp\/v2\/types\/page"}],"author":[{"embeddable":true,"href":"https:\/\/castelbaiedesomme.com\/en\/wp-json\/wp\/v2\/users\/2"}],"replies":[{"embeddable":true,"href":"https:\/\/castelbaiedesomme.com\/en\/wp-json\/wp\/v2\/comments?post=877"}],"version-history":[{"count":15,"href":"https:\/\/castelbaiedesomme.com\/en\/wp-json\/wp\/v2\/pages\/877\/revisions"}],"predecessor-version":[{"id":2433,"href":"https:\/\/castelbaiedesomme.com\/en\/wp-json\/wp\/v2\/pages\/877\/revisions\/2433"}],"wp:attachment":[{"href":"https:\/\/castelbaiedesomme.com\/en\/wp-json\/wp\/v2\/media?parent=877"}],"curies":[{"name":"wp","href":"https:\/\/api.w.org\/{rel}","templated":true}]}}