{"id":880,"date":"2022-02-04T10:17:44","date_gmt":"2022-02-04T10:17:44","guid":{"rendered":"https:\/\/castelbaiedesomme.com\/?page_id=880"},"modified":"2025-01-31T14:36:34","modified_gmt":"2025-01-31T14:36:34","slug":"accueil-depart","status":"publish","type":"page","link":"https:\/\/castelbaiedesomme.com\/en\/accueil-depart\/","title":{"rendered":"Welcome \/ Departure"},"content":{"rendered":"<div class=\"wp-block-cover alignfull is-light\" style=\"min-height:800px;aspect-ratio:unset;\"><span aria-hidden=\"true\" class=\"wp-block-cover__background has-background-dim-20 has-background-dim\"><\/span><img loading=\"lazy\" decoding=\"async\" width=\"2560\" height=\"1700\" class=\"wp-block-cover__image-background wp-image-214\" alt=\"\" src=\"https:\/\/castelbaiedesomme.com\/wp-content\/uploads\/2021\/09\/DSC_5181-scaled.jpg\" data-object-fit=\"cover\" srcset=\"https:\/\/castelbaiedesomme.com\/wp-content\/uploads\/2021\/09\/DSC_5181-scaled.jpg 2560w, https:\/\/castelbaiedesomme.com\/wp-content\/uploads\/2021\/09\/DSC_5181-300x199.jpg 300w, https:\/\/castelbaiedesomme.com\/wp-content\/uploads\/2021\/09\/DSC_5181-1024x680.jpg 1024w, https:\/\/castelbaiedesomme.com\/wp-content\/uploads\/2021\/09\/DSC_5181-768x510.jpg 768w, https:\/\/castelbaiedesomme.com\/wp-content\/uploads\/2021\/09\/DSC_5181-1536x1020.jpg 1536w, https:\/\/castelbaiedesomme.com\/wp-content\/uploads\/2021\/09\/DSC_5181-2048x1360.jpg 2048w, https:\/\/castelbaiedesomme.com\/wp-content\/uploads\/2021\/09\/DSC_5181-1600x1063.jpg 1600w\" sizes=\"auto, (max-width: 2560px) 100vw, 2560px\" \/><div class=\"wp-block-cover__inner-container is-layout-flow wp-block-cover-is-layout-flow\">\n<h2 class=\"wp-block-heading alignwide has-text-color\" id=\"accueil-depart\" style=\"color:#f8f4e4;font-size:64px\">Welcome \/ Departure<\/h2>\n\n\n\n<div class=\"wp-block-columns alignwide is-layout-flex wp-container-core-columns-is-layout-9d6595d7 wp-block-columns-is-layout-flex\">\n<div class=\"wp-block-column is-layout-flow wp-block-column-is-layout-flow\" style=\"flex-basis:55%\">\n<div style=\"height:330px\" aria-hidden=\"true\" class=\"wp-block-spacer\"><\/div>\n<\/div>\n\n\n\n<div class=\"wp-block-column is-layout-flow wp-block-column-is-layout-flow\"><\/div>\n<\/div>\n\n\n\n<p><\/p>\n<\/div><\/div>\n\n\n\n<p><\/p>\n\n\n\n<div style=\"height:100px\" aria-hidden=\"true\" class=\"wp-block-spacer\"><\/div>\n\n\n\n<p><strong>WELCOME<\/strong><\/p>\n\n\n\n<p>Arrival at the Castel is by appointment only (in the afternoon or evening), arranged by telephone or e-mail, the day before your stay at the latest.&nbsp;<\/p>\n\n\n\n<p>Please present yourself at the automatic gate of the property, located in the upper street of the ramparts, accessible from the lower street of the ramparts.<\/p>\n\n\n\n<p>When you are facing the gate, please use the intercom.&nbsp;<\/p>\n\n\n\n<p><strong>DEPARTURE<\/strong><\/p>\n\n\n\n<p>Please vacate your room after the last breakfast at around 11am.<\/p>\n\n\n\n<p>Vous b\u00e9n\u00e9ficierez du stationnement \u00e0 l\u2019int\u00e9rieur de la propri\u00e9t\u00e9 tout au long de votre derni\u00e8re journ\u00e9e en Baie.<\/p>\n\n\n\n<p>Animals are not accepted&nbsp;<\/p>\n\n\n\n<p>Pour tout autre renseignement, merci de nous contacter directement par t\u00e9l\u00e9phone au +33 (0)3 22 60 45 79.<\/p>\n\n\n\n<p><\/p>\n\n\n\n<p><\/p>\n\n\n\n<div style=\"height:100px\" aria-hidden=\"true\" class=\"wp-block-spacer\"><\/div>","protected":false},"excerpt":{"rendered":"<p>ACCUEIL L\u2019arriv\u00e9e au&nbsp;Castel se fait sur rendez- vous uniquement (en apr\u00e8s- midi ou en soir\u00e9e), pr\u00e9vu par t\u00e9l\u00e9phone ou par e-mail, la veille de votre s\u00e9jour, au plus tard.&nbsp; Merci de vous pr\u00e9senter au portail automatique de la propri\u00e9t\u00e9, situ\u00e9 rue haute des remparts, accessible par la rue basse des remparts. Lorsque vous serez face [&hellip;]<\/p>\n","protected":false},"author":2,"featured_media":0,"parent":0,"menu_order":0,"comment_status":"closed","ping_status":"closed","template":"","meta":{"_uag_custom_page_level_css":"","footnotes":""},"class_list":["post-880","page","type-page","status-publish","hentry"],"acf":[],"uagb_featured_image_src":{"full":false,"thumbnail":false,"medium":false,"medium_large":false,"large":false,"1536x1536":false,"2048x2048":false,"trp-custom-language-flag":false,"hero-image":false},"uagb_author_info":{"display_name":"Isabella Ravizza","author_link":"https:\/\/castelbaiedesomme.com\/en\/author\/isabella\/"},"uagb_comment_info":0,"uagb_excerpt":"ACCUEIL L\u2019arriv\u00e9e au&nbsp;Castel se fait sur rendez- vous uniquement (en apr\u00e8s- midi ou en soir\u00e9e), pr\u00e9vu par t\u00e9l\u00e9phone ou par e-mail, la veille de votre s\u00e9jour, au plus tard.&nbsp; Merci de vous pr\u00e9senter au portail automatique de la propri\u00e9t\u00e9, situ\u00e9 rue haute des remparts, accessible par la rue basse des remparts. Lorsque vous serez face&hellip;","_links":{"self":[{"href":"https:\/\/castelbaiedesomme.com\/en\/wp-json\/wp\/v2\/pages\/880","targetHints":{"allow":["GET"]}}],"collection":[{"href":"https:\/\/castelbaiedesomme.com\/en\/wp-json\/wp\/v2\/pages"}],"about":[{"href":"https:\/\/castelbaiedesomme.com\/en\/wp-json\/wp\/v2\/types\/page"}],"author":[{"embeddable":true,"href":"https:\/\/castelbaiedesomme.com\/en\/wp-json\/wp\/v2\/users\/2"}],"replies":[{"embeddable":true,"href":"https:\/\/castelbaiedesomme.com\/en\/wp-json\/wp\/v2\/comments?post=880"}],"version-history":[{"count":10,"href":"https:\/\/castelbaiedesomme.com\/en\/wp-json\/wp\/v2\/pages\/880\/revisions"}],"predecessor-version":[{"id":2435,"href":"https:\/\/castelbaiedesomme.com\/en\/wp-json\/wp\/v2\/pages\/880\/revisions\/2435"}],"wp:attachment":[{"href":"https:\/\/castelbaiedesomme.com\/en\/wp-json\/wp\/v2\/media?parent=880"}],"curies":[{"name":"wp","href":"https:\/\/api.w.org\/{rel}","templated":true}]}}