{"id":887,"date":"2022-02-04T10:20:41","date_gmt":"2022-02-04T10:20:41","guid":{"rendered":"https:\/\/castelbaiedesomme.com\/?page_id=887"},"modified":"2022-03-23T06:33:30","modified_gmt":"2022-03-23T06:33:30","slug":"covid-19","status":"publish","type":"page","link":"https:\/\/castelbaiedesomme.com\/en\/covid-19\/","title":{"rendered":"COVID 19"},"content":{"rendered":"<div class=\"wp-block-cover alignfull is-light\" style=\"min-height:800px;aspect-ratio:unset;\"><span aria-hidden=\"true\" class=\"has-background-dim-20 wp-block-cover__gradient-background has-background-dim\"><\/span><img loading=\"lazy\" decoding=\"async\" width=\"2560\" height=\"1700\" class=\"wp-block-cover__image-background wp-image-214\" alt=\"\" src=\"https:\/\/castelbaiedesomme.com\/wp-content\/uploads\/2021\/09\/DSC_5181-scaled.jpg\" data-object-fit=\"cover\" srcset=\"https:\/\/castelbaiedesomme.com\/wp-content\/uploads\/2021\/09\/DSC_5181-scaled.jpg 2560w, https:\/\/castelbaiedesomme.com\/wp-content\/uploads\/2021\/09\/DSC_5181-300x199.jpg 300w, https:\/\/castelbaiedesomme.com\/wp-content\/uploads\/2021\/09\/DSC_5181-1024x680.jpg 1024w, https:\/\/castelbaiedesomme.com\/wp-content\/uploads\/2021\/09\/DSC_5181-768x510.jpg 768w, https:\/\/castelbaiedesomme.com\/wp-content\/uploads\/2021\/09\/DSC_5181-1536x1020.jpg 1536w, https:\/\/castelbaiedesomme.com\/wp-content\/uploads\/2021\/09\/DSC_5181-2048x1360.jpg 2048w, https:\/\/castelbaiedesomme.com\/wp-content\/uploads\/2021\/09\/DSC_5181-1600x1063.jpg 1600w\" sizes=\"auto, (max-width: 2560px) 100vw, 2560px\" \/><div class=\"wp-block-cover__inner-container is-layout-flow wp-block-cover-is-layout-flow\">\n<h2 class=\"alignwide has-text-color wp-block-heading\" id=\"covid-19\" style=\"color:#f8f4e4;font-size:64px\">COVID 19.<\/h2>\n\n\n\n<div class=\"wp-block-columns alignwide is-layout-flex wp-container-core-columns-is-layout-9d6595d7 wp-block-columns-is-layout-flex\">\n<div class=\"wp-block-column is-layout-flow wp-block-column-is-layout-flow\" style=\"flex-basis:55%\">\n<div style=\"height:330px\" aria-hidden=\"true\" class=\"wp-block-spacer\"><\/div>\n<\/div>\n\n\n\n<div class=\"wp-block-column is-layout-flow wp-block-column-is-layout-flow\"><\/div>\n<\/div>\n\n\n\n<p><\/p>\n<\/div><\/div>\n\n\n\n<div style=\"height:100px\" aria-hidden=\"true\" class=\"wp-block-spacer\"><\/div>\n\n\n\n<p><strong>LE COVID 19<\/strong><\/p>\n\n\n\n<h2 class=\"is-style-sub-title-3 wp-block-heading\">En fonction des derni\u00e8res r\u00e8glementations gouvernementales, merci de nous pr\u00e9senter \u00e0 votre arriv\u00e9e, au Castel, votre passe vaccinal complet.<\/h2>\n\n\n\n<h2 class=\"is-style-sub-title-3 wp-block-heading\">&nbsp;<\/h2>\n\n\n\n<h2 class=\"is-style-sub-title-3 wp-block-heading\">Un message du Castel.<\/h2>\n\n\n\n<p><strong>\u00ab&nbsp;Parce que la sant\u00e9 de nos clients et de nos collaborateurs est notre priorit\u00e9<\/strong><strong>,&nbsp;<\/strong>notre engagement en faveur de l\u2019hygi\u00e8ne et de la propret\u00e9 nous a conduits \u00e0 nous mobiliser pour renforcer nos protocoles en mati\u00e8re de s\u00e9curit\u00e9 sanitaire. Dans ce sens, nous avons mis en place des mesures suppl\u00e9mentaires, qui respectent les derni\u00e8res recommandations en termes d\u2019hygi\u00e8ne et de nettoyage. Ces mesures couvrent une large gamme de sujets allant du respect des gestes barri\u00e8res aux recommandations de produits d\u2019entretien en passant par les proc\u00e9dures de nettoyage des chambres et des espaces communs ainsi que de la r\u00e9duction n\u00e9cessaire de l\u2019offre de services.&nbsp;\u00bb<\/p>\n\n\n\n<h2 class=\"is-style-sub-title-3 wp-block-heading\">&nbsp;<\/h2>\n\n\n\n<h2 class=\"is-style-sub-title-3 wp-block-heading\">\u00c0 quoi vous attendre pendant votre s\u00e9jour.<\/h2>\n\n\n\n<h2 class=\"is-style-sub-title-3 wp-block-heading\">&nbsp;<\/h2>\n\n\n\n<p>&#8211; Tout le linge de maison est d\u00e9sinfect\u00e9 \u00e0 haute temp\u00e9rature<\/p>\n\n\n\n<p>&#8211; Du gel d\u00e9sinfectant pour les mains est \u00e0 la disposition des clients et du personnel dans les pi\u00e8ces communes, situ\u00e9es au RDC<\/p>\n\n\n\n<p>&#8211; Les pi\u00e8ces communes sont r\u00e9guli\u00e8rement d\u00e9sinfect\u00e9es&nbsp;<\/p>\n\n\n\n<p>&#8211; Le personnel est tenu de se laver r\u00e9guli\u00e8rement les mains&nbsp;<\/p>\n\n\n\n<p>&#8211; Les produits de toilette sont dans des emballages individuels<\/p>\n\n\n\n<div class=\"wp-block-columns is-layout-flex wp-container-core-columns-is-layout-9d6595d7 wp-block-columns-is-layout-flex\"><\/div>\n\n\n\n<div style=\"height:50px\" aria-hidden=\"true\" class=\"wp-block-spacer\"><\/div>\n\n\n\n<div class=\"wp-block-columns is-layout-flex wp-container-core-columns-is-layout-9d6595d7 wp-block-columns-is-layout-flex\"><\/div>","protected":false},"excerpt":{"rendered":"<p>LE COVID 19 En fonction des derni\u00e8res r\u00e8glementations gouvernementales, merci de nous pr\u00e9senter \u00e0 votre arriv\u00e9e, au Castel, votre passe vaccinal complet. &nbsp; Un message du Castel. \u00ab&nbsp;Parce que la sant\u00e9 de nos clients et de nos collaborateurs est notre priorit\u00e9,&nbsp;notre engagement en faveur de l\u2019hygi\u00e8ne et de la propret\u00e9 nous a conduits \u00e0 nous [&hellip;]<\/p>\n","protected":false},"author":2,"featured_media":0,"parent":0,"menu_order":0,"comment_status":"closed","ping_status":"closed","template":"","meta":{"_uag_custom_page_level_css":"","footnotes":""},"class_list":["post-887","page","type-page","status-publish","hentry"],"acf":[],"uagb_featured_image_src":{"full":false,"thumbnail":false,"medium":false,"medium_large":false,"large":false,"1536x1536":false,"2048x2048":false,"trp-custom-language-flag":false,"hero-image":false},"uagb_author_info":{"display_name":"Isabella Ravizza","author_link":"https:\/\/castelbaiedesomme.com\/en\/author\/isabella\/"},"uagb_comment_info":0,"uagb_excerpt":"LE COVID 19 En fonction des derni\u00e8res r\u00e8glementations gouvernementales, merci de nous pr\u00e9senter \u00e0 votre arriv\u00e9e, au Castel, votre passe vaccinal complet. &nbsp; Un message du Castel. \u00ab&nbsp;Parce que la sant\u00e9 de nos clients et de nos collaborateurs est notre priorit\u00e9,&nbsp;notre engagement en faveur de l\u2019hygi\u00e8ne et de la propret\u00e9 nous a conduits \u00e0 nous&hellip;","_links":{"self":[{"href":"https:\/\/castelbaiedesomme.com\/en\/wp-json\/wp\/v2\/pages\/887","targetHints":{"allow":["GET"]}}],"collection":[{"href":"https:\/\/castelbaiedesomme.com\/en\/wp-json\/wp\/v2\/pages"}],"about":[{"href":"https:\/\/castelbaiedesomme.com\/en\/wp-json\/wp\/v2\/types\/page"}],"author":[{"embeddable":true,"href":"https:\/\/castelbaiedesomme.com\/en\/wp-json\/wp\/v2\/users\/2"}],"replies":[{"embeddable":true,"href":"https:\/\/castelbaiedesomme.com\/en\/wp-json\/wp\/v2\/comments?post=887"}],"version-history":[{"count":12,"href":"https:\/\/castelbaiedesomme.com\/en\/wp-json\/wp\/v2\/pages\/887\/revisions"}],"predecessor-version":[{"id":1529,"href":"https:\/\/castelbaiedesomme.com\/en\/wp-json\/wp\/v2\/pages\/887\/revisions\/1529"}],"wp:attachment":[{"href":"https:\/\/castelbaiedesomme.com\/en\/wp-json\/wp\/v2\/media?parent=887"}],"curies":[{"name":"wp","href":"https:\/\/api.w.org\/{rel}","templated":true}]}}