{"id":898,"date":"2022-02-04T10:24:01","date_gmt":"2022-02-04T10:24:01","guid":{"rendered":"https:\/\/castelbaiedesomme.com\/?page_id=898"},"modified":"2025-01-31T14:31:51","modified_gmt":"2025-01-31T14:31:51","slug":"le-petit-dejeuner","status":"publish","type":"page","link":"https:\/\/castelbaiedesomme.com\/en\/le-petit-dejeuner\/","title":{"rendered":"Le Petit-D\u00e9jeuner"},"content":{"rendered":"<div class=\"wp-block-cover alignfull is-light\" style=\"min-height:800px;aspect-ratio:unset;\"><span aria-hidden=\"true\" class=\"wp-block-cover__background has-background-dim-0 has-background-dim\"><\/span><img loading=\"lazy\" decoding=\"async\" width=\"2560\" height=\"1683\" class=\"wp-block-cover__image-background wp-image-410\" alt=\"\" src=\"https:\/\/castelbaiedesomme.com\/wp-content\/uploads\/2021\/09\/salle-scaled.jpg\" data-object-fit=\"cover\" srcset=\"https:\/\/castelbaiedesomme.com\/wp-content\/uploads\/2021\/09\/salle-scaled.jpg 2560w, https:\/\/castelbaiedesomme.com\/wp-content\/uploads\/2021\/09\/salle-300x197.jpg 300w, https:\/\/castelbaiedesomme.com\/wp-content\/uploads\/2021\/09\/salle-1024x673.jpg 1024w, https:\/\/castelbaiedesomme.com\/wp-content\/uploads\/2021\/09\/salle-768x505.jpg 768w, https:\/\/castelbaiedesomme.com\/wp-content\/uploads\/2021\/09\/salle-1536x1010.jpg 1536w, https:\/\/castelbaiedesomme.com\/wp-content\/uploads\/2021\/09\/salle-2048x1347.jpg 2048w, https:\/\/castelbaiedesomme.com\/wp-content\/uploads\/2021\/09\/salle-1600x1052.jpg 1600w\" sizes=\"auto, (max-width: 2560px) 100vw, 2560px\" \/><div class=\"wp-block-cover__inner-container is-layout-flow wp-block-cover-is-layout-flow\">\n<h2 class=\"wp-block-heading alignwide has-text-color\" id=\"le-petit-dejeuner\" style=\"color:#f8f4e4;font-size:64px\">Le Petit-D\u00e9jeuner.<\/h2>\n\n\n\n<div class=\"wp-block-columns alignwide is-layout-flex wp-container-core-columns-is-layout-9d6595d7 wp-block-columns-is-layout-flex\">\n<div class=\"wp-block-column is-layout-flow wp-block-column-is-layout-flow\" style=\"flex-basis:55%\">\n<div style=\"height:330px\" aria-hidden=\"true\" class=\"wp-block-spacer\"><\/div>\n<\/div>\n\n\n\n<div class=\"wp-block-column is-layout-flow wp-block-column-is-layout-flow\"><\/div>\n<\/div>\n<\/div><\/div>\n\n\n\n<div style=\"height:100px\" aria-hidden=\"true\" class=\"wp-block-spacer\"><\/div>\n\n\n\n<p><strong>Times and places.<\/strong><\/p>\n\n\n\n<p>Breakfast is served every morning from 9am to 10am in the dining room.&nbsp;<\/p>\n\n\n\n<p>During the summer season, it can also be offered on the terrace, depending on the weather.<\/p>\n\n\n\n<p>Depending on your commitments with a \"nature guide\", for a crossing of the Bay on foot, a canoe trip... or your professional commitments, a breakfast (light version) will be organized, on request, by appointment. Set the day before.<\/p>\n\n\n\n<p><strong>An example of a menu.<\/strong><\/p>\n\n\n\n<p>From 7am onwards, the kitchen is bustling with activity.<\/p>\n\n\n\n<p>The cooking smells quietly rise into the bedrooms: a real natural awakening!<\/p>\n\n\n\n<p>To whet your appetite, here is an example of a typical homemade breakfast (in addition of course to the traditional = bread, butter, homemade jams, cereals, organic juice, fresh and dried fruit...):<\/p>\n\n\n\n<ul class=\"wp-block-list\">\n<li>Pumpkin and coconut milk soup<\/li>\n\n\n\n<li>Salty Tart<\/li>\n\n\n\n<li>Vegetables terrine<\/li>\n\n\n\n<li>Pickled herring<\/li>\n\n\n\n<li>Ham cooked in 2 stages<\/li>\n\n\n\n<li>Cheeses<\/li>\n\n\n\n<li>Custard<\/li>\n\n\n\n<li>Canadian cake<\/li>\n\n\n\n<li>Cookies and Madeleines<\/li>\n\n\n\n<li>Fruit compote<\/li>\n\n\n\n<li>Fruits in syrup<\/li>\n<\/ul>\n\n\n\n<p>Our preparations are homemade! Enjoy your food\u2026<\/p>\n\n\n\n<div style=\"height:100px\" aria-hidden=\"true\" class=\"wp-block-spacer\"><\/div>\n\n\n\n<figure class=\"wp-block-gallery has-nested-images columns-default is-cropped wp-block-gallery-1 is-layout-flex wp-block-gallery-is-layout-flex\">\n<figure class=\"wp-block-image size-large\"><img loading=\"lazy\" decoding=\"async\" width=\"480\" height=\"480\" data-id=\"1359\" src=\"https:\/\/castelbaiedesomme.com\/wp-content\/uploads\/2022\/03\/Table-petit-dejeuner-11.jpeg\" alt=\"\" class=\"wp-image-1359\" srcset=\"https:\/\/castelbaiedesomme.com\/wp-content\/uploads\/2022\/03\/Table-petit-dejeuner-11.jpeg 480w, https:\/\/castelbaiedesomme.com\/wp-content\/uploads\/2022\/03\/Table-petit-dejeuner-11-300x300.jpeg 300w, https:\/\/castelbaiedesomme.com\/wp-content\/uploads\/2022\/03\/Table-petit-dejeuner-11-150x150.jpeg 150w, https:\/\/castelbaiedesomme.com\/wp-content\/uploads\/2022\/03\/Table-petit-dejeuner-11-12x12.jpeg 12w\" sizes=\"auto, (max-width: 480px) 100vw, 480px\" \/><\/figure>\n\n\n\n<figure class=\"wp-block-image size-large\"><img loading=\"lazy\" decoding=\"async\" width=\"480\" height=\"480\" data-id=\"1360\" src=\"https:\/\/castelbaiedesomme.com\/wp-content\/uploads\/2022\/03\/Zoom-petit-dejeuner-en-famille-2-.jpeg\" alt=\"\" class=\"wp-image-1360\" srcset=\"https:\/\/castelbaiedesomme.com\/wp-content\/uploads\/2022\/03\/Zoom-petit-dejeuner-en-famille-2-.jpeg 480w, https:\/\/castelbaiedesomme.com\/wp-content\/uploads\/2022\/03\/Zoom-petit-dejeuner-en-famille-2--300x300.jpeg 300w, https:\/\/castelbaiedesomme.com\/wp-content\/uploads\/2022\/03\/Zoom-petit-dejeuner-en-famille-2--150x150.jpeg 150w, https:\/\/castelbaiedesomme.com\/wp-content\/uploads\/2022\/03\/Zoom-petit-dejeuner-en-famille-2--12x12.jpeg 12w\" sizes=\"auto, (max-width: 480px) 100vw, 480px\" \/><\/figure>\n\n\n\n<figure class=\"wp-block-image size-large\"><img loading=\"lazy\" decoding=\"async\" width=\"2560\" height=\"1920\" data-id=\"1513\" src=\"https:\/\/castelbaiedesomme.com\/wp-content\/uploads\/2022\/03\/IMG_E7647-scaled.jpg\" alt=\"\" class=\"wp-image-1513\" srcset=\"https:\/\/castelbaiedesomme.com\/wp-content\/uploads\/2022\/03\/IMG_E7647-scaled.jpg 2560w, https:\/\/castelbaiedesomme.com\/wp-content\/uploads\/2022\/03\/IMG_E7647-300x225.jpg 300w, https:\/\/castelbaiedesomme.com\/wp-content\/uploads\/2022\/03\/IMG_E7647-1024x768.jpg 1024w, https:\/\/castelbaiedesomme.com\/wp-content\/uploads\/2022\/03\/IMG_E7647-768x576.jpg 768w, https:\/\/castelbaiedesomme.com\/wp-content\/uploads\/2022\/03\/IMG_E7647-1536x1152.jpg 1536w, https:\/\/castelbaiedesomme.com\/wp-content\/uploads\/2022\/03\/IMG_E7647-2048x1536.jpg 2048w, https:\/\/castelbaiedesomme.com\/wp-content\/uploads\/2022\/03\/IMG_E7647-16x12.jpg 16w, https:\/\/castelbaiedesomme.com\/wp-content\/uploads\/2022\/03\/IMG_E7647-1600x1200.jpg 1600w\" sizes=\"auto, (max-width: 2560px) 100vw, 2560px\" \/><\/figure>\n\n\n\n<figure class=\"wp-block-image size-large\"><img loading=\"lazy\" decoding=\"async\" width=\"480\" height=\"480\" data-id=\"1356\" src=\"https:\/\/castelbaiedesomme.com\/wp-content\/uploads\/2022\/03\/Table-petit-dejeuner-8-.jpeg\" alt=\"\" class=\"wp-image-1356\" srcset=\"https:\/\/castelbaiedesomme.com\/wp-content\/uploads\/2022\/03\/Table-petit-dejeuner-8-.jpeg 480w, https:\/\/castelbaiedesomme.com\/wp-content\/uploads\/2022\/03\/Table-petit-dejeuner-8--300x300.jpeg 300w, https:\/\/castelbaiedesomme.com\/wp-content\/uploads\/2022\/03\/Table-petit-dejeuner-8--150x150.jpeg 150w, https:\/\/castelbaiedesomme.com\/wp-content\/uploads\/2022\/03\/Table-petit-dejeuner-8--12x12.jpeg 12w\" sizes=\"auto, (max-width: 480px) 100vw, 480px\" \/><\/figure>\n\n\n\n<figure class=\"wp-block-image size-large\"><img loading=\"lazy\" decoding=\"async\" width=\"1920\" height=\"2560\" data-id=\"1506\" src=\"https:\/\/castelbaiedesomme.com\/wp-content\/uploads\/2022\/03\/IMG_7297-scaled.jpg\" alt=\"\" class=\"wp-image-1506\" srcset=\"https:\/\/castelbaiedesomme.com\/wp-content\/uploads\/2022\/03\/IMG_7297-scaled.jpg 1920w, https:\/\/castelbaiedesomme.com\/wp-content\/uploads\/2022\/03\/IMG_7297-225x300.jpg 225w, https:\/\/castelbaiedesomme.com\/wp-content\/uploads\/2022\/03\/IMG_7297-768x1024.jpg 768w, https:\/\/castelbaiedesomme.com\/wp-content\/uploads\/2022\/03\/IMG_7297-1152x1536.jpg 1152w, https:\/\/castelbaiedesomme.com\/wp-content\/uploads\/2022\/03\/IMG_7297-1536x2048.jpg 1536w, https:\/\/castelbaiedesomme.com\/wp-content\/uploads\/2022\/03\/IMG_7297-9x12.jpg 9w, https:\/\/castelbaiedesomme.com\/wp-content\/uploads\/2022\/03\/IMG_7297-1600x2133.jpg 1600w\" sizes=\"auto, (max-width: 1920px) 100vw, 1920px\" \/><\/figure>\n\n\n\n<figure class=\"wp-block-image size-large\"><img loading=\"lazy\" decoding=\"async\" width=\"480\" height=\"480\" data-id=\"1357\" src=\"https:\/\/castelbaiedesomme.com\/wp-content\/uploads\/2022\/03\/Table-petit-dejeuner-9-.jpeg\" alt=\"\" class=\"wp-image-1357\" srcset=\"https:\/\/castelbaiedesomme.com\/wp-content\/uploads\/2022\/03\/Table-petit-dejeuner-9-.jpeg 480w, https:\/\/castelbaiedesomme.com\/wp-content\/uploads\/2022\/03\/Table-petit-dejeuner-9--300x300.jpeg 300w, https:\/\/castelbaiedesomme.com\/wp-content\/uploads\/2022\/03\/Table-petit-dejeuner-9--150x150.jpeg 150w, https:\/\/castelbaiedesomme.com\/wp-content\/uploads\/2022\/03\/Table-petit-dejeuner-9--12x12.jpeg 12w\" sizes=\"auto, (max-width: 480px) 100vw, 480px\" \/><\/figure>\n\n\n\n<figure class=\"wp-block-image size-large\"><img loading=\"lazy\" decoding=\"async\" width=\"480\" height=\"480\" data-id=\"1358\" src=\"https:\/\/castelbaiedesomme.com\/wp-content\/uploads\/2022\/03\/Table-petit-dejeuner-10-.jpeg\" alt=\"\" class=\"wp-image-1358\" srcset=\"https:\/\/castelbaiedesomme.com\/wp-content\/uploads\/2022\/03\/Table-petit-dejeuner-10-.jpeg 480w, https:\/\/castelbaiedesomme.com\/wp-content\/uploads\/2022\/03\/Table-petit-dejeuner-10--300x300.jpeg 300w, https:\/\/castelbaiedesomme.com\/wp-content\/uploads\/2022\/03\/Table-petit-dejeuner-10--150x150.jpeg 150w, https:\/\/castelbaiedesomme.com\/wp-content\/uploads\/2022\/03\/Table-petit-dejeuner-10--12x12.jpeg 12w\" sizes=\"auto, (max-width: 480px) 100vw, 480px\" \/><\/figure>\n\n\n\n<figure class=\"wp-block-image size-large\"><img loading=\"lazy\" decoding=\"async\" width=\"480\" height=\"480\" data-id=\"1353\" src=\"https:\/\/castelbaiedesomme.com\/wp-content\/uploads\/2022\/03\/Table-petit-dejeuner-5-.jpeg\" alt=\"\" class=\"wp-image-1353\" srcset=\"https:\/\/castelbaiedesomme.com\/wp-content\/uploads\/2022\/03\/Table-petit-dejeuner-5-.jpeg 480w, https:\/\/castelbaiedesomme.com\/wp-content\/uploads\/2022\/03\/Table-petit-dejeuner-5--300x300.jpeg 300w, https:\/\/castelbaiedesomme.com\/wp-content\/uploads\/2022\/03\/Table-petit-dejeuner-5--150x150.jpeg 150w, https:\/\/castelbaiedesomme.com\/wp-content\/uploads\/2022\/03\/Table-petit-dejeuner-5--12x12.jpeg 12w\" sizes=\"auto, (max-width: 480px) 100vw, 480px\" \/><\/figure>\n\n\n\n<figure class=\"wp-block-image size-large\"><img loading=\"lazy\" decoding=\"async\" width=\"2560\" height=\"1920\" data-id=\"1509\" src=\"https:\/\/castelbaiedesomme.com\/wp-content\/uploads\/2022\/03\/IMG_7644-scaled.jpg\" alt=\"\" class=\"wp-image-1509\" srcset=\"https:\/\/castelbaiedesomme.com\/wp-content\/uploads\/2022\/03\/IMG_7644-scaled.jpg 2560w, https:\/\/castelbaiedesomme.com\/wp-content\/uploads\/2022\/03\/IMG_7644-300x225.jpg 300w, https:\/\/castelbaiedesomme.com\/wp-content\/uploads\/2022\/03\/IMG_7644-1024x768.jpg 1024w, https:\/\/castelbaiedesomme.com\/wp-content\/uploads\/2022\/03\/IMG_7644-768x576.jpg 768w, https:\/\/castelbaiedesomme.com\/wp-content\/uploads\/2022\/03\/IMG_7644-1536x1152.jpg 1536w, https:\/\/castelbaiedesomme.com\/wp-content\/uploads\/2022\/03\/IMG_7644-2048x1536.jpg 2048w, https:\/\/castelbaiedesomme.com\/wp-content\/uploads\/2022\/03\/IMG_7644-16x12.jpg 16w, https:\/\/castelbaiedesomme.com\/wp-content\/uploads\/2022\/03\/IMG_7644-1600x1200.jpg 1600w\" sizes=\"auto, (max-width: 2560px) 100vw, 2560px\" \/><\/figure>\n\n\n\n<figure class=\"wp-block-image size-large\"><img loading=\"lazy\" decoding=\"async\" width=\"1920\" height=\"2560\" data-id=\"1511\" src=\"https:\/\/castelbaiedesomme.com\/wp-content\/uploads\/2022\/03\/IMG_7646-scaled.jpg\" alt=\"\" class=\"wp-image-1511\" srcset=\"https:\/\/castelbaiedesomme.com\/wp-content\/uploads\/2022\/03\/IMG_7646-scaled.jpg 1920w, https:\/\/castelbaiedesomme.com\/wp-content\/uploads\/2022\/03\/IMG_7646-225x300.jpg 225w, https:\/\/castelbaiedesomme.com\/wp-content\/uploads\/2022\/03\/IMG_7646-768x1024.jpg 768w, https:\/\/castelbaiedesomme.com\/wp-content\/uploads\/2022\/03\/IMG_7646-1152x1536.jpg 1152w, https:\/\/castelbaiedesomme.com\/wp-content\/uploads\/2022\/03\/IMG_7646-1536x2048.jpg 1536w, https:\/\/castelbaiedesomme.com\/wp-content\/uploads\/2022\/03\/IMG_7646-9x12.jpg 9w, https:\/\/castelbaiedesomme.com\/wp-content\/uploads\/2022\/03\/IMG_7646-1600x2133.jpg 1600w\" sizes=\"auto, (max-width: 1920px) 100vw, 1920px\" \/><\/figure>\n\n\n\n<figure class=\"wp-block-image size-large\"><img loading=\"lazy\" decoding=\"async\" width=\"480\" height=\"480\" data-id=\"1355\" src=\"https:\/\/castelbaiedesomme.com\/wp-content\/uploads\/2022\/03\/Table-petit-dejeuner-7-.jpeg\" alt=\"\" class=\"wp-image-1355\" srcset=\"https:\/\/castelbaiedesomme.com\/wp-content\/uploads\/2022\/03\/Table-petit-dejeuner-7-.jpeg 480w, https:\/\/castelbaiedesomme.com\/wp-content\/uploads\/2022\/03\/Table-petit-dejeuner-7--300x300.jpeg 300w, https:\/\/castelbaiedesomme.com\/wp-content\/uploads\/2022\/03\/Table-petit-dejeuner-7--150x150.jpeg 150w, https:\/\/castelbaiedesomme.com\/wp-content\/uploads\/2022\/03\/Table-petit-dejeuner-7--12x12.jpeg 12w\" sizes=\"auto, (max-width: 480px) 100vw, 480px\" \/><\/figure>\n\n\n\n<figure class=\"wp-block-image size-large\"><img loading=\"lazy\" decoding=\"async\" width=\"640\" height=\"480\" data-id=\"1351\" src=\"https:\/\/castelbaiedesomme.com\/wp-content\/uploads\/2022\/03\/Table-petit-dejeuner-3-.jpeg\" alt=\"\" class=\"wp-image-1351\" srcset=\"https:\/\/castelbaiedesomme.com\/wp-content\/uploads\/2022\/03\/Table-petit-dejeuner-3-.jpeg 640w, https:\/\/castelbaiedesomme.com\/wp-content\/uploads\/2022\/03\/Table-petit-dejeuner-3--300x225.jpeg 300w, https:\/\/castelbaiedesomme.com\/wp-content\/uploads\/2022\/03\/Table-petit-dejeuner-3--16x12.jpeg 16w\" sizes=\"auto, (max-width: 640px) 100vw, 640px\" \/><\/figure>\n\n\n\n<figure class=\"wp-block-image size-large\"><img loading=\"lazy\" decoding=\"async\" width=\"480\" height=\"480\" data-id=\"1352\" src=\"https:\/\/castelbaiedesomme.com\/wp-content\/uploads\/2022\/03\/Table-petit-dejeuner-4-.jpeg\" alt=\"\" class=\"wp-image-1352\" srcset=\"https:\/\/castelbaiedesomme.com\/wp-content\/uploads\/2022\/03\/Table-petit-dejeuner-4-.jpeg 480w, https:\/\/castelbaiedesomme.com\/wp-content\/uploads\/2022\/03\/Table-petit-dejeuner-4--300x300.jpeg 300w, https:\/\/castelbaiedesomme.com\/wp-content\/uploads\/2022\/03\/Table-petit-dejeuner-4--150x150.jpeg 150w, https:\/\/castelbaiedesomme.com\/wp-content\/uploads\/2022\/03\/Table-petit-dejeuner-4--12x12.jpeg 12w\" sizes=\"auto, (max-width: 480px) 100vw, 480px\" \/><\/figure>\n\n\n\n<figure class=\"wp-block-image size-large\"><img loading=\"lazy\" decoding=\"async\" width=\"1920\" height=\"2560\" data-id=\"1510\" src=\"https:\/\/castelbaiedesomme.com\/wp-content\/uploads\/2022\/03\/IMG_7645-scaled.jpg\" alt=\"\" class=\"wp-image-1510\" srcset=\"https:\/\/castelbaiedesomme.com\/wp-content\/uploads\/2022\/03\/IMG_7645-scaled.jpg 1920w, https:\/\/castelbaiedesomme.com\/wp-content\/uploads\/2022\/03\/IMG_7645-225x300.jpg 225w, https:\/\/castelbaiedesomme.com\/wp-content\/uploads\/2022\/03\/IMG_7645-768x1024.jpg 768w, https:\/\/castelbaiedesomme.com\/wp-content\/uploads\/2022\/03\/IMG_7645-1152x1536.jpg 1152w, https:\/\/castelbaiedesomme.com\/wp-content\/uploads\/2022\/03\/IMG_7645-1536x2048.jpg 1536w, https:\/\/castelbaiedesomme.com\/wp-content\/uploads\/2022\/03\/IMG_7645-9x12.jpg 9w, https:\/\/castelbaiedesomme.com\/wp-content\/uploads\/2022\/03\/IMG_7645-1600x2133.jpg 1600w\" sizes=\"auto, (max-width: 1920px) 100vw, 1920px\" \/><\/figure>\n\n\n\n<figure class=\"wp-block-image size-large\"><img loading=\"lazy\" decoding=\"async\" width=\"480\" height=\"640\" data-id=\"1349\" src=\"https:\/\/castelbaiedesomme.com\/wp-content\/uploads\/2022\/03\/Table-petit-dejeuner-.jpeg\" alt=\"\" class=\"wp-image-1349\" srcset=\"https:\/\/castelbaiedesomme.com\/wp-content\/uploads\/2022\/03\/Table-petit-dejeuner-.jpeg 480w, https:\/\/castelbaiedesomme.com\/wp-content\/uploads\/2022\/03\/Table-petit-dejeuner--225x300.jpeg 225w, https:\/\/castelbaiedesomme.com\/wp-content\/uploads\/2022\/03\/Table-petit-dejeuner--9x12.jpeg 9w\" sizes=\"auto, (max-width: 480px) 100vw, 480px\" \/><\/figure>\n\n\n\n<figure class=\"wp-block-image size-large\"><img loading=\"lazy\" decoding=\"async\" width=\"480\" height=\"480\" data-id=\"1350\" src=\"https:\/\/castelbaiedesomme.com\/wp-content\/uploads\/2022\/03\/Table-petit-dejeuner-2-.jpeg\" alt=\"\" class=\"wp-image-1350\" srcset=\"https:\/\/castelbaiedesomme.com\/wp-content\/uploads\/2022\/03\/Table-petit-dejeuner-2-.jpeg 480w, https:\/\/castelbaiedesomme.com\/wp-content\/uploads\/2022\/03\/Table-petit-dejeuner-2--300x300.jpeg 300w, https:\/\/castelbaiedesomme.com\/wp-content\/uploads\/2022\/03\/Table-petit-dejeuner-2--150x150.jpeg 150w, https:\/\/castelbaiedesomme.com\/wp-content\/uploads\/2022\/03\/Table-petit-dejeuner-2--12x12.jpeg 12w\" sizes=\"auto, (max-width: 480px) 100vw, 480px\" \/><\/figure>\n\n\n\n<figure class=\"wp-block-image size-large\"><img loading=\"lazy\" decoding=\"async\" width=\"1920\" height=\"2560\" data-id=\"1505\" src=\"https:\/\/castelbaiedesomme.com\/wp-content\/uploads\/2022\/03\/IMG_7296-scaled.jpg\" alt=\"\" class=\"wp-image-1505\" srcset=\"https:\/\/castelbaiedesomme.com\/wp-content\/uploads\/2022\/03\/IMG_7296-scaled.jpg 1920w, https:\/\/castelbaiedesomme.com\/wp-content\/uploads\/2022\/03\/IMG_7296-225x300.jpg 225w, https:\/\/castelbaiedesomme.com\/wp-content\/uploads\/2022\/03\/IMG_7296-768x1024.jpg 768w, https:\/\/castelbaiedesomme.com\/wp-content\/uploads\/2022\/03\/IMG_7296-1152x1536.jpg 1152w, https:\/\/castelbaiedesomme.com\/wp-content\/uploads\/2022\/03\/IMG_7296-1536x2048.jpg 1536w, https:\/\/castelbaiedesomme.com\/wp-content\/uploads\/2022\/03\/IMG_7296-9x12.jpg 9w, https:\/\/castelbaiedesomme.com\/wp-content\/uploads\/2022\/03\/IMG_7296-1600x2133.jpg 1600w\" sizes=\"auto, (max-width: 1920px) 100vw, 1920px\" \/><\/figure>\n\n\n\n<figure class=\"wp-block-image size-large\"><img loading=\"lazy\" decoding=\"async\" width=\"480\" height=\"480\" data-id=\"1565\" src=\"https:\/\/castelbaiedesomme.com\/wp-content\/uploads\/2022\/03\/Petit-dejeuner-en-famille.-jpg.jpeg\" alt=\"\" class=\"wp-image-1565\" srcset=\"https:\/\/castelbaiedesomme.com\/wp-content\/uploads\/2022\/03\/Petit-dejeuner-en-famille.-jpg.jpeg 480w, https:\/\/castelbaiedesomme.com\/wp-content\/uploads\/2022\/03\/Petit-dejeuner-en-famille.-jpg-300x300.jpeg 300w, https:\/\/castelbaiedesomme.com\/wp-content\/uploads\/2022\/03\/Petit-dejeuner-en-famille.-jpg-150x150.jpeg 150w, https:\/\/castelbaiedesomme.com\/wp-content\/uploads\/2022\/03\/Petit-dejeuner-en-famille.-jpg-12x12.jpeg 12w\" sizes=\"auto, (max-width: 480px) 100vw, 480px\" \/><\/figure>\n\n\n\n<figure class=\"wp-block-image size-large\"><img loading=\"lazy\" decoding=\"async\" width=\"480\" height=\"480\" data-id=\"1564\" src=\"https:\/\/castelbaiedesomme.com\/wp-content\/uploads\/2022\/03\/Petit-dejeuner-en-famille-3-.jpeg\" alt=\"\" class=\"wp-image-1564\" srcset=\"https:\/\/castelbaiedesomme.com\/wp-content\/uploads\/2022\/03\/Petit-dejeuner-en-famille-3-.jpeg 480w, https:\/\/castelbaiedesomme.com\/wp-content\/uploads\/2022\/03\/Petit-dejeuner-en-famille-3--300x300.jpeg 300w, https:\/\/castelbaiedesomme.com\/wp-content\/uploads\/2022\/03\/Petit-dejeuner-en-famille-3--150x150.jpeg 150w, https:\/\/castelbaiedesomme.com\/wp-content\/uploads\/2022\/03\/Petit-dejeuner-en-famille-3--12x12.jpeg 12w\" sizes=\"auto, (max-width: 480px) 100vw, 480px\" \/><\/figure>\n\n\n\n<figure class=\"wp-block-image size-large\"><img loading=\"lazy\" decoding=\"async\" width=\"480\" height=\"480\" data-id=\"1563\" src=\"https:\/\/castelbaiedesomme.com\/wp-content\/uploads\/2022\/03\/Petit-dejeuner-en-famille-2-.jpeg\" alt=\"\" class=\"wp-image-1563\" srcset=\"https:\/\/castelbaiedesomme.com\/wp-content\/uploads\/2022\/03\/Petit-dejeuner-en-famille-2-.jpeg 480w, https:\/\/castelbaiedesomme.com\/wp-content\/uploads\/2022\/03\/Petit-dejeuner-en-famille-2--300x300.jpeg 300w, https:\/\/castelbaiedesomme.com\/wp-content\/uploads\/2022\/03\/Petit-dejeuner-en-famille-2--150x150.jpeg 150w, https:\/\/castelbaiedesomme.com\/wp-content\/uploads\/2022\/03\/Petit-dejeuner-en-famille-2--12x12.jpeg 12w\" sizes=\"auto, (max-width: 480px) 100vw, 480px\" \/><\/figure>\n<\/figure>\n\n\n\n<div style=\"height:50px\" aria-hidden=\"true\" class=\"wp-block-spacer\"><\/div>","protected":false},"excerpt":{"rendered":"<p>Les horaires et lieux. Le petit- d\u00e9jeuner est servi, chaque matin, de 9h \u00e0 10h dans la salle \u00e0 manger.&nbsp; Pendant la saison estivale, il peut \u00eatre \u00e9galement propos\u00e9 sur la terrasse, selon la m\u00e9t\u00e9o. En fonction de vos engagements avec un \u00ab&nbsp;guide nature&nbsp;\u00bb, pour une travers\u00e9e de la Baie \u00e0 pieds, d\u2019une promenade en [&hellip;]<\/p>\n","protected":false},"author":2,"featured_media":0,"parent":0,"menu_order":0,"comment_status":"closed","ping_status":"closed","template":"","meta":{"_uag_custom_page_level_css":"","footnotes":""},"class_list":["post-898","page","type-page","status-publish","hentry"],"acf":[],"uagb_featured_image_src":{"full":false,"thumbnail":false,"medium":false,"medium_large":false,"large":false,"1536x1536":false,"2048x2048":false,"trp-custom-language-flag":false,"hero-image":false},"uagb_author_info":{"display_name":"Isabella Ravizza","author_link":"https:\/\/castelbaiedesomme.com\/en\/author\/isabella\/"},"uagb_comment_info":0,"uagb_excerpt":"Les horaires et lieux. Le petit- d\u00e9jeuner est servi, chaque matin, de 9h \u00e0 10h dans la salle \u00e0 manger.&nbsp; Pendant la saison estivale, il peut \u00eatre \u00e9galement propos\u00e9 sur la terrasse, selon la m\u00e9t\u00e9o. En fonction de vos engagements avec un \u00ab&nbsp;guide nature&nbsp;\u00bb, pour une travers\u00e9e de la Baie \u00e0 pieds, d\u2019une promenade en&hellip;","_links":{"self":[{"href":"https:\/\/castelbaiedesomme.com\/en\/wp-json\/wp\/v2\/pages\/898","targetHints":{"allow":["GET"]}}],"collection":[{"href":"https:\/\/castelbaiedesomme.com\/en\/wp-json\/wp\/v2\/pages"}],"about":[{"href":"https:\/\/castelbaiedesomme.com\/en\/wp-json\/wp\/v2\/types\/page"}],"author":[{"embeddable":true,"href":"https:\/\/castelbaiedesomme.com\/en\/wp-json\/wp\/v2\/users\/2"}],"replies":[{"embeddable":true,"href":"https:\/\/castelbaiedesomme.com\/en\/wp-json\/wp\/v2\/comments?post=898"}],"version-history":[{"count":15,"href":"https:\/\/castelbaiedesomme.com\/en\/wp-json\/wp\/v2\/pages\/898\/revisions"}],"predecessor-version":[{"id":2426,"href":"https:\/\/castelbaiedesomme.com\/en\/wp-json\/wp\/v2\/pages\/898\/revisions\/2426"}],"wp:attachment":[{"href":"https:\/\/castelbaiedesomme.com\/en\/wp-json\/wp\/v2\/media?parent=898"}],"curies":[{"name":"wp","href":"https:\/\/api.w.org\/{rel}","templated":true}]}}