{"id":908,"date":"2022-02-04T10:26:27","date_gmt":"2022-02-04T10:26:27","guid":{"rendered":"https:\/\/castelbaiedesomme.com\/?page_id=908"},"modified":"2025-01-31T14:32:09","modified_gmt":"2025-01-31T14:32:09","slug":"le-gouter","status":"publish","type":"page","link":"https:\/\/castelbaiedesomme.com\/en\/le-gouter\/","title":{"rendered":"Le Go\u00fbter"},"content":{"rendered":"<div class=\"wp-block-cover alignfull\" style=\"min-height:800px;aspect-ratio:unset;\"><span aria-hidden=\"true\" class=\"wp-block-cover__background has-background-dim-0 has-background-dim\"><\/span><img loading=\"lazy\" decoding=\"async\" width=\"2448\" height=\"2448\" class=\"wp-block-cover__image-background wp-image-1367\" alt=\"\" src=\"https:\/\/castelbaiedesomme.com\/wp-content\/uploads\/2022\/03\/Gouter-personnalise.jpg\" data-object-fit=\"cover\" srcset=\"https:\/\/castelbaiedesomme.com\/wp-content\/uploads\/2022\/03\/Gouter-personnalise.jpg 2448w, https:\/\/castelbaiedesomme.com\/wp-content\/uploads\/2022\/03\/Gouter-personnalise-300x300.jpg 300w, https:\/\/castelbaiedesomme.com\/wp-content\/uploads\/2022\/03\/Gouter-personnalise-1024x1024.jpg 1024w, https:\/\/castelbaiedesomme.com\/wp-content\/uploads\/2022\/03\/Gouter-personnalise-150x150.jpg 150w, https:\/\/castelbaiedesomme.com\/wp-content\/uploads\/2022\/03\/Gouter-personnalise-768x768.jpg 768w, https:\/\/castelbaiedesomme.com\/wp-content\/uploads\/2022\/03\/Gouter-personnalise-1536x1536.jpg 1536w, https:\/\/castelbaiedesomme.com\/wp-content\/uploads\/2022\/03\/Gouter-personnalise-2048x2048.jpg 2048w, https:\/\/castelbaiedesomme.com\/wp-content\/uploads\/2022\/03\/Gouter-personnalise-12x12.jpg 12w, https:\/\/castelbaiedesomme.com\/wp-content\/uploads\/2022\/03\/Gouter-personnalise-1600x1600.jpg 1600w\" sizes=\"auto, (max-width: 2448px) 100vw, 2448px\" \/><div class=\"wp-block-cover__inner-container is-layout-flow wp-block-cover-is-layout-flow\">\n<h2 class=\"wp-block-heading alignwide has-text-color\" id=\"le-gouter\" style=\"color:#f8f4e4;font-size:64px\">Le Go\u00fbter.<\/h2>\n\n\n\n<div class=\"wp-block-columns alignwide is-layout-flex wp-container-core-columns-is-layout-9d6595d7 wp-block-columns-is-layout-flex\">\n<div class=\"wp-block-column is-layout-flow wp-block-column-is-layout-flow\" style=\"flex-basis:55%\">\n<div style=\"height:330px\" aria-hidden=\"true\" class=\"wp-block-spacer\"><\/div>\n<\/div>\n\n\n\n<div class=\"wp-block-column is-layout-flow wp-block-column-is-layout-flow\"><\/div>\n<\/div>\n<\/div><\/div>\n\n\n\n<div style=\"height:100px\" aria-hidden=\"true\" class=\"wp-block-spacer\"><\/div>\n\n\n\n<p><strong>Times and places.<\/strong><\/p>\n\n\n\n<p>A buffet of fresh and dried fruit and homemade sweets will be waiting for you when you return from your walks, in the lounge, from 2pm.&nbsp;<\/p>\n\n\n\n<p>You will find something to refresh or warm you up according to the season, and discover the sweet recipes of the house.&nbsp;<\/p>\n\n\n\n<p>During the summer season, you can take your snacks into the garden and enjoy them in the sun or in the shade of one of the many trees in the park.<\/p>\n\n\n\n<p>Home is a place of sharing.&nbsp;<\/p>\n\n\n\n<p>In the living room, you will find a piano accessible to all travelling music lovers, current books, magazines and comics, but also older works, unearthed in nearby attics.<\/p>\n\n\n\n<p>At the end of the afternoon, the lounge is ready to welcome you back after your dinner in the city.<\/p>\n\n\n\n<div style=\"height:100px\" aria-hidden=\"true\" class=\"wp-block-spacer\"><\/div>\n\n\n\n<figure class=\"wp-block-gallery has-nested-images columns-default is-cropped wp-block-gallery-1 is-layout-flex wp-block-gallery-is-layout-flex\">\n<figure class=\"wp-block-image size-large\"><img loading=\"lazy\" decoding=\"async\" width=\"2448\" height=\"2448\" data-id=\"1365\" src=\"https:\/\/castelbaiedesomme.com\/wp-content\/uploads\/2022\/03\/1ere-partie-salon-autre-angle-.jpg\" alt=\"\" class=\"wp-image-1365\" srcset=\"https:\/\/castelbaiedesomme.com\/wp-content\/uploads\/2022\/03\/1ere-partie-salon-autre-angle-.jpg 2448w, https:\/\/castelbaiedesomme.com\/wp-content\/uploads\/2022\/03\/1ere-partie-salon-autre-angle--300x300.jpg 300w, https:\/\/castelbaiedesomme.com\/wp-content\/uploads\/2022\/03\/1ere-partie-salon-autre-angle--1024x1024.jpg 1024w, https:\/\/castelbaiedesomme.com\/wp-content\/uploads\/2022\/03\/1ere-partie-salon-autre-angle--150x150.jpg 150w, https:\/\/castelbaiedesomme.com\/wp-content\/uploads\/2022\/03\/1ere-partie-salon-autre-angle--768x768.jpg 768w, https:\/\/castelbaiedesomme.com\/wp-content\/uploads\/2022\/03\/1ere-partie-salon-autre-angle--1536x1536.jpg 1536w, https:\/\/castelbaiedesomme.com\/wp-content\/uploads\/2022\/03\/1ere-partie-salon-autre-angle--2048x2048.jpg 2048w, https:\/\/castelbaiedesomme.com\/wp-content\/uploads\/2022\/03\/1ere-partie-salon-autre-angle--12x12.jpg 12w, https:\/\/castelbaiedesomme.com\/wp-content\/uploads\/2022\/03\/1ere-partie-salon-autre-angle--1600x1600.jpg 1600w\" sizes=\"auto, (max-width: 2448px) 100vw, 2448px\" \/><\/figure>\n\n\n\n<figure class=\"wp-block-image size-large\"><img loading=\"lazy\" decoding=\"async\" width=\"2448\" height=\"2448\" data-id=\"1366\" src=\"https:\/\/castelbaiedesomme.com\/wp-content\/uploads\/2022\/03\/2eme-partie-salon-.jpg\" alt=\"\" class=\"wp-image-1366\" srcset=\"https:\/\/castelbaiedesomme.com\/wp-content\/uploads\/2022\/03\/2eme-partie-salon-.jpg 2448w, https:\/\/castelbaiedesomme.com\/wp-content\/uploads\/2022\/03\/2eme-partie-salon--300x300.jpg 300w, https:\/\/castelbaiedesomme.com\/wp-content\/uploads\/2022\/03\/2eme-partie-salon--1024x1024.jpg 1024w, https:\/\/castelbaiedesomme.com\/wp-content\/uploads\/2022\/03\/2eme-partie-salon--150x150.jpg 150w, https:\/\/castelbaiedesomme.com\/wp-content\/uploads\/2022\/03\/2eme-partie-salon--768x768.jpg 768w, https:\/\/castelbaiedesomme.com\/wp-content\/uploads\/2022\/03\/2eme-partie-salon--1536x1536.jpg 1536w, https:\/\/castelbaiedesomme.com\/wp-content\/uploads\/2022\/03\/2eme-partie-salon--2048x2048.jpg 2048w, https:\/\/castelbaiedesomme.com\/wp-content\/uploads\/2022\/03\/2eme-partie-salon--12x12.jpg 12w, https:\/\/castelbaiedesomme.com\/wp-content\/uploads\/2022\/03\/2eme-partie-salon--1600x1600.jpg 1600w\" sizes=\"auto, (max-width: 2448px) 100vw, 2448px\" \/><\/figure>\n\n\n\n<figure class=\"wp-block-image size-large\"><img loading=\"lazy\" decoding=\"async\" width=\"2448\" height=\"2448\" data-id=\"1367\" src=\"https:\/\/castelbaiedesomme.com\/wp-content\/uploads\/2022\/03\/Gouter-personnalise.jpg\" alt=\"\" class=\"wp-image-1367\" srcset=\"https:\/\/castelbaiedesomme.com\/wp-content\/uploads\/2022\/03\/Gouter-personnalise.jpg 2448w, https:\/\/castelbaiedesomme.com\/wp-content\/uploads\/2022\/03\/Gouter-personnalise-300x300.jpg 300w, https:\/\/castelbaiedesomme.com\/wp-content\/uploads\/2022\/03\/Gouter-personnalise-1024x1024.jpg 1024w, https:\/\/castelbaiedesomme.com\/wp-content\/uploads\/2022\/03\/Gouter-personnalise-150x150.jpg 150w, https:\/\/castelbaiedesomme.com\/wp-content\/uploads\/2022\/03\/Gouter-personnalise-768x768.jpg 768w, https:\/\/castelbaiedesomme.com\/wp-content\/uploads\/2022\/03\/Gouter-personnalise-1536x1536.jpg 1536w, https:\/\/castelbaiedesomme.com\/wp-content\/uploads\/2022\/03\/Gouter-personnalise-2048x2048.jpg 2048w, https:\/\/castelbaiedesomme.com\/wp-content\/uploads\/2022\/03\/Gouter-personnalise-12x12.jpg 12w, https:\/\/castelbaiedesomme.com\/wp-content\/uploads\/2022\/03\/Gouter-personnalise-1600x1600.jpg 1600w\" sizes=\"auto, (max-width: 2448px) 100vw, 2448px\" \/><\/figure>\n\n\n\n<figure class=\"wp-block-image size-large\"><img loading=\"lazy\" decoding=\"async\" width=\"2448\" height=\"2448\" data-id=\"1368\" src=\"https:\/\/castelbaiedesomme.com\/wp-content\/uploads\/2022\/03\/piano-a-queue.jpg\" alt=\"\" class=\"wp-image-1368\" srcset=\"https:\/\/castelbaiedesomme.com\/wp-content\/uploads\/2022\/03\/piano-a-queue.jpg 2448w, https:\/\/castelbaiedesomme.com\/wp-content\/uploads\/2022\/03\/piano-a-queue-300x300.jpg 300w, https:\/\/castelbaiedesomme.com\/wp-content\/uploads\/2022\/03\/piano-a-queue-1024x1024.jpg 1024w, https:\/\/castelbaiedesomme.com\/wp-content\/uploads\/2022\/03\/piano-a-queue-150x150.jpg 150w, https:\/\/castelbaiedesomme.com\/wp-content\/uploads\/2022\/03\/piano-a-queue-768x768.jpg 768w, https:\/\/castelbaiedesomme.com\/wp-content\/uploads\/2022\/03\/piano-a-queue-1536x1536.jpg 1536w, https:\/\/castelbaiedesomme.com\/wp-content\/uploads\/2022\/03\/piano-a-queue-2048x2048.jpg 2048w, https:\/\/castelbaiedesomme.com\/wp-content\/uploads\/2022\/03\/piano-a-queue-12x12.jpg 12w, https:\/\/castelbaiedesomme.com\/wp-content\/uploads\/2022\/03\/piano-a-queue-1600x1600.jpg 1600w\" sizes=\"auto, (max-width: 2448px) 100vw, 2448px\" \/><\/figure>\n\n\n\n<figure class=\"wp-block-image size-large\"><img loading=\"lazy\" decoding=\"async\" width=\"2448\" height=\"2448\" data-id=\"1369\" src=\"https:\/\/castelbaiedesomme.com\/wp-content\/uploads\/2022\/03\/Salon-autre-angle-.jpg\" alt=\"\" class=\"wp-image-1369\" srcset=\"https:\/\/castelbaiedesomme.com\/wp-content\/uploads\/2022\/03\/Salon-autre-angle-.jpg 2448w, https:\/\/castelbaiedesomme.com\/wp-content\/uploads\/2022\/03\/Salon-autre-angle--300x300.jpg 300w, https:\/\/castelbaiedesomme.com\/wp-content\/uploads\/2022\/03\/Salon-autre-angle--1024x1024.jpg 1024w, https:\/\/castelbaiedesomme.com\/wp-content\/uploads\/2022\/03\/Salon-autre-angle--150x150.jpg 150w, https:\/\/castelbaiedesomme.com\/wp-content\/uploads\/2022\/03\/Salon-autre-angle--768x768.jpg 768w, https:\/\/castelbaiedesomme.com\/wp-content\/uploads\/2022\/03\/Salon-autre-angle--1536x1536.jpg 1536w, https:\/\/castelbaiedesomme.com\/wp-content\/uploads\/2022\/03\/Salon-autre-angle--2048x2048.jpg 2048w, https:\/\/castelbaiedesomme.com\/wp-content\/uploads\/2022\/03\/Salon-autre-angle--12x12.jpg 12w, https:\/\/castelbaiedesomme.com\/wp-content\/uploads\/2022\/03\/Salon-autre-angle--1600x1600.jpg 1600w\" sizes=\"auto, (max-width: 2448px) 100vw, 2448px\" \/><\/figure>\n\n\n\n<figure class=\"wp-block-image size-large\"><img loading=\"lazy\" decoding=\"async\" width=\"2448\" height=\"2448\" data-id=\"1371\" src=\"https:\/\/castelbaiedesomme.com\/wp-content\/uploads\/2022\/03\/Salon.jpg\" alt=\"\" class=\"wp-image-1371\" srcset=\"https:\/\/castelbaiedesomme.com\/wp-content\/uploads\/2022\/03\/Salon.jpg 2448w, https:\/\/castelbaiedesomme.com\/wp-content\/uploads\/2022\/03\/Salon-300x300.jpg 300w, https:\/\/castelbaiedesomme.com\/wp-content\/uploads\/2022\/03\/Salon-1024x1024.jpg 1024w, https:\/\/castelbaiedesomme.com\/wp-content\/uploads\/2022\/03\/Salon-150x150.jpg 150w, https:\/\/castelbaiedesomme.com\/wp-content\/uploads\/2022\/03\/Salon-768x768.jpg 768w, https:\/\/castelbaiedesomme.com\/wp-content\/uploads\/2022\/03\/Salon-1536x1536.jpg 1536w, https:\/\/castelbaiedesomme.com\/wp-content\/uploads\/2022\/03\/Salon-2048x2048.jpg 2048w, https:\/\/castelbaiedesomme.com\/wp-content\/uploads\/2022\/03\/Salon-12x12.jpg 12w, https:\/\/castelbaiedesomme.com\/wp-content\/uploads\/2022\/03\/Salon-1600x1600.jpg 1600w\" sizes=\"auto, (max-width: 2448px) 100vw, 2448px\" \/><\/figure>\n\n\n\n<figure class=\"wp-block-image size-large\"><img loading=\"lazy\" decoding=\"async\" width=\"1024\" height=\"768\" data-id=\"2338\" src=\"https:\/\/castelbaiedesomme.com\/wp-content\/uploads\/2022\/04\/b7fad399-fa95-4c03-baee-958d54b6becd.jpg\" alt=\"\" class=\"wp-image-2338\" srcset=\"https:\/\/castelbaiedesomme.com\/wp-content\/uploads\/2022\/04\/b7fad399-fa95-4c03-baee-958d54b6becd.jpg 1024w, https:\/\/castelbaiedesomme.com\/wp-content\/uploads\/2022\/04\/b7fad399-fa95-4c03-baee-958d54b6becd-300x225.jpg 300w, https:\/\/castelbaiedesomme.com\/wp-content\/uploads\/2022\/04\/b7fad399-fa95-4c03-baee-958d54b6becd-768x576.jpg 768w, https:\/\/castelbaiedesomme.com\/wp-content\/uploads\/2022\/04\/b7fad399-fa95-4c03-baee-958d54b6becd-16x12.jpg 16w\" sizes=\"auto, (max-width: 1024px) 100vw, 1024px\" \/><\/figure>\n\n\n\n<figure class=\"wp-block-image size-large\"><img loading=\"lazy\" decoding=\"async\" width=\"1024\" height=\"1024\" data-id=\"2340\" src=\"https:\/\/castelbaiedesomme.com\/wp-content\/uploads\/2022\/04\/ef7c8311-7c2b-43b5-b9b0-05174190db04-1024x1024.jpg\" alt=\"\" class=\"wp-image-2340\" srcset=\"https:\/\/castelbaiedesomme.com\/wp-content\/uploads\/2022\/04\/ef7c8311-7c2b-43b5-b9b0-05174190db04.jpg 1024w, https:\/\/castelbaiedesomme.com\/wp-content\/uploads\/2022\/04\/ef7c8311-7c2b-43b5-b9b0-05174190db04-300x300.jpg 300w, https:\/\/castelbaiedesomme.com\/wp-content\/uploads\/2022\/04\/ef7c8311-7c2b-43b5-b9b0-05174190db04-150x150.jpg 150w, https:\/\/castelbaiedesomme.com\/wp-content\/uploads\/2022\/04\/ef7c8311-7c2b-43b5-b9b0-05174190db04-768x768.jpg 768w, https:\/\/castelbaiedesomme.com\/wp-content\/uploads\/2022\/04\/ef7c8311-7c2b-43b5-b9b0-05174190db04-12x12.jpg 12w\" sizes=\"auto, (max-width: 1024px) 100vw, 1024px\" \/><\/figure>\n<\/figure>\n\n\n\n<div style=\"height:50px\" aria-hidden=\"true\" class=\"wp-block-spacer\"><\/div>","protected":false},"excerpt":{"rendered":"<p>Les horaires et lieux. Un buffet de fruits frais et secs, de sucreries maison vous attendra aux retours de vos promenades, dans le salon, \u00e0 compter de 14h.&nbsp; Vous y retrouverez de quoi vous rafraichir ou r\u00e9chauffer selon la saison, et d\u00e9couvrirez les recettes sucr\u00e9es de la maison.&nbsp; Pendant la saison estivale, vous pourrez emporter [&hellip;]<\/p>\n","protected":false},"author":2,"featured_media":0,"parent":0,"menu_order":0,"comment_status":"closed","ping_status":"closed","template":"","meta":{"_uag_custom_page_level_css":"","footnotes":""},"class_list":["post-908","page","type-page","status-publish","hentry"],"acf":[],"uagb_featured_image_src":{"full":false,"thumbnail":false,"medium":false,"medium_large":false,"large":false,"1536x1536":false,"2048x2048":false,"trp-custom-language-flag":false,"hero-image":false},"uagb_author_info":{"display_name":"Isabella Ravizza","author_link":"https:\/\/castelbaiedesomme.com\/en\/author\/isabella\/"},"uagb_comment_info":0,"uagb_excerpt":"Les horaires et lieux. Un buffet de fruits frais et secs, de sucreries maison vous attendra aux retours de vos promenades, dans le salon, \u00e0 compter de 14h.&nbsp; Vous y retrouverez de quoi vous rafraichir ou r\u00e9chauffer selon la saison, et d\u00e9couvrirez les recettes sucr\u00e9es de la maison.&nbsp; Pendant la saison estivale, vous pourrez emporter&hellip;","_links":{"self":[{"href":"https:\/\/castelbaiedesomme.com\/en\/wp-json\/wp\/v2\/pages\/908","targetHints":{"allow":["GET"]}}],"collection":[{"href":"https:\/\/castelbaiedesomme.com\/en\/wp-json\/wp\/v2\/pages"}],"about":[{"href":"https:\/\/castelbaiedesomme.com\/en\/wp-json\/wp\/v2\/types\/page"}],"author":[{"embeddable":true,"href":"https:\/\/castelbaiedesomme.com\/en\/wp-json\/wp\/v2\/users\/2"}],"replies":[{"embeddable":true,"href":"https:\/\/castelbaiedesomme.com\/en\/wp-json\/wp\/v2\/comments?post=908"}],"version-history":[{"count":10,"href":"https:\/\/castelbaiedesomme.com\/en\/wp-json\/wp\/v2\/pages\/908\/revisions"}],"predecessor-version":[{"id":2427,"href":"https:\/\/castelbaiedesomme.com\/en\/wp-json\/wp\/v2\/pages\/908\/revisions\/2427"}],"wp:attachment":[{"href":"https:\/\/castelbaiedesomme.com\/en\/wp-json\/wp\/v2\/media?parent=908"}],"curies":[{"name":"wp","href":"https:\/\/api.w.org\/{rel}","templated":true}]}}